{"id":986,"date":"2021-12-08T09:42:37","date_gmt":"2021-12-08T08:42:37","guid":{"rendered":"https:\/\/bjorkstadenstrafikskola.com\/?page_id=986"},"modified":"2022-03-31T15:48:17","modified_gmt":"2022-03-31T13:48:17","slug":"terms-and-conditions","status":"publish","type":"page","link":"https:\/\/bjorkstadenstrafikskola.com\/en\/terms-and-conditions\/","title":{"rendered":"Payment Terms"},"content":{"rendered":"<div data-elementor-type=\"wp-page\" data-elementor-id=\"986\" class=\"elementor elementor-986\" data-elementor-post-type=\"page\">\n\t\t\t\t\t\t<section class=\"elementor-section elementor-top-section elementor-element elementor-element-574549a7 elementor-section-height-min-height elementor-section-boxed elementor-section-height-default elementor-section-items-middle\" data-id=\"574549a7\" data-element_type=\"section\" data-settings=\"{&quot;background_background&quot;:&quot;classic&quot;}\">\n\t\t\t\t\t\t\t<div class=\"elementor-background-overlay\"><\/div>\n\t\t\t\t\t\t\t<div class=\"elementor-container elementor-column-gap-default\">\n\t\t\t\t\t<div class=\"elementor-column elementor-col-100 elementor-top-column elementor-element elementor-element-209dddf7\" data-id=\"209dddf7\" data-element_type=\"column\">\n\t\t\t<div class=\"elementor-widget-wrap elementor-element-populated\">\n\t\t\t\t\t\t<div class=\"elementor-element elementor-element-19134b13 elementor-widget elementor-widget-heading\" data-id=\"19134b13\" data-element_type=\"widget\" data-widget_type=\"heading.default\">\n\t\t\t\t<div class=\"elementor-widget-container\">\n\t\t\t\t\t<h1 class=\"elementor-heading-title elementor-size-default\">Payment Terms<\/h1>\t\t\t\t<\/div>\n\t\t\t\t<\/div>\n\t\t\t\t\t<\/div>\n\t\t<\/div>\n\t\t\t\t\t<\/div>\n\t\t<\/section>\n\t\t\t\t<section class=\"elementor-section elementor-top-section elementor-element elementor-element-61e31ffb elementor-section-content-middle elementor-section-boxed elementor-section-height-default elementor-section-height-default\" data-id=\"61e31ffb\" data-element_type=\"section\">\n\t\t\t\t\t\t<div class=\"elementor-container elementor-column-gap-default\">\n\t\t\t\t\t<div class=\"elementor-column elementor-col-100 elementor-top-column elementor-element elementor-element-6c026df0\" data-id=\"6c026df0\" data-element_type=\"column\">\n\t\t\t<div class=\"elementor-widget-wrap elementor-element-populated\">\n\t\t\t\t\t\t<div class=\"elementor-element elementor-element-69a1dc1 elementor-widget elementor-widget-text-editor\" data-id=\"69a1dc1\" data-element_type=\"widget\" data-widget_type=\"text-editor.default\">\n\t\t\t\t<div class=\"elementor-widget-container\">\n\t\t\t\t\t\t\t\t\t<h2><strong>Language requirements for Swedish courses<\/strong><\/h2><p>When you enrol on a course, you also agree to be able to speak and understand Swedish and to be able to express yourself orally and in writing without an interpreter. No refunds will be given unless cancelled 48 hours before the start of the course.\u00a0<\/p>\t\t\t\t\t\t\t\t<\/div>\n\t\t\t\t<\/div>\n\t\t\t\t<div class=\"elementor-element elementor-element-a5c17d8 elementor-widget elementor-widget-text-editor\" data-id=\"a5c17d8\" data-element_type=\"widget\" data-widget_type=\"text-editor.default\">\n\t\t\t\t<div class=\"elementor-widget-container\">\n\t\t\t\t\t\t\t\t\t<h2>Language requirements for English courses<\/h2><p>When you register for a course, you also agree to be able to speak and understand English and you should also be able to express yourself orally and in writing without an interpreter. No money will be refunded unless a cancellation is submitted 48 hours before the start of the course.<\/p>\t\t\t\t\t\t\t\t<\/div>\n\t\t\t\t<\/div>\n\t\t\t\t<div class=\"elementor-element elementor-element-3e1d9f4d elementor-widget elementor-widget-text-editor\" data-id=\"3e1d9f4d\" data-element_type=\"widget\" data-widget_type=\"text-editor.default\">\n\t\t\t\t<div class=\"elementor-widget-container\">\n\t\t\t\t\t\t\t\t\t<h2><strong>Guarantees on services<\/strong><\/h2><p>Once paid, we guarantee that you will receive the training or service that we promised to provide. In the event of illness or other obstacle, we will get back to you with a new appointment.<\/p>\t\t\t\t\t\t\t\t<\/div>\n\t\t\t\t<\/div>\n\t\t\t\t<div class=\"elementor-element elementor-element-3750725 elementor-widget elementor-widget-text-editor\" data-id=\"3750725\" data-element_type=\"widget\" data-widget_type=\"text-editor.default\">\n\t\t\t\t<div class=\"elementor-widget-container\">\n\t\t\t\t\t\t\t\t\t<h2><strong>Return and complaint procedures<\/strong><\/h2>\nIf a product or service is faulty, incorrectly dispatched or damaged in transit, you must contact us as soon as possible as, under the Consumer Sales Act and the Consumer Services Act, you must make a complaint within a reasonable time of discovering the fault. Furthermore, according to these laws, as a general rule, complaints can never be made later than three years after the goods have been received or the service has been completed.\t\t\t\t\t\t\t\t<\/div>\n\t\t\t\t<\/div>\n\t\t\t\t<div class=\"elementor-element elementor-element-205834c elementor-widget elementor-widget-text-editor\" data-id=\"205834c\" data-element_type=\"widget\" data-widget_type=\"text-editor.default\">\n\t\t\t\t<div class=\"elementor-widget-container\">\n\t\t\t\t\t\t\t\t\t<h2><strong>14 days right of cancellation<\/strong><\/h2><p>According to the Distance Contracts Act, the payer has a 14-day right of cancellation. However, the right of cancellation must be used 48 hours before the purchased training event (course, service or lesson at a specific time) is due to take place.<\/p>\t\t\t\t\t\t\t\t<\/div>\n\t\t\t\t<\/div>\n\t\t\t\t<div class=\"elementor-element elementor-element-5ccab15 elementor-widget elementor-widget-text-editor\" data-id=\"5ccab15\" data-element_type=\"widget\" data-widget_type=\"text-editor.default\">\n\t\t\t\t<div class=\"elementor-widget-container\">\n\t\t\t\t\t\t\t\t\t<h2><strong>Delivery times &amp; logistics linked to service delivery<\/strong><\/h2>\n<p>We at Bj\u00f6rkstadens Trafikskola undertake to notify the customer directly via automatic response after ordering or via e-mail or telephone to notify the customer of the time when the service or course will be carried out. There should therefore be no doubt when the service, course or lesson will be carried out.<\/p>\t\t\t\t\t\t\t\t<\/div>\n\t\t\t\t<\/div>\n\t\t\t\t<div class=\"elementor-element elementor-element-5ff5318 elementor-widget elementor-widget-text-editor\" data-id=\"5ff5318\" data-element_type=\"widget\" data-widget_type=\"text-editor.default\">\n\t\t\t\t<div class=\"elementor-widget-container\">\n\t\t\t\t\t\t\t\t\t<h2><strong>Rules on complaints<\/strong><\/h2><p>We at Bj\u00f6rkstadens Trafikskola undertake to offer and deliver services, courses and lessons in accordance with current Swedish law and the Swedish Transport Agency's statutes to achieve the customer's objectives. The customer waives the right to complain about a consumed service if it is consumed and cannot request compensation afterwards. Any claim must be made 48 hours before the start of the course (or when the service is to be consumed) for a refund. The reason for this is that we have a fixed number of places for each course\/lesson and if a cancellation comes in too close, it is not possible to fill the classes or book a replacement lesson.<\/p>\t\t\t\t\t\t\t\t<\/div>\n\t\t\t\t<\/div>\n\t\t\t\t<div class=\"elementor-element elementor-element-ef094fc elementor-widget elementor-widget-text-editor\" data-id=\"ef094fc\" data-element_type=\"widget\" data-widget_type=\"text-editor.default\">\n\t\t\t\t<div class=\"elementor-widget-container\">\n\t\t\t\t\t\t\t\t\t<h2><strong>Contact details for Bj\u00f6rkstadens Trafikskola<\/strong><\/h2>\n<div dir=\"auto\"><\/div>\n<div dir=\"auto\">Berghems traffic school AB<\/div>\n<div dir=\"auto\">559237-6890<\/div>\n<br>\nPostal and Visiting Address:\n<br>\nAxtorpsv\u00e4gen 5A\n<br>903 37 Ume\u00e5, Sweden\t\t\t\t\t\t\t\t<\/div>\n\t\t\t\t<\/div>\n\t\t\t\t\t<\/div>\n\t\t<\/div>\n\t\t\t\t\t<\/div>\n\t\t<\/section>\n\t\t\t\t<\/div>","protected":false},"excerpt":{"rendered":"<p>Payment terms Language requirements for Swedish courses When you enrol on a course, you also agree to be able to speak and understand Swedish and to be able to express yourself orally and in writing without an interpreter. No refunds will be given unless a cancellation is made 48 hours before the start of the course.  Language requirements for English courses When you register [...]<\/p>","protected":false},"author":3,"featured_media":0,"parent":0,"menu_order":0,"comment_status":"closed","ping_status":"closed","template":"","meta":{"site-sidebar-layout":"no-sidebar","site-content-layout":"page-builder","ast-site-content-layout":"","site-content-style":"default","site-sidebar-style":"default","ast-global-header-display":"","ast-banner-title-visibility":"","ast-main-header-display":"","ast-hfb-above-header-display":"","ast-hfb-below-header-display":"","ast-hfb-mobile-header-display":"","site-post-title":"disabled","ast-breadcrumbs-content":"","ast-featured-img":"disabled","footer-sml-layout":"","theme-transparent-header-meta":"default","adv-header-id-meta":"","stick-header-meta":"","header-above-stick-meta":"","header-main-stick-meta":"","header-below-stick-meta":"","astra-migrate-meta-layouts":"default","ast-page-background-enabled":"default","ast-page-background-meta":{"desktop":{"background-color":"var(--ast-global-color-4)","background-image":"","background-repeat":"repeat","background-position":"center center","background-size":"auto","background-attachment":"scroll","background-type":"","background-media":"","overlay-type":"","overlay-color":"","overlay-opacity":"","overlay-gradient":""},"tablet":{"background-color":"","background-image":"","background-repeat":"repeat","background-position":"center center","background-size":"auto","background-attachment":"scroll","background-type":"","background-media":"","overlay-type":"","overlay-color":"","overlay-opacity":"","overlay-gradient":""},"mobile":{"background-color":"","background-image":"","background-repeat":"repeat","background-position":"center center","background-size":"auto","background-attachment":"scroll","background-type":"","background-media":"","overlay-type":"","overlay-color":"","overlay-opacity":"","overlay-gradient":""}},"ast-content-background-meta":{"desktop":{"background-color":"var(--ast-global-color-5)","background-image":"","background-repeat":"repeat","background-position":"center center","background-size":"auto","background-attachment":"scroll","background-type":"","background-media":"","overlay-type":"","overlay-color":"","overlay-opacity":"","overlay-gradient":""},"tablet":{"background-color":"var(--ast-global-color-5)","background-image":"","background-repeat":"repeat","background-position":"center center","background-size":"auto","background-attachment":"scroll","background-type":"","background-media":"","overlay-type":"","overlay-color":"","overlay-opacity":"","overlay-gradient":""},"mobile":{"background-color":"var(--ast-global-color-5)","background-image":"","background-repeat":"repeat","background-position":"center center","background-size":"auto","background-attachment":"scroll","background-type":"","background-media":"","overlay-type":"","overlay-color":"","overlay-opacity":"","overlay-gradient":""}},"footnotes":""},"class_list":["post-986","page","type-page","status-publish","hentry"],"yoast_head":"<!-- This site is optimized with the Yoast SEO plugin v26.0 - https:\/\/yoast.com\/wordpress\/plugins\/seo\/ -->\n<title>Betalningsvillkor - Bj\u00f6rkstadens Trafikskola<\/title>\n<meta name=\"description\" content=\"V\u00e5ra betalningsvillkor f\u00f6r t ex Swish och betalning online finner du p\u00e5 denna sida. V\u00e4lkommen att l\u00e4sa mer.\" \/>\n<meta name=\"robots\" content=\"index, follow, max-snippet:-1, max-image-preview:large, max-video-preview:-1\" \/>\n<link rel=\"canonical\" href=\"https:\/\/bjorkstadenstrafikskola.com\/en\/terms-and-conditions\/\" \/>\n<meta property=\"og:locale\" content=\"en_GB\" \/>\n<meta property=\"og:type\" content=\"article\" \/>\n<meta property=\"og:title\" content=\"Betalningsvillkor - Bj\u00f6rkstadens Trafikskola\" \/>\n<meta property=\"og:description\" content=\"V\u00e5ra betalningsvillkor f\u00f6r t ex Swish och betalning online finner du p\u00e5 denna sida. V\u00e4lkommen att l\u00e4sa mer.\" \/>\n<meta property=\"og:url\" content=\"https:\/\/bjorkstadenstrafikskola.com\/en\/terms-and-conditions\/\" \/>\n<meta property=\"og:site_name\" content=\"Bj\u00f6rkstadens Trafikskola\" \/>\n<meta property=\"article:modified_time\" content=\"2022-03-31T13:48:17+00:00\" \/>\n<meta name=\"twitter:card\" content=\"summary_large_image\" \/>\n<meta name=\"twitter:label1\" content=\"Estimated reading time\" \/>\n\t<meta name=\"twitter:data1\" content=\"3 minutes\" \/>\n<!-- \/ Yoast SEO plugin. -->","yoast_head_json":{"title":"Payment terms - Bj\u00f6rkstadens Trafikskola","description":"Our payment conditions for e.g. Swish and online payment can be found on this page. Welcome to read more.","robots":{"index":"index","follow":"follow","max-snippet":"max-snippet:-1","max-image-preview":"max-image-preview:large","max-video-preview":"max-video-preview:-1"},"canonical":"https:\/\/bjorkstadenstrafikskola.com\/en\/terms-and-conditions\/","og_locale":"en_GB","og_type":"article","og_title":"Betalningsvillkor - Bj\u00f6rkstadens Trafikskola","og_description":"V\u00e5ra betalningsvillkor f\u00f6r t ex Swish och betalning online finner du p\u00e5 denna sida. V\u00e4lkommen att l\u00e4sa mer.","og_url":"https:\/\/bjorkstadenstrafikskola.com\/en\/terms-and-conditions\/","og_site_name":"Bj\u00f6rkstadens Trafikskola","article_modified_time":"2022-03-31T13:48:17+00:00","twitter_card":"summary_large_image","twitter_misc":{"Estimated reading time":"3 minutes"},"schema":{"@context":"https:\/\/schema.org","@graph":[{"@type":"WebPage","@id":"https:\/\/bjorkstadenstrafikskola.com\/villkor\/","url":"https:\/\/bjorkstadenstrafikskola.com\/villkor\/","name":"Payment terms - Bj\u00f6rkstadens Trafikskola","isPartOf":{"@id":"https:\/\/bjorkstadenstrafikskola.com\/#website"},"datePublished":"2021-12-08T08:42:37+00:00","dateModified":"2022-03-31T13:48:17+00:00","description":"Our payment conditions for e.g. Swish and online payment can be found on this page. Welcome to read more.","breadcrumb":{"@id":"https:\/\/bjorkstadenstrafikskola.com\/villkor\/#breadcrumb"},"inLanguage":"en-GB","potentialAction":[{"@type":"ReadAction","target":["https:\/\/bjorkstadenstrafikskola.com\/villkor\/"]}]},{"@type":"BreadcrumbList","@id":"https:\/\/bjorkstadenstrafikskola.com\/villkor\/#breadcrumb","itemListElement":[{"@type":"ListItem","position":1,"name":"Hem","item":"https:\/\/bjorkstadenstrafikskola.com\/"},{"@type":"ListItem","position":2,"name":"Betalningsvillkor"}]},{"@type":"WebSite","@id":"https:\/\/bjorkstadenstrafikskola.com\/#website","url":"https:\/\/bjorkstadenstrafikskola.com\/","name":"Bj\u00f6rkstaden Driving School","description":"Personalised driving lessons in Ume\u00e5","publisher":{"@id":"https:\/\/bjorkstadenstrafikskola.com\/#organization"},"potentialAction":[{"@type":"SearchAction","target":{"@type":"EntryPoint","urlTemplate":"https:\/\/bjorkstadenstrafikskola.com\/?s={search_term_string}"},"query-input":{"@type":"PropertyValueSpecification","valueRequired":true,"valueName":"search_term_string"}}],"inLanguage":"en-GB"},{"@type":"Organization","@id":"https:\/\/bjorkstadenstrafikskola.com\/#organization","name":"Bj\u00f6rkstaden Driving School","url":"https:\/\/bjorkstadenstrafikskola.com\/","logo":{"@type":"ImageObject","inLanguage":"en-GB","@id":"https:\/\/bjorkstadenstrafikskola.com\/#\/schema\/logo\/image\/","url":"https:\/\/bjorkstadenstrafikskola.com\/wp-content\/uploads\/2021\/10\/transpetant-60px.png","contentUrl":"https:\/\/bjorkstadenstrafikskola.com\/wp-content\/uploads\/2021\/10\/transpetant-60px.png","width":283,"height":60,"caption":"Bj\u00f6rkstadens Trafikskola"},"image":{"@id":"https:\/\/bjorkstadenstrafikskola.com\/#\/schema\/logo\/image\/"}}]}},"_links":{"self":[{"href":"https:\/\/bjorkstadenstrafikskola.com\/en\/wp-json\/wp\/v2\/pages\/986","targetHints":{"allow":["GET"]}}],"collection":[{"href":"https:\/\/bjorkstadenstrafikskola.com\/en\/wp-json\/wp\/v2\/pages"}],"about":[{"href":"https:\/\/bjorkstadenstrafikskola.com\/en\/wp-json\/wp\/v2\/types\/page"}],"author":[{"embeddable":true,"href":"https:\/\/bjorkstadenstrafikskola.com\/en\/wp-json\/wp\/v2\/users\/3"}],"replies":[{"embeddable":true,"href":"https:\/\/bjorkstadenstrafikskola.com\/en\/wp-json\/wp\/v2\/comments?post=986"}],"version-history":[{"count":53,"href":"https:\/\/bjorkstadenstrafikskola.com\/en\/wp-json\/wp\/v2\/pages\/986\/revisions"}],"predecessor-version":[{"id":1252,"href":"https:\/\/bjorkstadenstrafikskola.com\/en\/wp-json\/wp\/v2\/pages\/986\/revisions\/1252"}],"wp:attachment":[{"href":"https:\/\/bjorkstadenstrafikskola.com\/en\/wp-json\/wp\/v2\/media?parent=986"}],"curies":[{"name":"wp","href":"https:\/\/api.w.org\/{rel}","templated":true}]}}