{"id":472,"date":"2021-10-26T09:25:04","date_gmt":"2021-10-26T07:25:04","guid":{"rendered":"https:\/\/bjorkstadenstrafikskola.com\/?page_id=472"},"modified":"2025-05-22T09:01:35","modified_gmt":"2025-05-22T07:01:35","slug":"b-cork-card-machine","status":"publish","type":"page","link":"https:\/\/bjorkstadenstrafikskola.com\/en\/b-cork-card-machine\/","title":{"rendered":"Car Licence Automatic"},"content":{"rendered":"<div data-elementor-type=\"wp-page\" data-elementor-id=\"472\" class=\"elementor elementor-472\" data-elementor-post-type=\"page\">\n\t\t\t\t\t\t<section class=\"elementor-section elementor-top-section elementor-element elementor-element-38880435 elementor-section-height-min-height elementor-section-boxed elementor-section-height-default elementor-section-items-middle\" data-id=\"38880435\" data-element_type=\"section\" data-settings=\"{&quot;background_background&quot;:&quot;classic&quot;}\">\n\t\t\t\t\t\t\t<div class=\"elementor-background-overlay\"><\/div>\n\t\t\t\t\t\t\t<div class=\"elementor-container elementor-column-gap-default\">\n\t\t\t\t\t<div class=\"elementor-column elementor-col-100 elementor-top-column elementor-element elementor-element-7064f7a3\" data-id=\"7064f7a3\" data-element_type=\"column\">\n\t\t\t<div class=\"elementor-widget-wrap elementor-element-populated\">\n\t\t\t\t\t\t<div class=\"elementor-element elementor-element-2c381254 elementor-widget elementor-widget-heading\" data-id=\"2c381254\" data-element_type=\"widget\" data-widget_type=\"heading.default\">\n\t\t\t\t<div class=\"elementor-widget-container\">\n\t\t\t\t\t<h1 class=\"elementor-heading-title elementor-size-default\">B Licence Automatic Ume\u00e5<\/h1>\t\t\t\t<\/div>\n\t\t\t\t<\/div>\n\t\t\t\t\t<\/div>\n\t\t<\/div>\n\t\t\t\t\t<\/div>\n\t\t<\/section>\n\t\t\t\t<section class=\"elementor-section elementor-top-section elementor-element elementor-element-210e1fd7 elementor-section-content-middle elementor-section-boxed elementor-section-height-default elementor-section-height-default\" data-id=\"210e1fd7\" data-element_type=\"section\">\n\t\t\t\t\t\t<div class=\"elementor-container elementor-column-gap-default\">\n\t\t\t\t\t<div class=\"elementor-column elementor-col-50 elementor-top-column elementor-element elementor-element-5212c698\" data-id=\"5212c698\" data-element_type=\"column\">\n\t\t\t<div class=\"elementor-widget-wrap elementor-element-populated\">\n\t\t\t\t\t\t<div class=\"elementor-element elementor-element-2c15fe79 elementor-widget elementor-widget-text-editor\" data-id=\"2c15fe79\" data-element_type=\"widget\" data-widget_type=\"text-editor.default\">\n\t\t\t\t<div class=\"elementor-widget-container\">\n\t\t\t\t\t\t\t\t\t<h2>Driving licence for car (automatic)<\/h2><p>A Category B driving licence allows you to drive passenger cars and light vans with a total weight of up to 3,500 kg. There are three different licence categories for passenger cars: B, B extended, and BE. The difference between these is the type of trailer you are permitted to tow. Below, you can read about the requirements you must meet to obtain a Category B licence.\n\nMany modern vehicles are equipped with automatic transmissions, and it is possible to obtain a licence with an automatic restriction, meaning you are only allowed to drive cars fitted with an automatic gearbox. The driving licence training follows the same structure as for a standard B licence, but the difference is that you will be driving an automatic vehicle during your lessons, your Risk 2 training, and your practical driving test with the Swedish Transport Agency (Trafikverket).<\/p><h3>Some Benefits of an Automatic Licence<\/h3><ul><li>Lower licence costs<\/li><li>Faster training<\/li><li>Future-proof<\/li><\/ul>\t\t\t\t\t\t\t\t<\/div>\n\t\t\t\t<\/div>\n\t\t\t\t\t<\/div>\n\t\t<\/div>\n\t\t\t\t<div class=\"elementor-column elementor-col-50 elementor-top-column elementor-element elementor-element-7e95a89c\" data-id=\"7e95a89c\" data-element_type=\"column\">\n\t\t\t<div class=\"elementor-widget-wrap elementor-element-populated\">\n\t\t\t\t\t\t<div class=\"elementor-element elementor-element-35800bf elementor-widget elementor-widget-image\" data-id=\"35800bf\" data-element_type=\"widget\" data-widget_type=\"image.default\">\n\t\t\t\t<div class=\"elementor-widget-container\">\n\t\t\t\t\t\t\t\t\t\t\t\t\t\t\t<img fetchpriority=\"high\" decoding=\"async\" width=\"612\" height=\"792\" src=\"https:\/\/bjorkstadenstrafikskola.com\/wp-content\/uploads\/2021\/10\/icon6-1.svg\" class=\"attachment-large size-large wp-image-75\" alt=\"Driving school Ume\u00e5\" \/>\t\t\t\t\t\t\t\t\t\t\t\t\t\t\t<\/div>\n\t\t\t\t<\/div>\n\t\t\t\t\t<\/div>\n\t\t<\/div>\n\t\t\t\t\t<\/div>\n\t\t<\/section>\n\t\t\t\t<section class=\"elementor-section elementor-top-section elementor-element elementor-element-40a3f9fa elementor-section-content-middle elementor-reverse-mobile elementor-section-boxed elementor-section-height-default elementor-section-height-default\" data-id=\"40a3f9fa\" data-element_type=\"section\">\n\t\t\t\t\t\t<div class=\"elementor-container elementor-column-gap-default\">\n\t\t\t\t\t<div class=\"elementor-column elementor-col-50 elementor-top-column elementor-element elementor-element-2a41ddf8\" data-id=\"2a41ddf8\" data-element_type=\"column\">\n\t\t\t<div class=\"elementor-widget-wrap elementor-element-populated\">\n\t\t\t\t\t\t<div class=\"elementor-element elementor-element-23d4f0a4 elementor-widget elementor-widget-image\" data-id=\"23d4f0a4\" data-element_type=\"widget\" data-widget_type=\"image.default\">\n\t\t\t\t<div class=\"elementor-widget-container\">\n\t\t\t\t\t\t\t\t\t\t\t\t\t\t\t<img decoding=\"async\" width=\"612\" height=\"792\" src=\"https:\/\/bjorkstadenstrafikskola.com\/wp-content\/uploads\/2021\/10\/icon1-2.svg\" class=\"attachment-large size-large wp-image-344\" alt=\"Get your car driving licence with us\" \/>\t\t\t\t\t\t\t\t\t\t\t\t\t\t\t<\/div>\n\t\t\t\t<\/div>\n\t\t\t\t\t<\/div>\n\t\t<\/div>\n\t\t\t\t<div class=\"elementor-column elementor-col-50 elementor-top-column elementor-element elementor-element-799efe29\" data-id=\"799efe29\" data-element_type=\"column\">\n\t\t\t<div class=\"elementor-widget-wrap elementor-element-populated\">\n\t\t\t\t\t\t<div class=\"elementor-element elementor-element-6af27ea9 elementor-widget elementor-widget-text-editor\" data-id=\"6af27ea9\" data-element_type=\"widget\" data-widget_type=\"text-editor.default\">\n\t\t\t\t<div class=\"elementor-widget-container\">\n\t\t\t\t\t\t\t\t\t<h2>Requirements for a B Driving Licence<\/h2><p>There are specific regulations regarding the requirements you must fulfil to obtain a driving licence in Sweden.<br \/>You can read more about this at\u00a0<a href=\"https:\/\/www.transportstyrelsen.se\/sv\/vagtrafik\/Korkort\/ta-korkort\/personbil-och-latt-lastbil\/\" target=\"_blank\" rel=\"noopener\">the Swedish Transport Agency's website.<\/a><\/p><p>When you plan to start your driving training, it is a good idea to apply for a learner's permit as soon as possible, as processing times can vary and may be lengthy.<br \/>You can easily do this using the <a href=\"https:\/\/www.transportstyrelsen.se\/sv\/vagtrafik\/Korkort\/ta-korkort\/\" target=\"_blank\" rel=\"noopener\">Swedish Transport Agency\u2019s form<\/a>. The fastest way is to fill it in and apply directly on their website using your Bank ID.<\/p><h3>Private Driving Practice for a B Licence<\/h3><ul><li>You must complete a <a title=\"Supervisor\/instructor Training\" href=\"https:\/\/bjorkstadenstrafikskola.com\/en\/tutor-course-umea\/\">supervisor training course.<\/a><\/li><li>Your supervisor must also complete a supervisor training course.<\/li><li>A supervisor certificate from the Swedish Transport Agency must be available when you practise driving.<\/li><li>The green and white \"\u00d6VNINGSK\u00d6R\" (Learner Driver) sign must be clearly visible on the back of the car.<\/li><\/ul><h3>Mandatory Risk Training<\/h3><p>Risk 1 covers alcohol, other drugs, fatigue, and other risky behaviours.<\/p><p>Risk 2, previously known as the skid training course, includes the consequences of speed, safety, and driving in special conditions. Contact your driving school to choose a location for the skid training.<\/p>\t\t\t\t\t\t\t\t<\/div>\n\t\t\t\t<\/div>\n\t\t\t\t\t<\/div>\n\t\t<\/div>\n\t\t\t\t\t<\/div>\n\t\t<\/section>\n\t\t\t\t<\/div>","protected":false},"excerpt":{"rendered":"<p>B-k\u00f6rkort automat ume\u00e5 K\u00f6rkort personbil automat Ett B-k\u00f6rkort ger dig m\u00f6jligheten att k\u00f6ra personbilar och l\u00e4tta lastbilar men en totalvikt p\u00e5 upp till 3500kg. Det finns tre olika k\u00f6rkortsbeh\u00f6righeter f\u00f6r personbilar: B, B ut\u00f6kad och BE. Skillnaden p\u00e5 dessa \u00e4r vilka sl\u00e4p du f\u00e5r dra. Nedan kan du l\u00e4sa om vilka krav som st\u00e4lls p\u00e5 [&hellip;]<\/p>","protected":false},"author":1,"featured_media":0,"parent":0,"menu_order":0,"comment_status":"closed","ping_status":"closed","template":"","meta":{"site-sidebar-layout":"no-sidebar","site-content-layout":"page-builder","ast-site-content-layout":"full-width-container","site-content-style":"unboxed","site-sidebar-style":"default","ast-global-header-display":"","ast-banner-title-visibility":"","ast-main-header-display":"","ast-hfb-above-header-display":"","ast-hfb-below-header-display":"","ast-hfb-mobile-header-display":"","site-post-title":"disabled","ast-breadcrumbs-content":"","ast-featured-img":"disabled","footer-sml-layout":"","theme-transparent-header-meta":"default","adv-header-id-meta":"","stick-header-meta":"","header-above-stick-meta":"","header-main-stick-meta":"","header-below-stick-meta":"","astra-migrate-meta-layouts":"set","ast-page-background-enabled":"default","ast-page-background-meta":{"desktop":{"background-color":"var(--ast-global-color-4)","background-image":"","background-repeat":"repeat","background-position":"center center","background-size":"auto","background-attachment":"scroll","background-type":"","background-media":"","overlay-type":"","overlay-color":"","overlay-opacity":"","overlay-gradient":""},"tablet":{"background-color":"","background-image":"","background-repeat":"repeat","background-position":"center center","background-size":"auto","background-attachment":"scroll","background-type":"","background-media":"","overlay-type":"","overlay-color":"","overlay-opacity":"","overlay-gradient":""},"mobile":{"background-color":"","background-image":"","background-repeat":"repeat","background-position":"center center","background-size":"auto","background-attachment":"scroll","background-type":"","background-media":"","overlay-type":"","overlay-color":"","overlay-opacity":"","overlay-gradient":""}},"ast-content-background-meta":{"desktop":{"background-color":"var(--ast-global-color-5)","background-image":"","background-repeat":"repeat","background-position":"center center","background-size":"auto","background-attachment":"scroll","background-type":"","background-media":"","overlay-type":"","overlay-color":"","overlay-opacity":"","overlay-gradient":""},"tablet":{"background-color":"var(--ast-global-color-5)","background-image":"","background-repeat":"repeat","background-position":"center center","background-size":"auto","background-attachment":"scroll","background-type":"","background-media":"","overlay-type":"","overlay-color":"","overlay-opacity":"","overlay-gradient":""},"mobile":{"background-color":"var(--ast-global-color-5)","background-image":"","background-repeat":"repeat","background-position":"center center","background-size":"auto","background-attachment":"scroll","background-type":"","background-media":"","overlay-type":"","overlay-color":"","overlay-opacity":"","overlay-gradient":""}},"footnotes":""},"class_list":["post-472","page","type-page","status-publish","hentry"],"yoast_head":"<!-- This site is optimized with the Yoast SEO plugin v26.0 - https:\/\/yoast.com\/wordpress\/plugins\/seo\/ -->\n<title>B-k\u00f6rkort Automat | Automatv\u00e4xlad bil | Ume\u00e5 | Trafikskola<\/title>\n<meta name=\"description\" content=\"Vi hj\u00e4lper dig i Ume\u00e5 att ta B-k\u00f6rkort f\u00f6r bilar med automatl\u00e5da. F\u00f6rdelar: L\u00e4gre k\u00f6rkortskostnad, snabbare utbildning &amp; framtidss\u00e4kert.\" \/>\n<meta name=\"robots\" content=\"index, follow, max-snippet:-1, max-image-preview:large, max-video-preview:-1\" \/>\n<link rel=\"canonical\" href=\"https:\/\/bjorkstadenstrafikskola.com\/en\/b-cork-card-machine\/\" \/>\n<meta property=\"og:locale\" content=\"en_GB\" \/>\n<meta property=\"og:type\" content=\"article\" \/>\n<meta property=\"og:title\" content=\"B-k\u00f6rkort Automat | Automatv\u00e4xlad bil | Ume\u00e5 | Trafikskola\" \/>\n<meta property=\"og:description\" content=\"Vi hj\u00e4lper dig i Ume\u00e5 att ta B-k\u00f6rkort f\u00f6r bilar med automatl\u00e5da. F\u00f6rdelar: L\u00e4gre k\u00f6rkortskostnad, snabbare utbildning &amp; framtidss\u00e4kert.\" \/>\n<meta property=\"og:url\" content=\"https:\/\/bjorkstadenstrafikskola.com\/en\/b-cork-card-machine\/\" \/>\n<meta property=\"og:site_name\" content=\"Bj\u00f6rkstadens Trafikskola\" \/>\n<meta property=\"article:modified_time\" content=\"2025-05-22T07:01:35+00:00\" \/>\n<meta property=\"og:image\" content=\"https:\/\/bjorkstadenstrafikskola.com\/wp-content\/uploads\/2021\/10\/icon6-1.svg\" \/>\n<meta name=\"twitter:card\" content=\"summary_large_image\" \/>\n<meta name=\"twitter:label1\" content=\"Estimated reading time\" \/>\n\t<meta name=\"twitter:data1\" content=\"2 minutes\" \/>\n<!-- \/ Yoast SEO plugin. -->","yoast_head_json":{"title":"B driving licence Automatic | Automatic car | Ume\u00e5 | Traffic school","description":"We help you in Ume\u00e5 to get a B driving licence for cars with automatic transmission. Benefits: Lower driving licence cost, faster training &amp; future-proof.","robots":{"index":"index","follow":"follow","max-snippet":"max-snippet:-1","max-image-preview":"max-image-preview:large","max-video-preview":"max-video-preview:-1"},"canonical":"https:\/\/bjorkstadenstrafikskola.com\/en\/b-cork-card-machine\/","og_locale":"en_GB","og_type":"article","og_title":"B-k\u00f6rkort Automat | Automatv\u00e4xlad bil | Ume\u00e5 | Trafikskola","og_description":"Vi hj\u00e4lper dig i Ume\u00e5 att ta B-k\u00f6rkort f\u00f6r bilar med automatl\u00e5da. F\u00f6rdelar: L\u00e4gre k\u00f6rkortskostnad, snabbare utbildning & framtidss\u00e4kert.","og_url":"https:\/\/bjorkstadenstrafikskola.com\/en\/b-cork-card-machine\/","og_site_name":"Bj\u00f6rkstadens Trafikskola","article_modified_time":"2025-05-22T07:01:35+00:00","og_image":[{"url":"https:\/\/bjorkstadenstrafikskola.com\/wp-content\/uploads\/2021\/10\/icon6-1.svg","type":"","width":"","height":""}],"twitter_card":"summary_large_image","twitter_misc":{"Estimated reading time":"2 minutes"},"schema":{"@context":"https:\/\/schema.org","@graph":[{"@type":"WebPage","@id":"https:\/\/bjorkstadenstrafikskola.com\/b-korkort-automat\/","url":"https:\/\/bjorkstadenstrafikskola.com\/b-korkort-automat\/","name":"B driving licence Automatic | Automatic car | Ume\u00e5 | Traffic school","isPartOf":{"@id":"https:\/\/bjorkstadenstrafikskola.com\/#website"},"primaryImageOfPage":{"@id":"https:\/\/bjorkstadenstrafikskola.com\/b-korkort-automat\/#primaryimage"},"image":{"@id":"https:\/\/bjorkstadenstrafikskola.com\/b-korkort-automat\/#primaryimage"},"thumbnailUrl":"https:\/\/bjorkstadenstrafikskola.com\/wp-content\/uploads\/2021\/10\/icon6-1.svg","datePublished":"2021-10-26T07:25:04+00:00","dateModified":"2025-05-22T07:01:35+00:00","description":"We help you in Ume\u00e5 to get a B driving licence for cars with automatic transmission. Benefits: Lower driving licence cost, faster training &amp; future-proof.","breadcrumb":{"@id":"https:\/\/bjorkstadenstrafikskola.com\/b-korkort-automat\/#breadcrumb"},"inLanguage":"en-GB","potentialAction":[{"@type":"ReadAction","target":["https:\/\/bjorkstadenstrafikskola.com\/b-korkort-automat\/"]}]},{"@type":"ImageObject","inLanguage":"en-GB","@id":"https:\/\/bjorkstadenstrafikskola.com\/b-korkort-automat\/#primaryimage","url":"https:\/\/bjorkstadenstrafikskola.com\/wp-content\/uploads\/2021\/10\/icon6-1.svg","contentUrl":"https:\/\/bjorkstadenstrafikskola.com\/wp-content\/uploads\/2021\/10\/icon6-1.svg"},{"@type":"BreadcrumbList","@id":"https:\/\/bjorkstadenstrafikskola.com\/b-korkort-automat\/#breadcrumb","itemListElement":[{"@type":"ListItem","position":1,"name":"Hem","item":"https:\/\/bjorkstadenstrafikskola.com\/"},{"@type":"ListItem","position":2,"name":"B-k\u00f6rkort Automat"}]},{"@type":"WebSite","@id":"https:\/\/bjorkstadenstrafikskola.com\/#website","url":"https:\/\/bjorkstadenstrafikskola.com\/","name":"Bj\u00f6rkstaden Driving School","description":"Personalised driving lessons in Ume\u00e5","publisher":{"@id":"https:\/\/bjorkstadenstrafikskola.com\/#organization"},"potentialAction":[{"@type":"SearchAction","target":{"@type":"EntryPoint","urlTemplate":"https:\/\/bjorkstadenstrafikskola.com\/?s={search_term_string}"},"query-input":{"@type":"PropertyValueSpecification","valueRequired":true,"valueName":"search_term_string"}}],"inLanguage":"en-GB"},{"@type":"Organization","@id":"https:\/\/bjorkstadenstrafikskola.com\/#organization","name":"Bj\u00f6rkstaden Driving School","url":"https:\/\/bjorkstadenstrafikskola.com\/","logo":{"@type":"ImageObject","inLanguage":"en-GB","@id":"https:\/\/bjorkstadenstrafikskola.com\/#\/schema\/logo\/image\/","url":"https:\/\/bjorkstadenstrafikskola.com\/wp-content\/uploads\/2021\/10\/transpetant-60px.png","contentUrl":"https:\/\/bjorkstadenstrafikskola.com\/wp-content\/uploads\/2021\/10\/transpetant-60px.png","width":283,"height":60,"caption":"Bj\u00f6rkstadens Trafikskola"},"image":{"@id":"https:\/\/bjorkstadenstrafikskola.com\/#\/schema\/logo\/image\/"}}]}},"_links":{"self":[{"href":"https:\/\/bjorkstadenstrafikskola.com\/en\/wp-json\/wp\/v2\/pages\/472","targetHints":{"allow":["GET"]}}],"collection":[{"href":"https:\/\/bjorkstadenstrafikskola.com\/en\/wp-json\/wp\/v2\/pages"}],"about":[{"href":"https:\/\/bjorkstadenstrafikskola.com\/en\/wp-json\/wp\/v2\/types\/page"}],"author":[{"embeddable":true,"href":"https:\/\/bjorkstadenstrafikskola.com\/en\/wp-json\/wp\/v2\/users\/1"}],"replies":[{"embeddable":true,"href":"https:\/\/bjorkstadenstrafikskola.com\/en\/wp-json\/wp\/v2\/comments?post=472"}],"version-history":[{"count":18,"href":"https:\/\/bjorkstadenstrafikskola.com\/en\/wp-json\/wp\/v2\/pages\/472\/revisions"}],"predecessor-version":[{"id":3054,"href":"https:\/\/bjorkstadenstrafikskola.com\/en\/wp-json\/wp\/v2\/pages\/472\/revisions\/3054"}],"wp:attachment":[{"href":"https:\/\/bjorkstadenstrafikskola.com\/en\/wp-json\/wp\/v2\/media?parent=472"}],"curies":[{"name":"wp","href":"https:\/\/api.w.org\/{rel}","templated":true}]}}