{"id":471,"date":"2021-10-26T09:25:04","date_gmt":"2021-10-26T07:25:04","guid":{"rendered":"https:\/\/bjorkstadenstrafikskola.com\/?page_id=471"},"modified":"2025-05-22T09:02:31","modified_gmt":"2025-05-22T07:02:31","slug":"b-cork-card-manual","status":"publish","type":"page","link":"https:\/\/bjorkstadenstrafikskola.com\/en\/b-cork-card-manual\/","title":{"rendered":"B driving licence for manual transmission in Ume\u00e5"},"content":{"rendered":"<div data-elementor-type=\"wp-page\" data-elementor-id=\"471\" class=\"elementor elementor-471\" data-elementor-post-type=\"page\">\n\t\t\t\t\t\t<section class=\"elementor-section elementor-top-section elementor-element elementor-element-c265f28 elementor-section-height-min-height elementor-section-boxed elementor-section-height-default elementor-section-items-middle\" data-id=\"c265f28\" data-element_type=\"section\" data-settings=\"{&quot;background_background&quot;:&quot;classic&quot;}\">\n\t\t\t\t\t\t\t<div class=\"elementor-background-overlay\"><\/div>\n\t\t\t\t\t\t\t<div class=\"elementor-container elementor-column-gap-default\">\n\t\t\t\t\t<div class=\"elementor-column elementor-col-100 elementor-top-column elementor-element elementor-element-48810b27\" data-id=\"48810b27\" data-element_type=\"column\">\n\t\t\t<div class=\"elementor-widget-wrap elementor-element-populated\">\n\t\t\t\t\t\t<div class=\"elementor-element elementor-element-75fabe8a elementor-widget elementor-widget-heading\" data-id=\"75fabe8a\" data-element_type=\"widget\" data-widget_type=\"heading.default\">\n\t\t\t\t<div class=\"elementor-widget-container\">\n\t\t\t\t\t<h1 class=\"elementor-heading-title elementor-size-default\">B Driving Licence Ume\u00e5<\/h1>\t\t\t\t<\/div>\n\t\t\t\t<\/div>\n\t\t\t\t\t<\/div>\n\t\t<\/div>\n\t\t\t\t\t<\/div>\n\t\t<\/section>\n\t\t\t\t<section class=\"elementor-section elementor-top-section elementor-element elementor-element-56e853f elementor-section-content-middle elementor-section-boxed elementor-section-height-default elementor-section-height-default\" data-id=\"56e853f\" data-element_type=\"section\">\n\t\t\t\t\t\t<div class=\"elementor-container elementor-column-gap-default\">\n\t\t\t\t\t<div class=\"elementor-column elementor-col-50 elementor-top-column elementor-element elementor-element-7c9304e5\" data-id=\"7c9304e5\" data-element_type=\"column\">\n\t\t\t<div class=\"elementor-widget-wrap elementor-element-populated\">\n\t\t\t\t\t\t<div class=\"elementor-element elementor-element-70cda7d6 elementor-widget elementor-widget-text-editor\" data-id=\"70cda7d6\" data-element_type=\"widget\" data-widget_type=\"text-editor.default\">\n\t\t\t\t<div class=\"elementor-widget-container\">\n\t\t\t\t\t\t\t\t\t<h2>Driving licence for car (manual)<\/h2>\n<p>A B driving licence allows you to drive passenger cars and light trucks with a total weight of up to 3,500 kg. There are three different driving licence categories for passenger cars: B, B extended, and BE. The difference between these categories is the type of trailer you are permitted to tow. Below, you can read about the requirements you need to meet in order to obtain a B-category driving licence. One advantage of obtaining a manual transmission licence is that it allows you to drive all passenger cars, including those with automatic transmissions.&nbsp;<\/p>\t\t\t\t\t\t\t\t<\/div>\n\t\t\t\t<\/div>\n\t\t\t\t\t<\/div>\n\t\t<\/div>\n\t\t\t\t<div class=\"elementor-column elementor-col-50 elementor-top-column elementor-element elementor-element-3dcb930a\" data-id=\"3dcb930a\" data-element_type=\"column\">\n\t\t\t<div class=\"elementor-widget-wrap elementor-element-populated\">\n\t\t\t\t\t\t<div class=\"elementor-element elementor-element-4f96e3d elementor-widget elementor-widget-image\" data-id=\"4f96e3d\" data-element_type=\"widget\" data-widget_type=\"image.default\">\n\t\t\t\t<div class=\"elementor-widget-container\">\n\t\t\t\t\t\t\t\t\t\t\t\t\t\t\t<img fetchpriority=\"high\" decoding=\"async\" width=\"612\" height=\"792\" src=\"https:\/\/bjorkstadenstrafikskola.com\/wp-content\/uploads\/2021\/10\/icon6-1.svg\" class=\"attachment-large size-large wp-image-75\" alt=\"Driving school Ume\u00e5\" \/>\t\t\t\t\t\t\t\t\t\t\t\t\t\t\t<\/div>\n\t\t\t\t<\/div>\n\t\t\t\t\t<\/div>\n\t\t<\/div>\n\t\t\t\t\t<\/div>\n\t\t<\/section>\n\t\t\t\t<section class=\"elementor-section elementor-top-section elementor-element elementor-element-848e751 elementor-section-content-middle elementor-reverse-mobile elementor-section-boxed elementor-section-height-default elementor-section-height-default\" data-id=\"848e751\" data-element_type=\"section\">\n\t\t\t\t\t\t<div class=\"elementor-container elementor-column-gap-default\">\n\t\t\t\t\t<div class=\"elementor-column elementor-col-50 elementor-top-column elementor-element elementor-element-6ac47f0\" data-id=\"6ac47f0\" data-element_type=\"column\">\n\t\t\t<div class=\"elementor-widget-wrap elementor-element-populated\">\n\t\t\t\t\t\t<div class=\"elementor-element elementor-element-e0b55e4 elementor-widget elementor-widget-image\" data-id=\"e0b55e4\" data-element_type=\"widget\" data-widget_type=\"image.default\">\n\t\t\t\t<div class=\"elementor-widget-container\">\n\t\t\t\t\t\t\t\t\t\t\t\t\t\t\t<img decoding=\"async\" width=\"612\" height=\"792\" src=\"https:\/\/bjorkstadenstrafikskola.com\/wp-content\/uploads\/2021\/10\/icon1-2.svg\" class=\"attachment-large size-large wp-image-344\" alt=\"Get your car driving licence with us\" \/>\t\t\t\t\t\t\t\t\t\t\t\t\t\t\t<\/div>\n\t\t\t\t<\/div>\n\t\t\t\t\t<\/div>\n\t\t<\/div>\n\t\t\t\t<div class=\"elementor-column elementor-col-50 elementor-top-column elementor-element elementor-element-40cf73f\" data-id=\"40cf73f\" data-element_type=\"column\">\n\t\t\t<div class=\"elementor-widget-wrap elementor-element-populated\">\n\t\t\t\t\t\t<div class=\"elementor-element elementor-element-ac033ad elementor-widget elementor-widget-text-editor\" data-id=\"ac033ad\" data-element_type=\"widget\" data-widget_type=\"text-editor.default\">\n\t\t\t\t<div class=\"elementor-widget-container\">\n\t\t\t\t\t\t\t\t\t<h2>Requirements for a B Driving Licence<\/h2><p>There are specific regulations regarding the requirements you must fulfil to obtain a driving licence in Sweden.<br \/>You can read more about this at\u00a0<a href=\"https:\/\/www.transportstyrelsen.se\/sv\/vagtrafik\/Korkort\/ta-korkort\/personbil-och-latt-lastbil\/\" target=\"_blank\" rel=\"noopener\">the Swedish Transport Agency's website.<\/a><\/p><p>When you plan to start your driving training, it is a good idea to apply for a learner's permit as soon as possible, as processing times can vary and may be lengthy.<br \/>You can easily do this using the <a href=\"https:\/\/www.transportstyrelsen.se\/sv\/vagtrafik\/Korkort\/ta-korkort\/\" target=\"_blank\" rel=\"noopener\">Swedish Transport Agency\u2019s form<\/a>. The fastest way is to fill it in and apply directly on their website using your Bank ID.<\/p><h3>Private Driving Practice for a B Licence<\/h3><ul><li>You must complete a <a title=\"Supervisor\/instructor Training\" href=\"https:\/\/bjorkstadenstrafikskola.com\/en\/tutor-course-umea\/\">supervisor training course.<\/a><\/li><li>Your supervisor must also complete a supervisor training course.<\/li><li>A supervisor certificate from the Swedish Transport Agency must be available when you practise driving.<\/li><li>The green and white \"\u00d6VNINGSK\u00d6R\" (Learner Driver) sign must be clearly visible on the back of the car.<\/li><\/ul><h3>Mandatory Risk Training<\/h3><p>Risk 1 covers alcohol, other drugs, fatigue, and other risky behaviours.<\/p><p>Risk 2, previously known as the skid training course, includes the consequences of speed, safety, and driving in special conditions. Contact your driving school to choose a location for the skid training.<\/p>\t\t\t\t\t\t\t\t<\/div>\n\t\t\t\t<\/div>\n\t\t\t\t\t<\/div>\n\t\t<\/div>\n\t\t\t\t\t<\/div>\n\t\t<\/section>\n\t\t\t\t<\/div>","protected":false},"excerpt":{"rendered":"<p>B driving licence Ume\u00e5 Driving licence passenger car manual A B driving licence allows you to drive passenger cars and light trucks with a total weight of up to 3500kg. There are three different driving licence categories for passenger cars: B, B extended and BE. The difference between these is which trailers you can tow. Below you can read about what is required of you [...]<\/p>","protected":false},"author":1,"featured_media":0,"parent":0,"menu_order":0,"comment_status":"closed","ping_status":"closed","template":"","meta":{"site-sidebar-layout":"no-sidebar","site-content-layout":"page-builder","ast-site-content-layout":"full-width-container","site-content-style":"unboxed","site-sidebar-style":"unboxed","ast-global-header-display":"","ast-banner-title-visibility":"","ast-main-header-display":"","ast-hfb-above-header-display":"","ast-hfb-below-header-display":"","ast-hfb-mobile-header-display":"","site-post-title":"disabled","ast-breadcrumbs-content":"","ast-featured-img":"disabled","footer-sml-layout":"","theme-transparent-header-meta":"default","adv-header-id-meta":"","stick-header-meta":"","header-above-stick-meta":"","header-main-stick-meta":"","header-below-stick-meta":"","astra-migrate-meta-layouts":"set","ast-page-background-enabled":"default","ast-page-background-meta":{"desktop":{"background-color":"var(--ast-global-color-4)","background-image":"","background-repeat":"repeat","background-position":"center center","background-size":"auto","background-attachment":"scroll","background-type":"","background-media":"","overlay-type":"","overlay-color":"","overlay-opacity":"","overlay-gradient":""},"tablet":{"background-color":"","background-image":"","background-repeat":"repeat","background-position":"center center","background-size":"auto","background-attachment":"scroll","background-type":"","background-media":"","overlay-type":"","overlay-color":"","overlay-opacity":"","overlay-gradient":""},"mobile":{"background-color":"","background-image":"","background-repeat":"repeat","background-position":"center center","background-size":"auto","background-attachment":"scroll","background-type":"","background-media":"","overlay-type":"","overlay-color":"","overlay-opacity":"","overlay-gradient":""}},"ast-content-background-meta":{"desktop":{"background-color":"var(--ast-global-color-5)","background-image":"","background-repeat":"repeat","background-position":"center center","background-size":"auto","background-attachment":"scroll","background-type":"","background-media":"","overlay-type":"","overlay-color":"","overlay-opacity":"","overlay-gradient":""},"tablet":{"background-color":"var(--ast-global-color-5)","background-image":"","background-repeat":"repeat","background-position":"center center","background-size":"auto","background-attachment":"scroll","background-type":"","background-media":"","overlay-type":"","overlay-color":"","overlay-opacity":"","overlay-gradient":""},"mobile":{"background-color":"var(--ast-global-color-5)","background-image":"","background-repeat":"repeat","background-position":"center center","background-size":"auto","background-attachment":"scroll","background-type":"","background-media":"","overlay-type":"","overlay-color":"","overlay-opacity":"","overlay-gradient":""}},"footnotes":""},"class_list":["post-471","page","type-page","status-publish","hentry"],"yoast_head":"<!-- This site is optimized with the Yoast SEO plugin v26.0 - https:\/\/yoast.com\/wordpress\/plugins\/seo\/ -->\n<title>B-k\u00f6rkort f\u00f6r manuell v\u00e4xell\u00e5da i Ume\u00e5 - Bj\u00f6rkstadens Trafikskola<\/title>\n<meta name=\"description\" content=\"Vi hj\u00e4lper dig att ta B-k\u00f6rkort i Ume\u00e5 f\u00f6r manuell v\u00e4xell\u00e5da. F\u00f6rdelen d\u00e5 \u00e4r att du f\u00e5r k\u00f6ra alla personbilar, \u00e4ven de med automatl\u00e5da.\" \/>\n<meta name=\"robots\" content=\"index, follow, max-snippet:-1, max-image-preview:large, max-video-preview:-1\" \/>\n<link rel=\"canonical\" href=\"https:\/\/bjorkstadenstrafikskola.com\/en\/b-cork-card-manual\/\" \/>\n<meta property=\"og:locale\" content=\"en_GB\" \/>\n<meta property=\"og:type\" content=\"article\" \/>\n<meta property=\"og:title\" content=\"B-k\u00f6rkort f\u00f6r manuell v\u00e4xell\u00e5da i Ume\u00e5 - Bj\u00f6rkstadens Trafikskola\" \/>\n<meta property=\"og:description\" content=\"Vi hj\u00e4lper dig att ta B-k\u00f6rkort i Ume\u00e5 f\u00f6r manuell v\u00e4xell\u00e5da. F\u00f6rdelen d\u00e5 \u00e4r att du f\u00e5r k\u00f6ra alla personbilar, \u00e4ven de med automatl\u00e5da.\" \/>\n<meta property=\"og:url\" content=\"https:\/\/bjorkstadenstrafikskola.com\/en\/b-cork-card-manual\/\" \/>\n<meta property=\"og:site_name\" content=\"Bj\u00f6rkstadens Trafikskola\" \/>\n<meta property=\"article:modified_time\" content=\"2025-05-22T07:02:31+00:00\" \/>\n<meta property=\"og:image\" content=\"https:\/\/bjorkstadenstrafikskola.com\/wp-content\/uploads\/2021\/10\/icon6-1.svg\" \/>\n<meta name=\"twitter:card\" content=\"summary_large_image\" \/>\n<meta name=\"twitter:label1\" content=\"Estimated reading time\" \/>\n\t<meta name=\"twitter:data1\" content=\"2 minutes\" \/>\n<!-- \/ Yoast SEO plugin. -->","yoast_head_json":{"title":"B driving licence for manual transmission in Ume\u00e5 - Bj\u00f6rkstadens Trafikskola","description":"We help you get a B driving licence in Ume\u00e5 for manual transmission. The advantage is that you can drive all passenger cars, even those with automatic transmission.","robots":{"index":"index","follow":"follow","max-snippet":"max-snippet:-1","max-image-preview":"max-image-preview:large","max-video-preview":"max-video-preview:-1"},"canonical":"https:\/\/bjorkstadenstrafikskola.com\/en\/b-cork-card-manual\/","og_locale":"en_GB","og_type":"article","og_title":"B-k\u00f6rkort f\u00f6r manuell v\u00e4xell\u00e5da i Ume\u00e5 - Bj\u00f6rkstadens Trafikskola","og_description":"Vi hj\u00e4lper dig att ta B-k\u00f6rkort i Ume\u00e5 f\u00f6r manuell v\u00e4xell\u00e5da. F\u00f6rdelen d\u00e5 \u00e4r att du f\u00e5r k\u00f6ra alla personbilar, \u00e4ven de med automatl\u00e5da.","og_url":"https:\/\/bjorkstadenstrafikskola.com\/en\/b-cork-card-manual\/","og_site_name":"Bj\u00f6rkstadens Trafikskola","article_modified_time":"2025-05-22T07:02:31+00:00","og_image":[{"url":"https:\/\/bjorkstadenstrafikskola.com\/wp-content\/uploads\/2021\/10\/icon6-1.svg","type":"","width":"","height":""}],"twitter_card":"summary_large_image","twitter_misc":{"Estimated reading time":"2 minutes"},"schema":{"@context":"https:\/\/schema.org","@graph":[{"@type":"WebPage","@id":"https:\/\/bjorkstadenstrafikskola.com\/b-korkort-manuell\/","url":"https:\/\/bjorkstadenstrafikskola.com\/b-korkort-manuell\/","name":"B driving licence for manual transmission in Ume\u00e5 - Bj\u00f6rkstadens Trafikskola","isPartOf":{"@id":"https:\/\/bjorkstadenstrafikskola.com\/#website"},"primaryImageOfPage":{"@id":"https:\/\/bjorkstadenstrafikskola.com\/b-korkort-manuell\/#primaryimage"},"image":{"@id":"https:\/\/bjorkstadenstrafikskola.com\/b-korkort-manuell\/#primaryimage"},"thumbnailUrl":"https:\/\/bjorkstadenstrafikskola.com\/wp-content\/uploads\/2021\/10\/icon6-1.svg","datePublished":"2021-10-26T07:25:04+00:00","dateModified":"2025-05-22T07:02:31+00:00","description":"We help you get a B driving licence in Ume\u00e5 for manual transmission. The advantage is that you can drive all passenger cars, even those with automatic transmission.","breadcrumb":{"@id":"https:\/\/bjorkstadenstrafikskola.com\/b-korkort-manuell\/#breadcrumb"},"inLanguage":"en-GB","potentialAction":[{"@type":"ReadAction","target":["https:\/\/bjorkstadenstrafikskola.com\/b-korkort-manuell\/"]}]},{"@type":"ImageObject","inLanguage":"en-GB","@id":"https:\/\/bjorkstadenstrafikskola.com\/b-korkort-manuell\/#primaryimage","url":"https:\/\/bjorkstadenstrafikskola.com\/wp-content\/uploads\/2021\/10\/icon6-1.svg","contentUrl":"https:\/\/bjorkstadenstrafikskola.com\/wp-content\/uploads\/2021\/10\/icon6-1.svg"},{"@type":"BreadcrumbList","@id":"https:\/\/bjorkstadenstrafikskola.com\/b-korkort-manuell\/#breadcrumb","itemListElement":[{"@type":"ListItem","position":1,"name":"Hem","item":"https:\/\/bjorkstadenstrafikskola.com\/"},{"@type":"ListItem","position":2,"name":"B-k\u00f6rkort f\u00f6r manuell v\u00e4xell\u00e5da i Ume\u00e5"}]},{"@type":"WebSite","@id":"https:\/\/bjorkstadenstrafikskola.com\/#website","url":"https:\/\/bjorkstadenstrafikskola.com\/","name":"Bj\u00f6rkstaden Driving School","description":"Personalised driving lessons in Ume\u00e5","publisher":{"@id":"https:\/\/bjorkstadenstrafikskola.com\/#organization"},"potentialAction":[{"@type":"SearchAction","target":{"@type":"EntryPoint","urlTemplate":"https:\/\/bjorkstadenstrafikskola.com\/?s={search_term_string}"},"query-input":{"@type":"PropertyValueSpecification","valueRequired":true,"valueName":"search_term_string"}}],"inLanguage":"en-GB"},{"@type":"Organization","@id":"https:\/\/bjorkstadenstrafikskola.com\/#organization","name":"Bj\u00f6rkstaden Driving School","url":"https:\/\/bjorkstadenstrafikskola.com\/","logo":{"@type":"ImageObject","inLanguage":"en-GB","@id":"https:\/\/bjorkstadenstrafikskola.com\/#\/schema\/logo\/image\/","url":"https:\/\/bjorkstadenstrafikskola.com\/wp-content\/uploads\/2021\/10\/transpetant-60px.png","contentUrl":"https:\/\/bjorkstadenstrafikskola.com\/wp-content\/uploads\/2021\/10\/transpetant-60px.png","width":283,"height":60,"caption":"Bj\u00f6rkstadens Trafikskola"},"image":{"@id":"https:\/\/bjorkstadenstrafikskola.com\/#\/schema\/logo\/image\/"}}]}},"_links":{"self":[{"href":"https:\/\/bjorkstadenstrafikskola.com\/en\/wp-json\/wp\/v2\/pages\/471","targetHints":{"allow":["GET"]}}],"collection":[{"href":"https:\/\/bjorkstadenstrafikskola.com\/en\/wp-json\/wp\/v2\/pages"}],"about":[{"href":"https:\/\/bjorkstadenstrafikskola.com\/en\/wp-json\/wp\/v2\/types\/page"}],"author":[{"embeddable":true,"href":"https:\/\/bjorkstadenstrafikskola.com\/en\/wp-json\/wp\/v2\/users\/1"}],"replies":[{"embeddable":true,"href":"https:\/\/bjorkstadenstrafikskola.com\/en\/wp-json\/wp\/v2\/comments?post=471"}],"version-history":[{"count":24,"href":"https:\/\/bjorkstadenstrafikskola.com\/en\/wp-json\/wp\/v2\/pages\/471\/revisions"}],"predecessor-version":[{"id":3048,"href":"https:\/\/bjorkstadenstrafikskola.com\/en\/wp-json\/wp\/v2\/pages\/471\/revisions\/3048"}],"wp:attachment":[{"href":"https:\/\/bjorkstadenstrafikskola.com\/en\/wp-json\/wp\/v2\/media?parent=471"}],"curies":[{"name":"wp","href":"https:\/\/api.w.org\/{rel}","templated":true}]}}