{"id":4631,"date":"2026-03-20T16:21:44","date_gmt":"2026-03-20T15:21:44","guid":{"rendered":"https:\/\/bjorkstadenstrafikskola.com\/?page_id=4631"},"modified":"2026-03-20T16:21:45","modified_gmt":"2026-03-20T15:21:45","slug":"3-lessons-march","status":"publish","type":"page","link":"https:\/\/bjorkstadenstrafikskola.com\/en\/3-lessons-march\/","title":{"rendered":"3 lessons March"},"content":{"rendered":"<div data-elementor-type=\"wp-page\" data-elementor-id=\"4631\" class=\"elementor elementor-4631\" data-elementor-post-type=\"page\">\n\t\t\t\t\t\t<section class=\"elementor-section elementor-top-section elementor-element elementor-element-574549a7 elementor-section-height-min-height elementor-section-boxed elementor-section-height-default elementor-section-items-middle\" data-id=\"574549a7\" data-element_type=\"section\" data-settings=\"{&quot;background_background&quot;:&quot;classic&quot;}\">\n\t\t\t\t\t\t\t<div class=\"elementor-background-overlay\"><\/div>\n\t\t\t\t\t\t\t<div class=\"elementor-container elementor-column-gap-default\">\n\t\t\t\t\t<div class=\"elementor-column elementor-col-100 elementor-top-column elementor-element elementor-element-209dddf7\" data-id=\"209dddf7\" data-element_type=\"column\">\n\t\t\t<div class=\"elementor-widget-wrap elementor-element-populated\">\n\t\t\t\t\t\t<div class=\"elementor-element elementor-element-19134b13 elementor-widget elementor-widget-heading\" data-id=\"19134b13\" data-element_type=\"widget\" data-widget_type=\"heading.default\">\n\t\t\t\t<div class=\"elementor-widget-container\">\n\t\t\t\t\t<h1 class=\"elementor-heading-title elementor-size-default\">3 driving lessons and theory<\/h1>\t\t\t\t<\/div>\n\t\t\t\t<\/div>\n\t\t\t\t\t<\/div>\n\t\t<\/div>\n\t\t\t\t\t<\/div>\n\t\t<\/section>\n\t\t\t\t<section class=\"elementor-section elementor-top-section elementor-element elementor-element-61e31ffb elementor-section-content-middle elementor-section-boxed elementor-section-height-default elementor-section-height-default\" data-id=\"61e31ffb\" data-element_type=\"section\">\n\t\t\t\t\t\t<div class=\"elementor-container elementor-column-gap-default\">\n\t\t\t\t\t<div class=\"elementor-column elementor-col-50 elementor-top-column elementor-element elementor-element-6c026df0\" data-id=\"6c026df0\" data-element_type=\"column\">\n\t\t\t<div class=\"elementor-widget-wrap elementor-element-populated\">\n\t\t\t\t\t\t<div class=\"elementor-element elementor-element-3e1d9f4d elementor-widget elementor-widget-text-editor\" data-id=\"3e1d9f4d\" data-element_type=\"widget\" data-widget_type=\"text-editor.default\">\n\t\t\t\t<div class=\"elementor-widget-container\">\n\t\t\t\t\t\t\t\t\t<h2 data-section-id=\"1w1hscf\" data-start=\"135\" data-end=\"183\">Book 3 driving lessons in March - get theory for free<\/h2><h3 data-start=\"184\" data-end=\"209\"><strong data-start=\"184\" data-end=\"209\">Save SEK 1,500 immediately<\/strong><\/h3><p data-start=\"211\" data-end=\"352\">Do you want to get started with your driving licence properly?<br data-start=\"256\" data-end=\"259\" \/>During March, you'll get 3 driving lessons + free driving theory for 3 months when you book with us.<\/p><p data-start=\"354\" data-end=\"389\">This is the perfect way to:<\/p><ul><li data-start=\"392\" data-end=\"410\">Get started quickly<\/li><li data-start=\"413\" data-end=\"443\">Test drive with driving instructor<\/li><li data-start=\"446\" data-end=\"488\">Get a clear start on your journey to your driving licence<\/li><\/ul><p data-start=\"490\" data-end=\"540\">Limited offer - valid only during March<\/p>\t\t\t\t\t\t\t\t<\/div>\n\t\t\t\t<\/div>\n\t\t\t\t<div class=\"elementor-element elementor-element-612cd78 elementor-mobile-align-center elementor-widget elementor-widget-button\" data-id=\"612cd78\" data-element_type=\"widget\" data-widget_type=\"button.default\">\n\t\t\t\t<div class=\"elementor-widget-container\">\n\t\t\t\t\t\t\t\t\t<div class=\"elementor-button-wrapper\">\n\t\t\t\t\t<a class=\"elementor-button elementor-button-link elementor-size-sm\" href=\"https:\/\/elev.bjorkstadenstrafikskola.com\/shop\/ny-elev\/2-st-korlektioner-3\">\n\t\t\t\t\t\t<span class=\"elementor-button-content-wrapper\">\n\t\t\t\t\t\t<span class=\"elementor-button-icon\">\n\t\t\t\t<i aria-hidden=\"true\" class=\"fas fa-long-arrow-alt-right\"><\/i>\t\t\t<\/span>\n\t\t\t\t\t\t\t\t\t<span class=\"elementor-button-text\">To the package<\/span>\n\t\t\t\t\t<\/span>\n\t\t\t\t\t<\/a>\n\t\t\t\t<\/div>\n\t\t\t\t\t\t\t\t<\/div>\n\t\t\t\t<\/div>\n\t\t\t\t\t<\/div>\n\t\t<\/div>\n\t\t\t\t<div class=\"elementor-column elementor-col-50 elementor-top-column elementor-element elementor-element-513ff4fd\" data-id=\"513ff4fd\" data-element_type=\"column\">\n\t\t\t<div class=\"elementor-widget-wrap elementor-element-populated\">\n\t\t\t\t\t\t<div class=\"elementor-element elementor-element-56682c33 elementor-widget elementor-widget-image\" data-id=\"56682c33\" data-element_type=\"widget\" data-widget_type=\"image.default\">\n\t\t\t\t<div class=\"elementor-widget-container\">\n\t\t\t\t\t\t\t\t\t\t\t\t\t\t\t<img fetchpriority=\"high\" decoding=\"async\" width=\"612\" height=\"792\" src=\"https:\/\/bjorkstadenstrafikskola.com\/wp-content\/uploads\/2021\/10\/icon2-1.svg\" class=\"attachment-large size-large wp-image-71\" alt=\"Your driving school in Ume\u00e5\" \/>\t\t\t\t\t\t\t\t\t\t\t\t\t\t\t<\/div>\n\t\t\t\t<\/div>\n\t\t\t\t\t<\/div>\n\t\t<\/div>\n\t\t\t\t\t<\/div>\n\t\t<\/section>\n\t\t\t\t<section class=\"elementor-section elementor-top-section elementor-element elementor-element-1a28300 elementor-section-content-middle elementor-reverse-mobile elementor-section-boxed elementor-section-height-default elementor-section-height-default\" data-id=\"1a28300\" data-element_type=\"section\">\n\t\t\t\t\t\t<div class=\"elementor-container elementor-column-gap-default\">\n\t\t\t\t\t<div class=\"elementor-column elementor-col-50 elementor-top-column elementor-element elementor-element-2e8689a\" data-id=\"2e8689a\" data-element_type=\"column\">\n\t\t\t<div class=\"elementor-widget-wrap elementor-element-populated\">\n\t\t\t\t\t\t<div class=\"elementor-element elementor-element-afbd719 elementor-widget elementor-widget-image\" data-id=\"afbd719\" data-element_type=\"widget\" data-widget_type=\"image.default\">\n\t\t\t\t<div class=\"elementor-widget-container\">\n\t\t\t\t\t\t\t\t\t\t\t\t\t\t\t<img decoding=\"async\" width=\"612\" height=\"792\" src=\"https:\/\/bjorkstadenstrafikskola.com\/wp-content\/uploads\/2024\/01\/handledarutbildning-handledarkurs.svg\" class=\"attachment-large size-large wp-image-3036\" alt=\"Supervisor training, supervisor course Ume\u00e5\" \/>\t\t\t\t\t\t\t\t\t\t\t\t\t\t\t<\/div>\n\t\t\t\t<\/div>\n\t\t\t\t\t<\/div>\n\t\t<\/div>\n\t\t\t\t<div class=\"elementor-column elementor-col-50 elementor-top-column elementor-element elementor-element-b137394\" data-id=\"b137394\" data-element_type=\"column\">\n\t\t\t<div class=\"elementor-widget-wrap elementor-element-populated\">\n\t\t\t\t\t\t<div class=\"elementor-element elementor-element-481b41c elementor-widget elementor-widget-text-editor\" data-id=\"481b41c\" data-element_type=\"widget\" data-widget_type=\"text-editor.default\">\n\t\t\t\t<div class=\"elementor-widget-container\">\n\t\t\t\t\t\t\t\t\t<h2>A smart starter kit for your driving licence<\/h2><p data-start=\"650\" data-end=\"670\">When you book, you get:<\/p><ul><li data-start=\"674\" data-end=\"700\">3 driving lessons (55 minutes)<\/li><li data-start=\"703\" data-end=\"745\">Digital theory for 3 months (value \u00a31,500)<\/li><li data-start=\"748\" data-end=\"779\">A clear start and plan ahead<\/li><\/ul><p data-start=\"781\" data-end=\"847\">You get both practical driving and theory right away, which means you:<\/p><ul><li data-start=\"850\" data-end=\"866\">Learn faster<\/li><li data-start=\"869\" data-end=\"892\">Understand the traffic better<\/li><li data-start=\"895\" data-end=\"925\">Getting better results from the start<\/li><\/ul><p data-start=\"927\" data-end=\"960\">This is perfect for those who:<\/p><ul><li data-start=\"963\" data-end=\"988\">Are new and want to start right<\/li><li data-start=\"991\" data-end=\"1031\">Want to test before booking more lessons<\/li><li data-start=\"1034\" data-end=\"1073\">Will combine driving and theory directly<\/li><\/ul>\t\t\t\t\t\t\t\t<\/div>\n\t\t\t\t<\/div>\n\t\t\t\t\t<\/div>\n\t\t<\/div>\n\t\t\t\t\t<\/div>\n\t\t<\/section>\n\t\t\t\t<section class=\"elementor-section elementor-top-section elementor-element elementor-element-f03865f elementor-section-content-middle elementor-section-boxed elementor-section-height-default elementor-section-height-default\" data-id=\"f03865f\" data-element_type=\"section\">\n\t\t\t\t\t\t<div class=\"elementor-container elementor-column-gap-default\">\n\t\t\t\t\t<div class=\"elementor-column elementor-col-50 elementor-top-column elementor-element elementor-element-bd3ea07\" data-id=\"bd3ea07\" data-element_type=\"column\">\n\t\t\t<div class=\"elementor-widget-wrap elementor-element-populated\">\n\t\t\t\t\t\t<div class=\"elementor-element elementor-element-4c94140 elementor-widget elementor-widget-text-editor\" data-id=\"4c94140\" data-element_type=\"widget\" data-widget_type=\"text-editor.default\">\n\t\t\t\t<div class=\"elementor-widget-container\">\n\t\t\t\t\t\t\t\t\t<h2>Take the first step without paying too much<\/h2><p data-start=\"1171\" data-end=\"1218\">Ordinary price: SEK 4 305<br data-start=\"1199\" data-end=\"1202\" \/>Now: 2,805 kr<\/p><p data-start=\"1220\" data-end=\"1252\">You save a total of \u00a31,500<\/p><p data-start=\"1254\" data-end=\"1344\">But most importantly:<br data-start=\"1276\" data-end=\"1279\" \/>You get a real start instead of postponing your driving licence.<\/p>\t\t\t\t\t\t\t\t<\/div>\n\t\t\t\t<\/div>\n\t\t\t\t<div class=\"elementor-element elementor-element-9c28be9 elementor-mobile-align-center elementor-widget elementor-widget-button\" data-id=\"9c28be9\" data-element_type=\"widget\" data-widget_type=\"button.default\">\n\t\t\t\t<div class=\"elementor-widget-container\">\n\t\t\t\t\t\t\t\t\t<div class=\"elementor-button-wrapper\">\n\t\t\t\t\t<a class=\"elementor-button elementor-button-link elementor-size-sm\" href=\"https:\/\/elev.bjorkstadenstrafikskola.com\/shop\/ny-elev\/2-st-korlektioner-3\">\n\t\t\t\t\t\t<span class=\"elementor-button-content-wrapper\">\n\t\t\t\t\t\t<span class=\"elementor-button-icon\">\n\t\t\t\t<i aria-hidden=\"true\" class=\"fas fa-long-arrow-alt-right\"><\/i>\t\t\t<\/span>\n\t\t\t\t\t\t\t\t\t<span class=\"elementor-button-text\">To the package<\/span>\n\t\t\t\t\t<\/span>\n\t\t\t\t\t<\/a>\n\t\t\t\t<\/div>\n\t\t\t\t\t\t\t\t<\/div>\n\t\t\t\t<\/div>\n\t\t\t\t\t<\/div>\n\t\t<\/div>\n\t\t\t\t<div class=\"elementor-column elementor-col-50 elementor-top-column elementor-element elementor-element-d3c2be4\" data-id=\"d3c2be4\" data-element_type=\"column\">\n\t\t\t<div class=\"elementor-widget-wrap elementor-element-populated\">\n\t\t\t\t\t\t<div class=\"elementor-element elementor-element-776c41d elementor-widget elementor-widget-image\" data-id=\"776c41d\" data-element_type=\"widget\" data-widget_type=\"image.default\">\n\t\t\t\t<div class=\"elementor-widget-container\">\n\t\t\t\t\t\t\t\t\t\t\t\t\t\t\t<img decoding=\"async\" width=\"1024\" height=\"683\" src=\"https:\/\/bjorkstadenstrafikskola.com\/wp-content\/uploads\/2026\/02\/raket3-1024x683.png\" class=\"attachment-large size-large wp-image-4591\" alt=\"\" srcset=\"https:\/\/bjorkstadenstrafikskola.com\/wp-content\/uploads\/2026\/02\/raket3-1024x683.png 1024w, https:\/\/bjorkstadenstrafikskola.com\/wp-content\/uploads\/2026\/02\/raket3-300x200.png 300w, https:\/\/bjorkstadenstrafikskola.com\/wp-content\/uploads\/2026\/02\/raket3-768x512.png 768w, https:\/\/bjorkstadenstrafikskola.com\/wp-content\/uploads\/2026\/02\/raket3-18x12.png 18w, https:\/\/bjorkstadenstrafikskola.com\/wp-content\/uploads\/2026\/02\/raket3-600x400.png 600w, https:\/\/bjorkstadenstrafikskola.com\/wp-content\/uploads\/2026\/02\/raket3.png 1536w\" sizes=\"(max-width: 1024px) 100vw, 1024px\" \/>\t\t\t\t\t\t\t\t\t\t\t\t\t\t\t<\/div>\n\t\t\t\t<\/div>\n\t\t\t\t\t<\/div>\n\t\t<\/div>\n\t\t\t\t\t<\/div>\n\t\t<\/section>\n\t\t\t\t<\/div>","protected":false},"excerpt":{"rendered":"<p>3 st K\u00f6rlektioner och Teori Boka 3 k\u00f6rlektioner i mars &#8211; f\u00e5 teori gratis Spara 1 500 kr direkt Vill du komma ig\u00e5ng med k\u00f6rkortet p\u00e5 riktigt?Under mars f\u00e5r du 3 k\u00f6rlektioner + gratis k\u00f6rkortsteori i 3 m\u00e5nader n\u00e4r du bokar hos oss. Det h\u00e4r \u00e4r det perfekta s\u00e4ttet att: Komma ig\u00e5ng snabbt Testa k\u00f6rning [&hellip;]<\/p>","protected":false},"author":571,"featured_media":0,"parent":0,"menu_order":0,"comment_status":"closed","ping_status":"closed","template":"","meta":{"site-sidebar-layout":"no-sidebar","site-content-layout":"page-builder","ast-site-content-layout":"full-width-container","site-content-style":"unboxed","site-sidebar-style":"unboxed","ast-global-header-display":"","ast-banner-title-visibility":"","ast-main-header-display":"","ast-hfb-above-header-display":"","ast-hfb-below-header-display":"","ast-hfb-mobile-header-display":"","site-post-title":"disabled","ast-breadcrumbs-content":"","ast-featured-img":"disabled","footer-sml-layout":"","theme-transparent-header-meta":"default","adv-header-id-meta":"","stick-header-meta":"","header-above-stick-meta":"","header-main-stick-meta":"","header-below-stick-meta":"","astra-migrate-meta-layouts":"set","ast-page-background-enabled":"default","ast-page-background-meta":{"desktop":{"background-color":"var(--ast-global-color-4)","background-image":"","background-repeat":"repeat","background-position":"center center","background-size":"auto","background-attachment":"scroll","background-type":"","background-media":"","overlay-type":"","overlay-color":"","overlay-opacity":"","overlay-gradient":""},"tablet":{"background-color":"","background-image":"","background-repeat":"repeat","background-position":"center center","background-size":"auto","background-attachment":"scroll","background-type":"","background-media":"","overlay-type":"","overlay-color":"","overlay-opacity":"","overlay-gradient":""},"mobile":{"background-color":"","background-image":"","background-repeat":"repeat","background-position":"center center","background-size":"auto","background-attachment":"scroll","background-type":"","background-media":"","overlay-type":"","overlay-color":"","overlay-opacity":"","overlay-gradient":""}},"ast-content-background-meta":{"desktop":{"background-color":"var(--ast-global-color-5)","background-image":"","background-repeat":"repeat","background-position":"center center","background-size":"auto","background-attachment":"scroll","background-type":"","background-media":"","overlay-type":"","overlay-color":"","overlay-opacity":"","overlay-gradient":""},"tablet":{"background-color":"var(--ast-global-color-5)","background-image":"","background-repeat":"repeat","background-position":"center center","background-size":"auto","background-attachment":"scroll","background-type":"","background-media":"","overlay-type":"","overlay-color":"","overlay-opacity":"","overlay-gradient":""},"mobile":{"background-color":"var(--ast-global-color-5)","background-image":"","background-repeat":"repeat","background-position":"center center","background-size":"auto","background-attachment":"scroll","background-type":"","background-media":"","overlay-type":"","overlay-color":"","overlay-opacity":"","overlay-gradient":""}},"footnotes":""},"class_list":["post-4631","page","type-page","status-publish","hentry"],"yoast_head":"<!-- This site is optimized with the Yoast SEO plugin v26.0 - https:\/\/yoast.com\/wordpress\/plugins\/seo\/ -->\n<title>3st k\u00f6rlektioner och teori i mars | Bj\u00f6rkstadens Trafikskola<\/title>\n<meta name=\"robots\" content=\"index, follow, max-snippet:-1, max-image-preview:large, max-video-preview:-1\" \/>\n<link rel=\"canonical\" href=\"https:\/\/bjorkstadenstrafikskola.com\/en\/3-lessons-march\/\" \/>\n<meta property=\"og:locale\" content=\"en_GB\" \/>\n<meta property=\"og:type\" content=\"article\" \/>\n<meta property=\"og:title\" content=\"3st k\u00f6rlektioner och teori i mars | Bj\u00f6rkstadens Trafikskola\" \/>\n<meta property=\"og:description\" content=\"3 st K\u00f6rlektioner och Teori Boka 3 k\u00f6rlektioner i mars &#8211; f\u00e5 teori gratis Spara 1 500 kr direkt Vill du komma ig\u00e5ng med k\u00f6rkortet p\u00e5 riktigt?Under mars f\u00e5r du 3 k\u00f6rlektioner + gratis k\u00f6rkortsteori i 3 m\u00e5nader n\u00e4r du bokar hos oss. Det h\u00e4r \u00e4r det perfekta s\u00e4ttet att: Komma ig\u00e5ng snabbt Testa k\u00f6rning [&hellip;]\" \/>\n<meta property=\"og:url\" content=\"https:\/\/bjorkstadenstrafikskola.com\/en\/3-lessons-march\/\" \/>\n<meta property=\"og:site_name\" content=\"Bj\u00f6rkstadens Trafikskola\" \/>\n<meta property=\"article:modified_time\" content=\"2026-03-20T15:21:45+00:00\" \/>\n<meta property=\"og:image\" content=\"https:\/\/bjorkstadenstrafikskola.com\/wp-content\/uploads\/2021\/10\/icon2-1.svg\" \/>\n<meta name=\"twitter:card\" content=\"summary_large_image\" \/>\n<meta name=\"twitter:label1\" content=\"Estimated reading time\" \/>\n\t<meta name=\"twitter:data1\" content=\"2 minutes\" \/>\n<!-- \/ Yoast SEO plugin. -->","yoast_head_json":{"title":"3 driving lessons and theory in March | Bj\u00f6rkstadens Trafikskola","robots":{"index":"index","follow":"follow","max-snippet":"max-snippet:-1","max-image-preview":"max-image-preview:large","max-video-preview":"max-video-preview:-1"},"canonical":"https:\/\/bjorkstadenstrafikskola.com\/en\/3-lessons-march\/","og_locale":"en_GB","og_type":"article","og_title":"3st k\u00f6rlektioner och teori i mars | Bj\u00f6rkstadens Trafikskola","og_description":"3 st K\u00f6rlektioner och Teori Boka 3 k\u00f6rlektioner i mars &#8211; f\u00e5 teori gratis Spara 1 500 kr direkt Vill du komma ig\u00e5ng med k\u00f6rkortet p\u00e5 riktigt?Under mars f\u00e5r du 3 k\u00f6rlektioner + gratis k\u00f6rkortsteori i 3 m\u00e5nader n\u00e4r du bokar hos oss. Det h\u00e4r \u00e4r det perfekta s\u00e4ttet att: Komma ig\u00e5ng snabbt Testa k\u00f6rning [&hellip;]","og_url":"https:\/\/bjorkstadenstrafikskola.com\/en\/3-lessons-march\/","og_site_name":"Bj\u00f6rkstadens Trafikskola","article_modified_time":"2026-03-20T15:21:45+00:00","og_image":[{"url":"https:\/\/bjorkstadenstrafikskola.com\/wp-content\/uploads\/2021\/10\/icon2-1.svg","type":"","width":"","height":""}],"twitter_card":"summary_large_image","twitter_misc":{"Estimated reading time":"2 minutes"},"schema":{"@context":"https:\/\/schema.org","@graph":[{"@type":"WebPage","@id":"https:\/\/bjorkstadenstrafikskola.com\/3-lektioner-mars\/","url":"https:\/\/bjorkstadenstrafikskola.com\/3-lektioner-mars\/","name":"3 driving lessons and theory in March | Bj\u00f6rkstadens Trafikskola","isPartOf":{"@id":"https:\/\/bjorkstadenstrafikskola.com\/#website"},"primaryImageOfPage":{"@id":"https:\/\/bjorkstadenstrafikskola.com\/3-lektioner-mars\/#primaryimage"},"image":{"@id":"https:\/\/bjorkstadenstrafikskola.com\/3-lektioner-mars\/#primaryimage"},"thumbnailUrl":"https:\/\/bjorkstadenstrafikskola.com\/wp-content\/uploads\/2021\/10\/icon2-1.svg","datePublished":"2026-03-20T15:21:44+00:00","dateModified":"2026-03-20T15:21:45+00:00","breadcrumb":{"@id":"https:\/\/bjorkstadenstrafikskola.com\/3-lektioner-mars\/#breadcrumb"},"inLanguage":"en-GB","potentialAction":[{"@type":"ReadAction","target":["https:\/\/bjorkstadenstrafikskola.com\/3-lektioner-mars\/"]}]},{"@type":"ImageObject","inLanguage":"en-GB","@id":"https:\/\/bjorkstadenstrafikskola.com\/3-lektioner-mars\/#primaryimage","url":"https:\/\/bjorkstadenstrafikskola.com\/wp-content\/uploads\/2021\/10\/icon2-1.svg","contentUrl":"https:\/\/bjorkstadenstrafikskola.com\/wp-content\/uploads\/2021\/10\/icon2-1.svg"},{"@type":"BreadcrumbList","@id":"https:\/\/bjorkstadenstrafikskola.com\/3-lektioner-mars\/#breadcrumb","itemListElement":[{"@type":"ListItem","position":1,"name":"Hem","item":"https:\/\/bjorkstadenstrafikskola.com\/"},{"@type":"ListItem","position":2,"name":"3 lektioner mars"}]},{"@type":"WebSite","@id":"https:\/\/bjorkstadenstrafikskola.com\/#website","url":"https:\/\/bjorkstadenstrafikskola.com\/","name":"Bj\u00f6rkstaden Driving School","description":"Personalised driving lessons in Ume\u00e5","publisher":{"@id":"https:\/\/bjorkstadenstrafikskola.com\/#organization"},"potentialAction":[{"@type":"SearchAction","target":{"@type":"EntryPoint","urlTemplate":"https:\/\/bjorkstadenstrafikskola.com\/?s={search_term_string}"},"query-input":{"@type":"PropertyValueSpecification","valueRequired":true,"valueName":"search_term_string"}}],"inLanguage":"en-GB"},{"@type":"Organization","@id":"https:\/\/bjorkstadenstrafikskola.com\/#organization","name":"Bj\u00f6rkstaden Driving School","url":"https:\/\/bjorkstadenstrafikskola.com\/","logo":{"@type":"ImageObject","inLanguage":"en-GB","@id":"https:\/\/bjorkstadenstrafikskola.com\/#\/schema\/logo\/image\/","url":"https:\/\/bjorkstadenstrafikskola.com\/wp-content\/uploads\/2021\/10\/transpetant-60px.png","contentUrl":"https:\/\/bjorkstadenstrafikskola.com\/wp-content\/uploads\/2021\/10\/transpetant-60px.png","width":283,"height":60,"caption":"Bj\u00f6rkstadens Trafikskola"},"image":{"@id":"https:\/\/bjorkstadenstrafikskola.com\/#\/schema\/logo\/image\/"}}]}},"_links":{"self":[{"href":"https:\/\/bjorkstadenstrafikskola.com\/en\/wp-json\/wp\/v2\/pages\/4631","targetHints":{"allow":["GET"]}}],"collection":[{"href":"https:\/\/bjorkstadenstrafikskola.com\/en\/wp-json\/wp\/v2\/pages"}],"about":[{"href":"https:\/\/bjorkstadenstrafikskola.com\/en\/wp-json\/wp\/v2\/types\/page"}],"author":[{"embeddable":true,"href":"https:\/\/bjorkstadenstrafikskola.com\/en\/wp-json\/wp\/v2\/users\/571"}],"replies":[{"embeddable":true,"href":"https:\/\/bjorkstadenstrafikskola.com\/en\/wp-json\/wp\/v2\/comments?post=4631"}],"version-history":[{"count":4,"href":"https:\/\/bjorkstadenstrafikskola.com\/en\/wp-json\/wp\/v2\/pages\/4631\/revisions"}],"predecessor-version":[{"id":4635,"href":"https:\/\/bjorkstadenstrafikskola.com\/en\/wp-json\/wp\/v2\/pages\/4631\/revisions\/4635"}],"wp:attachment":[{"href":"https:\/\/bjorkstadenstrafikskola.com\/en\/wp-json\/wp\/v2\/media?parent=4631"}],"curies":[{"name":"wp","href":"https:\/\/api.w.org\/{rel}","templated":true}]}}