{"id":4613,"date":"2026-03-03T16:29:10","date_gmt":"2026-03-03T15:29:10","guid":{"rendered":"https:\/\/bjorkstadenstrafikskola.com\/?page_id=4613"},"modified":"2026-03-03T16:42:44","modified_gmt":"2026-03-03T15:42:44","slug":"kick-starting-the-product","status":"publish","type":"page","link":"https:\/\/bjorkstadenstrafikskola.com\/en\/kick-starting-the-product\/","title":{"rendered":"V\u00e5rens kickstart"},"content":{"rendered":"<div data-elementor-type=\"wp-page\" data-elementor-id=\"4613\" class=\"elementor elementor-4613\" data-elementor-post-type=\"page\">\n\t\t\t\t\t\t<section class=\"elementor-section elementor-top-section elementor-element elementor-element-574549a7 elementor-section-height-min-height elementor-section-boxed elementor-section-height-default elementor-section-items-middle\" data-id=\"574549a7\" data-element_type=\"section\" data-settings=\"{&quot;background_background&quot;:&quot;classic&quot;}\">\n\t\t\t\t\t\t\t<div class=\"elementor-background-overlay\"><\/div>\n\t\t\t\t\t\t\t<div class=\"elementor-container elementor-column-gap-default\">\n\t\t\t\t\t<div class=\"elementor-column elementor-col-100 elementor-top-column elementor-element elementor-element-209dddf7\" data-id=\"209dddf7\" data-element_type=\"column\">\n\t\t\t<div class=\"elementor-widget-wrap elementor-element-populated\">\n\t\t\t\t\t\t<div class=\"elementor-element elementor-element-19134b13 elementor-widget elementor-widget-heading\" data-id=\"19134b13\" data-element_type=\"widget\" data-widget_type=\"heading.default\">\n\t\t\t\t<div class=\"elementor-widget-container\">\n\t\t\t\t\t<h1 class=\"elementor-heading-title elementor-size-default\">Kick-start your driving licence this spring<\/h1>\t\t\t\t<\/div>\n\t\t\t\t<\/div>\n\t\t\t\t\t<\/div>\n\t\t<\/div>\n\t\t\t\t\t<\/div>\n\t\t<\/section>\n\t\t\t\t<section class=\"elementor-section elementor-top-section elementor-element elementor-element-61e31ffb elementor-section-content-middle elementor-section-boxed elementor-section-height-default elementor-section-height-default\" data-id=\"61e31ffb\" data-element_type=\"section\">\n\t\t\t\t\t\t<div class=\"elementor-container elementor-column-gap-default\">\n\t\t\t\t\t<div class=\"elementor-column elementor-col-50 elementor-top-column elementor-element elementor-element-6c026df0\" data-id=\"6c026df0\" data-element_type=\"column\">\n\t\t\t<div class=\"elementor-widget-wrap elementor-element-populated\">\n\t\t\t\t\t\t<div class=\"elementor-element elementor-element-3e1d9f4d elementor-widget elementor-widget-text-editor\" data-id=\"3e1d9f4d\" data-element_type=\"widget\" data-widget_type=\"text-editor.default\">\n\t\t\t\t<div class=\"elementor-widget-container\">\n\t\t\t\t\t\t\t\t\t<h2 data-start=\"308\" data-end=\"371\">5 lessons for the price of 4!<\/h2><h4>Save 935 kr. Limited time offer in Ume\u00e5<\/h4><p data-start=\"420\" data-end=\"595\">Now we're giving you the chance to get your driving licence and save money at the same time.<br data-start=\"499\" data-end=\"502\" \/>Book our popular <strong data-start=\"521\" data-end=\"541\">Spring package 5 for 4<\/strong> and pay only <strong data-start=\"560\" data-end=\"572\">3 740 kr<\/strong> instead of 4,675 kr.<\/p><p data-start=\"597\" data-end=\"617\">Perfect for those who:<\/p><ul><li data-start=\"620\" data-end=\"642\">Want to get a driving licence in Ume\u00e5<\/li><li data-start=\"645\" data-end=\"669\">Studying at university<\/li><li data-start=\"672\" data-end=\"716\">Want to test us out before booking more lessons.<\/li><li data-start=\"719\" data-end=\"748\">Want to get started quickly this spring<\/li><\/ul><p data-start=\"750\" data-end=\"813\"><strong data-start=\"753\" data-end=\"813\">You get 5 driving lessons (55 min) but only pay for 4.<\/strong><\/p>\t\t\t\t\t\t\t\t<\/div>\n\t\t\t\t<\/div>\n\t\t\t\t<div class=\"elementor-element elementor-element-612cd78 elementor-mobile-align-center elementor-widget elementor-widget-button\" data-id=\"612cd78\" data-element_type=\"widget\" data-widget_type=\"button.default\">\n\t\t\t\t<div class=\"elementor-widget-container\">\n\t\t\t\t\t\t\t\t\t<div class=\"elementor-button-wrapper\">\n\t\t\t\t\t<a class=\"elementor-button elementor-button-link elementor-size-sm\" href=\"https:\/\/elev.bjorkstadenstrafikskola.com\/shop\/ny-elev\/nyarloftet\">\n\t\t\t\t\t\t<span class=\"elementor-button-content-wrapper\">\n\t\t\t\t\t\t<span class=\"elementor-button-icon\">\n\t\t\t\t<i aria-hidden=\"true\" class=\"fas fa-long-arrow-alt-right\"><\/i>\t\t\t<\/span>\n\t\t\t\t\t\t\t\t\t<span class=\"elementor-button-text\">To the offer<\/span>\n\t\t\t\t\t<\/span>\n\t\t\t\t\t<\/a>\n\t\t\t\t<\/div>\n\t\t\t\t\t\t\t\t<\/div>\n\t\t\t\t<\/div>\n\t\t\t\t\t<\/div>\n\t\t<\/div>\n\t\t\t\t<div class=\"elementor-column elementor-col-50 elementor-top-column elementor-element elementor-element-513ff4fd\" data-id=\"513ff4fd\" data-element_type=\"column\">\n\t\t\t<div class=\"elementor-widget-wrap elementor-element-populated\">\n\t\t\t\t\t\t<div class=\"elementor-element elementor-element-56682c33 elementor-widget elementor-widget-image\" data-id=\"56682c33\" data-element_type=\"widget\" data-widget_type=\"image.default\">\n\t\t\t\t<div class=\"elementor-widget-container\">\n\t\t\t\t\t\t\t\t\t\t\t\t\t\t\t<img fetchpriority=\"high\" decoding=\"async\" width=\"1024\" height=\"683\" src=\"https:\/\/bjorkstadenstrafikskola.com\/wp-content\/uploads\/2026\/02\/raketenbild-1024x683.png\" class=\"attachment-large size-large wp-image-4589\" alt=\"\" srcset=\"https:\/\/bjorkstadenstrafikskola.com\/wp-content\/uploads\/2026\/02\/raketenbild-1024x683.png 1024w, https:\/\/bjorkstadenstrafikskola.com\/wp-content\/uploads\/2026\/02\/raketenbild-300x200.png 300w, https:\/\/bjorkstadenstrafikskola.com\/wp-content\/uploads\/2026\/02\/raketenbild-768x512.png 768w, https:\/\/bjorkstadenstrafikskola.com\/wp-content\/uploads\/2026\/02\/raketenbild-18x12.png 18w, https:\/\/bjorkstadenstrafikskola.com\/wp-content\/uploads\/2026\/02\/raketenbild-600x400.png 600w, https:\/\/bjorkstadenstrafikskola.com\/wp-content\/uploads\/2026\/02\/raketenbild.png 1536w\" sizes=\"(max-width: 1024px) 100vw, 1024px\" \/>\t\t\t\t\t\t\t\t\t\t\t\t\t\t\t<\/div>\n\t\t\t\t<\/div>\n\t\t\t\t\t<\/div>\n\t\t<\/div>\n\t\t\t\t\t<\/div>\n\t\t<\/section>\n\t\t\t\t<section class=\"elementor-section elementor-top-section elementor-element elementor-element-1a28300 elementor-section-content-middle elementor-reverse-mobile elementor-section-boxed elementor-section-height-default elementor-section-height-default\" data-id=\"1a28300\" data-element_type=\"section\">\n\t\t\t\t\t\t<div class=\"elementor-container elementor-column-gap-default\">\n\t\t\t\t\t<div class=\"elementor-column elementor-col-50 elementor-top-column elementor-element elementor-element-2e8689a\" data-id=\"2e8689a\" data-element_type=\"column\">\n\t\t\t<div class=\"elementor-widget-wrap elementor-element-populated\">\n\t\t\t\t\t\t<div class=\"elementor-element elementor-element-afbd719 elementor-widget elementor-widget-image\" data-id=\"afbd719\" data-element_type=\"widget\" data-widget_type=\"image.default\">\n\t\t\t\t<div class=\"elementor-widget-container\">\n\t\t\t\t\t\t\t\t\t\t\t\t\t\t\t<img decoding=\"async\" width=\"612\" height=\"792\" src=\"https:\/\/bjorkstadenstrafikskola.com\/wp-content\/uploads\/2021\/10\/icon3-1.svg\" class=\"attachment-large size-large wp-image-72\" alt=\"\" \/>\t\t\t\t\t\t\t\t\t\t\t\t\t\t\t<\/div>\n\t\t\t\t<\/div>\n\t\t\t\t\t<\/div>\n\t\t<\/div>\n\t\t\t\t<div class=\"elementor-column elementor-col-50 elementor-top-column elementor-element elementor-element-b137394\" data-id=\"b137394\" data-element_type=\"column\">\n\t\t\t<div class=\"elementor-widget-wrap elementor-element-populated\">\n\t\t\t\t\t\t<div class=\"elementor-element elementor-element-481b41c elementor-widget elementor-widget-text-editor\" data-id=\"481b41c\" data-element_type=\"widget\" data-widget_type=\"text-editor.default\">\n\t\t\t\t<div class=\"elementor-widget-container\">\n\t\t\t\t\t\t\t\t\t<h2>A personalised driving school near Ume\u00e5 University<\/h2><p data-start=\"874\" data-end=\"935\">At Bj\u00f6rkstadens Trafikskola you get more than just driving lessons.<\/p><p data-start=\"937\" data-end=\"1081\">\u2714 Personalised approach<br data-start=\"959\" data-end=\"962\" \/>\u2714 Discreet practice cars<br data-start=\"985\" data-end=\"988\" \/>\u2714 50 years of experience in Ume\u00e5<br data-start=\"1014\" data-end=\"1017\" \/>\u2714 Customised training according to your level<br data-start=\"1053\" data-end=\"1056\" \/>\u2714 Manual or automatic<\/p><p data-start=\"1083\" data-end=\"1205\">We are located at Axtorpsv\u00e4gen 5A, closest to the university.<br data-start=\"1138\" data-end=\"1141\" \/>Here, taking a driving licence should feel safe, relaxed and fun.<\/p><p data-start=\"1083\" data-end=\"1205\"><span style=\"font-size: 16px;\">\"A more personal driving school\"<\/span><\/p><p data-start=\"1209\" data-end=\"1263\">- Kenneth, driving instructor<\/p>\t\t\t\t\t\t\t\t<\/div>\n\t\t\t\t<\/div>\n\t\t\t\t\t<\/div>\n\t\t<\/div>\n\t\t\t\t\t<\/div>\n\t\t<\/section>\n\t\t\t\t<section class=\"elementor-section elementor-top-section elementor-element elementor-element-f03865f elementor-section-content-middle elementor-section-boxed elementor-section-height-default elementor-section-height-default\" data-id=\"f03865f\" data-element_type=\"section\">\n\t\t\t\t\t\t<div class=\"elementor-container elementor-column-gap-default\">\n\t\t\t\t\t<div class=\"elementor-column elementor-col-50 elementor-top-column elementor-element elementor-element-bd3ea07\" data-id=\"bd3ea07\" data-element_type=\"column\">\n\t\t\t<div class=\"elementor-widget-wrap elementor-element-populated\">\n\t\t\t\t\t\t<div class=\"elementor-element elementor-element-4c94140 elementor-widget elementor-widget-text-editor\" data-id=\"4c94140\" data-element_type=\"widget\" data-widget_type=\"text-editor.default\">\n\t\t\t\t<div class=\"elementor-widget-container\">\n\t\t\t\t\t\t\t\t\t<h2>Therefore, this is the perfect place to start<\/h2><p data-start=\"1315\" data-end=\"1396\">The number of lessons you need is individual, but everyone needs to start somewhere.<\/p><p data-start=\"1398\" data-end=\"1433\">This pack is perfect for:<\/p><ul><li data-start=\"1437\" data-end=\"1459\">Getting started properly<\/li><li data-start=\"1462\" data-end=\"1479\">Get a clear plan<\/li><li data-start=\"1482\" data-end=\"1507\">Test how far you have come<\/li><li data-start=\"1510\" data-end=\"1539\">Building confidence in the car<\/li><\/ul><p>Whether you're a beginner or already practising, we meet you where you are.<\/p>\t\t\t\t\t\t\t\t<\/div>\n\t\t\t\t<\/div>\n\t\t\t\t<div class=\"elementor-element elementor-element-9c28be9 elementor-mobile-align-center elementor-widget elementor-widget-button\" data-id=\"9c28be9\" data-element_type=\"widget\" data-widget_type=\"button.default\">\n\t\t\t\t<div class=\"elementor-widget-container\">\n\t\t\t\t\t\t\t\t\t<div class=\"elementor-button-wrapper\">\n\t\t\t\t\t<a class=\"elementor-button elementor-button-link elementor-size-sm\" href=\"https:\/\/elev.bjorkstadenstrafikskola.com\/shop\/ny-elev\/nyarloftet\">\n\t\t\t\t\t\t<span class=\"elementor-button-content-wrapper\">\n\t\t\t\t\t\t<span class=\"elementor-button-icon\">\n\t\t\t\t<i aria-hidden=\"true\" class=\"fas fa-long-arrow-alt-right\"><\/i>\t\t\t<\/span>\n\t\t\t\t\t\t\t\t\t<span class=\"elementor-button-text\">To the offer<\/span>\n\t\t\t\t\t<\/span>\n\t\t\t\t\t<\/a>\n\t\t\t\t<\/div>\n\t\t\t\t\t\t\t\t<\/div>\n\t\t\t\t<\/div>\n\t\t\t\t\t<\/div>\n\t\t<\/div>\n\t\t\t\t<div class=\"elementor-column elementor-col-50 elementor-top-column elementor-element elementor-element-d3c2be4\" data-id=\"d3c2be4\" data-element_type=\"column\">\n\t\t\t<div class=\"elementor-widget-wrap elementor-element-populated\">\n\t\t\t\t\t\t<div class=\"elementor-element elementor-element-776c41d elementor-widget elementor-widget-image\" data-id=\"776c41d\" data-element_type=\"widget\" data-widget_type=\"image.default\">\n\t\t\t\t<div class=\"elementor-widget-container\">\n\t\t\t\t\t\t\t\t\t\t\t\t\t\t\t<img decoding=\"async\" width=\"1024\" height=\"683\" src=\"https:\/\/bjorkstadenstrafikskola.com\/wp-content\/uploads\/2026\/02\/raketbild2-1024x683.png\" class=\"attachment-large size-large wp-image-4590\" alt=\"\" srcset=\"https:\/\/bjorkstadenstrafikskola.com\/wp-content\/uploads\/2026\/02\/raketbild2-1024x683.png 1024w, https:\/\/bjorkstadenstrafikskola.com\/wp-content\/uploads\/2026\/02\/raketbild2-300x200.png 300w, https:\/\/bjorkstadenstrafikskola.com\/wp-content\/uploads\/2026\/02\/raketbild2-768x512.png 768w, https:\/\/bjorkstadenstrafikskola.com\/wp-content\/uploads\/2026\/02\/raketbild2-18x12.png 18w, https:\/\/bjorkstadenstrafikskola.com\/wp-content\/uploads\/2026\/02\/raketbild2-600x400.png 600w, https:\/\/bjorkstadenstrafikskola.com\/wp-content\/uploads\/2026\/02\/raketbild2.png 1536w\" sizes=\"(max-width: 1024px) 100vw, 1024px\" \/>\t\t\t\t\t\t\t\t\t\t\t\t\t\t\t<\/div>\n\t\t\t\t<\/div>\n\t\t\t\t\t<\/div>\n\t\t<\/div>\n\t\t\t\t\t<\/div>\n\t\t<\/section>\n\t\t\t\t<\/div>","protected":false},"excerpt":{"rendered":"<p>Kickstarta k\u00f6rkortet i v\u00e5r 5 lektioner till priset av 4! Spara 935 kr. Begr\u00e4nsat erbjudande i Ume\u00e5 Nu ger vi dig chansen att komma ig\u00e5ng med k\u00f6rkortet och samtidigt spara pengar.Boka v\u00e5rt popul\u00e4ra V\u00e5rpaket 5 f\u00f6r 4 och betala endast 3 740 kr ist\u00e4llet f\u00f6r 4 675 kr. Perfekt f\u00f6r dig som: Vill ta k\u00f6rkort [&hellip;]<\/p>","protected":false},"author":571,"featured_media":0,"parent":0,"menu_order":0,"comment_status":"closed","ping_status":"closed","template":"","meta":{"site-sidebar-layout":"no-sidebar","site-content-layout":"page-builder","ast-site-content-layout":"full-width-container","site-content-style":"unboxed","site-sidebar-style":"unboxed","ast-global-header-display":"","ast-banner-title-visibility":"","ast-main-header-display":"","ast-hfb-above-header-display":"","ast-hfb-below-header-display":"","ast-hfb-mobile-header-display":"","site-post-title":"disabled","ast-breadcrumbs-content":"","ast-featured-img":"disabled","footer-sml-layout":"","theme-transparent-header-meta":"default","adv-header-id-meta":"","stick-header-meta":"","header-above-stick-meta":"","header-main-stick-meta":"","header-below-stick-meta":"","astra-migrate-meta-layouts":"set","ast-page-background-enabled":"default","ast-page-background-meta":{"desktop":{"background-color":"var(--ast-global-color-4)","background-image":"","background-repeat":"repeat","background-position":"center center","background-size":"auto","background-attachment":"scroll","background-type":"","background-media":"","overlay-type":"","overlay-color":"","overlay-opacity":"","overlay-gradient":""},"tablet":{"background-color":"","background-image":"","background-repeat":"repeat","background-position":"center center","background-size":"auto","background-attachment":"scroll","background-type":"","background-media":"","overlay-type":"","overlay-color":"","overlay-opacity":"","overlay-gradient":""},"mobile":{"background-color":"","background-image":"","background-repeat":"repeat","background-position":"center center","background-size":"auto","background-attachment":"scroll","background-type":"","background-media":"","overlay-type":"","overlay-color":"","overlay-opacity":"","overlay-gradient":""}},"ast-content-background-meta":{"desktop":{"background-color":"var(--ast-global-color-5)","background-image":"","background-repeat":"repeat","background-position":"center center","background-size":"auto","background-attachment":"scroll","background-type":"","background-media":"","overlay-type":"","overlay-color":"","overlay-opacity":"","overlay-gradient":""},"tablet":{"background-color":"var(--ast-global-color-5)","background-image":"","background-repeat":"repeat","background-position":"center center","background-size":"auto","background-attachment":"scroll","background-type":"","background-media":"","overlay-type":"","overlay-color":"","overlay-opacity":"","overlay-gradient":""},"mobile":{"background-color":"var(--ast-global-color-5)","background-image":"","background-repeat":"repeat","background-position":"center center","background-size":"auto","background-attachment":"scroll","background-type":"","background-media":"","overlay-type":"","overlay-color":"","overlay-opacity":"","overlay-gradient":""}},"footnotes":""},"class_list":["post-4613","page","type-page","status-publish","hentry"],"yoast_head":"<!-- This site is optimized with the Yoast SEO plugin v26.0 - https:\/\/yoast.com\/wordpress\/plugins\/seo\/ -->\n<title>V\u00e5rerbjudande Ume\u00e5 - 5 Lektioner f\u00f6r 4 | Bj\u00f6rkstadens Trafikskola<\/title>\n<meta name=\"description\" content=\"Kickstarta k\u00f6rkortet i Ume\u00e5! Boka 5 k\u00f6rlektioner och betala f\u00f6r 4 - spara 935 kr. Begr\u00e4nsat antal platser \u2013 boka nu!\" \/>\n<meta name=\"robots\" content=\"index, follow, max-snippet:-1, max-image-preview:large, max-video-preview:-1\" \/>\n<link rel=\"canonical\" href=\"https:\/\/bjorkstadenstrafikskola.com\/en\/kick-starting-the-product\/\" \/>\n<meta property=\"og:locale\" content=\"en_GB\" \/>\n<meta property=\"og:type\" content=\"article\" \/>\n<meta property=\"og:title\" content=\"V\u00e5rerbjudande Ume\u00e5 - 5 Lektioner f\u00f6r 4 | Bj\u00f6rkstadens Trafikskola\" \/>\n<meta property=\"og:description\" content=\"Kickstarta k\u00f6rkortet i Ume\u00e5! Boka 5 k\u00f6rlektioner och betala f\u00f6r 4 - spara 935 kr. Begr\u00e4nsat antal platser \u2013 boka nu!\" \/>\n<meta property=\"og:url\" content=\"https:\/\/bjorkstadenstrafikskola.com\/en\/kick-starting-the-product\/\" \/>\n<meta property=\"og:site_name\" content=\"Bj\u00f6rkstadens Trafikskola\" \/>\n<meta property=\"article:modified_time\" content=\"2026-03-03T15:42:44+00:00\" \/>\n<meta property=\"og:image\" content=\"https:\/\/bjorkstadenstrafikskola.com\/wp-content\/uploads\/2026\/02\/raketenbild-1024x683.png\" \/>\n\t<meta property=\"og:image:width\" content=\"1024\" \/>\n\t<meta property=\"og:image:height\" content=\"683\" \/>\n\t<meta property=\"og:image:type\" content=\"image\/png\" \/>\n<meta name=\"twitter:card\" content=\"summary_large_image\" \/>\n<meta name=\"twitter:label1\" content=\"Estimated reading time\" \/>\n\t<meta name=\"twitter:data1\" content=\"3 minutes\" \/>\n<!-- \/ Yoast SEO plugin. -->","yoast_head_json":{"title":"Spring offer Ume\u00e5 - 5 lessons for 4 | Bj\u00f6rkstadens Trafikskola","description":"Kickstart your driving licence in Ume\u00e5! Book 5 driving lessons and pay for 4 \u2013 save 935 kr. Limited spaces \u2013 book now!","robots":{"index":"index","follow":"follow","max-snippet":"max-snippet:-1","max-image-preview":"max-image-preview:large","max-video-preview":"max-video-preview:-1"},"canonical":"https:\/\/bjorkstadenstrafikskola.com\/en\/kick-starting-the-product\/","og_locale":"en_GB","og_type":"article","og_title":"V\u00e5rerbjudande Ume\u00e5 - 5 Lektioner f\u00f6r 4 | Bj\u00f6rkstadens Trafikskola","og_description":"Kickstarta k\u00f6rkortet i Ume\u00e5! Boka 5 k\u00f6rlektioner och betala f\u00f6r 4 - spara 935 kr. Begr\u00e4nsat antal platser \u2013 boka nu!","og_url":"https:\/\/bjorkstadenstrafikskola.com\/en\/kick-starting-the-product\/","og_site_name":"Bj\u00f6rkstadens Trafikskola","article_modified_time":"2026-03-03T15:42:44+00:00","og_image":[{"width":1024,"height":683,"url":"https:\/\/bjorkstadenstrafikskola.com\/wp-content\/uploads\/2026\/02\/raketenbild-1024x683.png","type":"image\/png"}],"twitter_card":"summary_large_image","twitter_misc":{"Estimated reading time":"3 minutes"},"schema":{"@context":"https:\/\/schema.org","@graph":[{"@type":"WebPage","@id":"https:\/\/bjorkstadenstrafikskola.com\/varens-kickstart\/","url":"https:\/\/bjorkstadenstrafikskola.com\/varens-kickstart\/","name":"Spring offer Ume\u00e5 - 5 lessons for 4 | Bj\u00f6rkstadens Trafikskola","isPartOf":{"@id":"https:\/\/bjorkstadenstrafikskola.com\/#website"},"primaryImageOfPage":{"@id":"https:\/\/bjorkstadenstrafikskola.com\/varens-kickstart\/#primaryimage"},"image":{"@id":"https:\/\/bjorkstadenstrafikskola.com\/varens-kickstart\/#primaryimage"},"thumbnailUrl":"https:\/\/bjorkstadenstrafikskola.com\/wp-content\/uploads\/2026\/02\/raketenbild-1024x683.png","datePublished":"2026-03-03T15:29:10+00:00","dateModified":"2026-03-03T15:42:44+00:00","description":"Kickstart your driving licence in Ume\u00e5! Book 5 driving lessons and pay for 4 \u2013 save 935 kr. Limited spaces \u2013 book now!","breadcrumb":{"@id":"https:\/\/bjorkstadenstrafikskola.com\/varens-kickstart\/#breadcrumb"},"inLanguage":"en-GB","potentialAction":[{"@type":"ReadAction","target":["https:\/\/bjorkstadenstrafikskola.com\/varens-kickstart\/"]}]},{"@type":"ImageObject","inLanguage":"en-GB","@id":"https:\/\/bjorkstadenstrafikskola.com\/varens-kickstart\/#primaryimage","url":"https:\/\/bjorkstadenstrafikskola.com\/wp-content\/uploads\/2026\/02\/raketenbild-1024x683.png","contentUrl":"https:\/\/bjorkstadenstrafikskola.com\/wp-content\/uploads\/2026\/02\/raketenbild-1024x683.png"},{"@type":"BreadcrumbList","@id":"https:\/\/bjorkstadenstrafikskola.com\/varens-kickstart\/#breadcrumb","itemListElement":[{"@type":"ListItem","position":1,"name":"Hem","item":"https:\/\/bjorkstadenstrafikskola.com\/"},{"@type":"ListItem","position":2,"name":"V\u00e5rens kickstart"}]},{"@type":"WebSite","@id":"https:\/\/bjorkstadenstrafikskola.com\/#website","url":"https:\/\/bjorkstadenstrafikskola.com\/","name":"Bj\u00f6rkstaden Driving School","description":"Personalised driving lessons in Ume\u00e5","publisher":{"@id":"https:\/\/bjorkstadenstrafikskola.com\/#organization"},"potentialAction":[{"@type":"SearchAction","target":{"@type":"EntryPoint","urlTemplate":"https:\/\/bjorkstadenstrafikskola.com\/?s={search_term_string}"},"query-input":{"@type":"PropertyValueSpecification","valueRequired":true,"valueName":"search_term_string"}}],"inLanguage":"en-GB"},{"@type":"Organization","@id":"https:\/\/bjorkstadenstrafikskola.com\/#organization","name":"Bj\u00f6rkstaden Driving School","url":"https:\/\/bjorkstadenstrafikskola.com\/","logo":{"@type":"ImageObject","inLanguage":"en-GB","@id":"https:\/\/bjorkstadenstrafikskola.com\/#\/schema\/logo\/image\/","url":"https:\/\/bjorkstadenstrafikskola.com\/wp-content\/uploads\/2021\/10\/transpetant-60px.png","contentUrl":"https:\/\/bjorkstadenstrafikskola.com\/wp-content\/uploads\/2021\/10\/transpetant-60px.png","width":283,"height":60,"caption":"Bj\u00f6rkstadens Trafikskola"},"image":{"@id":"https:\/\/bjorkstadenstrafikskola.com\/#\/schema\/logo\/image\/"}}]}},"_links":{"self":[{"href":"https:\/\/bjorkstadenstrafikskola.com\/en\/wp-json\/wp\/v2\/pages\/4613","targetHints":{"allow":["GET"]}}],"collection":[{"href":"https:\/\/bjorkstadenstrafikskola.com\/en\/wp-json\/wp\/v2\/pages"}],"about":[{"href":"https:\/\/bjorkstadenstrafikskola.com\/en\/wp-json\/wp\/v2\/types\/page"}],"author":[{"embeddable":true,"href":"https:\/\/bjorkstadenstrafikskola.com\/en\/wp-json\/wp\/v2\/users\/571"}],"replies":[{"embeddable":true,"href":"https:\/\/bjorkstadenstrafikskola.com\/en\/wp-json\/wp\/v2\/comments?post=4613"}],"version-history":[{"count":16,"href":"https:\/\/bjorkstadenstrafikskola.com\/en\/wp-json\/wp\/v2\/pages\/4613\/revisions"}],"predecessor-version":[{"id":4629,"href":"https:\/\/bjorkstadenstrafikskola.com\/en\/wp-json\/wp\/v2\/pages\/4613\/revisions\/4629"}],"wp:attachment":[{"href":"https:\/\/bjorkstadenstrafikskola.com\/en\/wp-json\/wp\/v2\/media?parent=4613"}],"curies":[{"name":"wp","href":"https:\/\/api.w.org\/{rel}","templated":true}]}}