{"id":399,"date":"2021-10-25T16:38:56","date_gmt":"2021-10-25T14:38:56","guid":{"rendered":"https:\/\/bjorkstadenstrafikskola.com\/?page_id=399"},"modified":"2025-06-12T08:14:26","modified_gmt":"2025-06-12T06:14:26","slug":"prices","status":"publish","type":"page","link":"https:\/\/bjorkstadenstrafikskola.com\/en\/prices\/","title":{"rendered":"Prices"},"content":{"rendered":"<div data-elementor-type=\"wp-page\" data-elementor-id=\"399\" class=\"elementor elementor-399\" data-elementor-post-type=\"page\">\n\t\t\t\t\t\t<section class=\"elementor-section elementor-top-section elementor-element elementor-element-c4f243c elementor-section-boxed elementor-section-height-default elementor-section-height-default\" data-id=\"c4f243c\" data-element_type=\"section\" data-settings=\"{&quot;background_background&quot;:&quot;classic&quot;}\">\n\t\t\t\t\t\t<div class=\"elementor-container elementor-column-gap-default\">\n\t\t\t\t\t<div class=\"elementor-column elementor-col-100 elementor-top-column elementor-element elementor-element-2667fc0\" data-id=\"2667fc0\" data-element_type=\"column\" data-settings=\"{&quot;background_background&quot;:&quot;classic&quot;}\">\n\t\t\t<div class=\"elementor-widget-wrap elementor-element-populated\">\n\t\t\t\t\t\t<div class=\"elementor-element elementor-element-63c6862 elementor-widget elementor-widget-heading\" data-id=\"63c6862\" data-element_type=\"widget\" data-widget_type=\"heading.default\">\n\t\t\t\t<div class=\"elementor-widget-container\">\n\t\t\t\t\t<h1 class=\"elementor-heading-title elementor-size-default\">Prices of our driving licence courses<\/h1>\t\t\t\t<\/div>\n\t\t\t\t<\/div>\n\t\t\t\t\t<\/div>\n\t\t<\/div>\n\t\t\t\t\t<\/div>\n\t\t<\/section>\n\t\t\t\t<section class=\"elementor-section elementor-top-section elementor-element elementor-element-c56cb91 elementor-section-boxed elementor-section-height-default elementor-section-height-default\" data-id=\"c56cb91\" data-element_type=\"section\">\n\t\t\t\t\t\t<div class=\"elementor-container elementor-column-gap-default\">\n\t\t\t\t\t<div class=\"elementor-column elementor-col-100 elementor-top-column elementor-element elementor-element-1bbedc2\" data-id=\"1bbedc2\" data-element_type=\"column\">\n\t\t\t<div class=\"elementor-widget-wrap elementor-element-populated\">\n\t\t\t\t\t\t<section class=\"elementor-section elementor-inner-section elementor-element elementor-element-6c111cf elementor-section-boxed elementor-section-height-default elementor-section-height-default\" data-id=\"6c111cf\" data-element_type=\"section\">\n\t\t\t\t\t\t<div class=\"elementor-container elementor-column-gap-default\">\n\t\t\t\t\t<div class=\"elementor-column elementor-col-50 elementor-inner-column elementor-element elementor-element-849715c\" data-id=\"849715c\" data-element_type=\"column\">\n\t\t\t<div class=\"elementor-widget-wrap elementor-element-populated\">\n\t\t\t\t\t\t<div class=\"elementor-element elementor-element-b829322 elementor-widget elementor-widget-text-editor\" data-id=\"b829322\" data-element_type=\"widget\" data-widget_type=\"text-editor.default\">\n\t\t\t\t<div class=\"elementor-widget-container\">\n\t\t\t\t\t\t\t\t\t<h2>Everything you need to know about our prices - and where to find them<\/h2><p data-start=\"332\" data-end=\"644\">At Bj\u00f6rkstaden Trafikskola in Ume\u00e5, we strive to offer driving licence courses that combine quality, flexibility and the right price. Whether you are looking for an intensive course, supervisor course, risk training or a traditional approach, all our packages and products are collected in our digital webshop.<\/p><p data-start=\"646\" data-end=\"855\">In the online shop, you can easily see current prices, read about what each package includes and book directly online. We update our prices regularly to ensure that they always reflect the training and service you receive from us.<\/p><p data-start=\"857\" data-end=\"947\">See all prices in spring <a class=\"\" href=\"https:\/\/elev.bjorkstadenstrafikskola.com\/shop\" target=\"_new\" rel=\"noopener\" data-start=\"883\" data-end=\"944\">web shop here<\/a>.<\/p>\t\t\t\t\t\t\t\t<\/div>\n\t\t\t\t<\/div>\n\t\t\t\t\t<\/div>\n\t\t<\/div>\n\t\t\t\t<div class=\"elementor-column elementor-col-50 elementor-inner-column elementor-element elementor-element-5c801eb elementor-hidden-tablet elementor-hidden-mobile\" data-id=\"5c801eb\" data-element_type=\"column\" data-settings=\"{&quot;background_background&quot;:&quot;classic&quot;}\">\n\t\t\t<div class=\"elementor-widget-wrap\">\n\t\t\t\t\t\t\t<\/div>\n\t\t<\/div>\n\t\t\t\t\t<\/div>\n\t\t<\/section>\n\t\t\t\t\t<\/div>\n\t\t<\/div>\n\t\t\t\t\t<\/div>\n\t\t<\/section>\n\t\t\t\t<section class=\"elementor-section elementor-top-section elementor-element elementor-element-fba2cb3 elementor-reverse-mobile elementor-section-boxed elementor-section-height-default elementor-section-height-default\" data-id=\"fba2cb3\" data-element_type=\"section\">\n\t\t\t\t\t\t<div class=\"elementor-container elementor-column-gap-default\">\n\t\t\t\t\t<div class=\"elementor-column elementor-col-50 elementor-top-column elementor-element elementor-element-bea06ec elementor-hidden-tablet elementor-hidden-mobile\" data-id=\"bea06ec\" data-element_type=\"column\" data-settings=\"{&quot;background_background&quot;:&quot;classic&quot;}\">\n\t\t\t<div class=\"elementor-widget-wrap\">\n\t\t\t\t\t\t\t<\/div>\n\t\t<\/div>\n\t\t\t\t<div class=\"elementor-column elementor-col-50 elementor-top-column elementor-element elementor-element-142737a\" data-id=\"142737a\" data-element_type=\"column\">\n\t\t\t<div class=\"elementor-widget-wrap elementor-element-populated\">\n\t\t\t\t\t\t<div class=\"elementor-element elementor-element-afe35fa elementor-widget elementor-widget-heading\" data-id=\"afe35fa\" data-element_type=\"widget\" data-widget_type=\"heading.default\">\n\t\t\t\t<div class=\"elementor-widget-container\">\n\t\t\t\t\t<h2 class=\"elementor-heading-title elementor-size-default\">What affects the price of a driving licence course?<\/h2>\t\t\t\t<\/div>\n\t\t\t\t<\/div>\n\t\t\t\t<div class=\"elementor-element elementor-element-fc1b5be elementor-widget elementor-widget-text-editor\" data-id=\"fc1b5be\" data-element_type=\"widget\" data-widget_type=\"text-editor.default\">\n\t\t\t\t<div class=\"elementor-widget-container\">\n\t\t\t\t\t\t\t\t\t<p data-start=\"1004\" data-end=\"1069\">The cost of a driving licence can vary depending on several factors:<\/p><ul data-start=\"1071\" data-end=\"1278\"><li data-start=\"1071\" data-end=\"1106\"><p data-start=\"1073\" data-end=\"1106\">How many driving lessons you need<\/p><\/li><li data-start=\"1107\" data-end=\"1154\"><p data-start=\"1109\" data-end=\"1154\">Which driving licence to take (e.g. B licence)<\/p><\/li><li data-start=\"1155\" data-end=\"1210\"><p data-start=\"1157\" data-end=\"1210\">If you choose an intensive course or a traditional programme<\/p><\/li><li data-start=\"1211\" data-end=\"1278\"><p data-start=\"1213\" data-end=\"1278\">Any additional services such as theory support or extra driving lessons<\/p><\/li><\/ul><p data-start=\"1280\" data-end=\"1374\">We will help you find a training plan that fits your time, your level and your finances.<\/p>\t\t\t\t\t\t\t\t<\/div>\n\t\t\t\t<\/div>\n\t\t\t\t\t<\/div>\n\t\t<\/div>\n\t\t\t\t\t<\/div>\n\t\t<\/section>\n\t\t\t\t<section class=\"elementor-section elementor-top-section elementor-element elementor-element-b8bda56 elementor-reverse-mobile elementor-section-boxed elementor-section-height-default elementor-section-height-default\" data-id=\"b8bda56\" data-element_type=\"section\" data-settings=\"{&quot;background_background&quot;:&quot;classic&quot;}\">\n\t\t\t\t\t\t<div class=\"elementor-container elementor-column-gap-default\">\n\t\t\t\t\t<div class=\"elementor-column elementor-col-50 elementor-top-column elementor-element elementor-element-b658f25\" data-id=\"b658f25\" data-element_type=\"column\" data-settings=\"{&quot;background_background&quot;:&quot;classic&quot;}\">\n\t\t\t<div class=\"elementor-widget-wrap elementor-element-populated\">\n\t\t\t\t\t\t<div class=\"elementor-element elementor-element-f9d5fcd elementor-widget elementor-widget-heading\" data-id=\"f9d5fcd\" data-element_type=\"widget\" data-widget_type=\"heading.default\">\n\t\t\t\t<div class=\"elementor-widget-container\">\n\t\t\t\t\t<h2 class=\"elementor-heading-title elementor-size-default\">Flexible packages for different needs<\/h2>\t\t\t\t<\/div>\n\t\t\t\t<\/div>\n\t\t\t\t<div class=\"elementor-element elementor-element-0879968 elementor-widget elementor-widget-text-editor\" data-id=\"0879968\" data-element_type=\"widget\" data-widget_type=\"text-editor.default\">\n\t\t\t\t<div class=\"elementor-widget-container\">\n\t\t\t\t\t\t\t\t\t<p data-start=\"1416\" data-end=\"1655\">In our online shop, you can find different driving licence training packages - both for those who want to take it at their own pace and for those who want to get their licence quickly via intensive training. You can also book tutor courses, risk one and risk two directly.<\/p><p data-start=\"1657\" data-end=\"1783\">All products are clearly presented so you know exactly what's included. No more guesswork - and no more complicated bookings.<\/p><p data-start=\"1785\" data-end=\"1886\">Visit our <a class=\"\" href=\"https:\/\/elev.bjorkstadenstrafikskola.com\/shop\" target=\"_new\" rel=\"noopener\" data-start=\"1800\" data-end=\"1857\">web shop<\/a> to find out more and to book.<\/p>\t\t\t\t\t\t\t\t<\/div>\n\t\t\t\t<\/div>\n\t\t\t\t\t<\/div>\n\t\t<\/div>\n\t\t\t\t<div class=\"elementor-column elementor-col-50 elementor-top-column elementor-element elementor-element-57bdbd1\" data-id=\"57bdbd1\" data-element_type=\"column\" data-settings=\"{&quot;background_background&quot;:&quot;classic&quot;}\">\n\t\t\t<div class=\"elementor-widget-wrap elementor-element-populated\">\n\t\t\t\t\t\t<div class=\"elementor-element elementor-element-a0bf225 elementor-widget elementor-widget-heading\" data-id=\"a0bf225\" data-element_type=\"widget\" data-widget_type=\"heading.default\">\n\t\t\t\t<div class=\"elementor-widget-container\">\n\t\t\t\t\t<h2 class=\"elementor-heading-title elementor-size-default\">Clarity and control - see all choices yourself online<\/h2>\t\t\t\t<\/div>\n\t\t\t\t<\/div>\n\t\t\t\t<div class=\"elementor-element elementor-element-bcc8169 elementor-widget elementor-widget-text-editor\" data-id=\"bcc8169\" data-element_type=\"widget\" data-widget_type=\"text-editor.default\">\n\t\t\t\t<div class=\"elementor-widget-container\">\n\t\t\t\t\t\t\t\t\t<p data-start=\"1939\" data-end=\"2132\">We know that getting a driving licence can be a hassle, especially when you don't know what's involved or what it will cost in the end. That's why we've gathered all our courses, packages and additional services in our online shop. You can compare the options at your leisure, see exactly what's included and plan according to your own budget and time. No hidden fees - just clear and transparent information when you need it.<\/p>\t\t\t\t\t\t\t\t<\/div>\n\t\t\t\t<\/div>\n\t\t\t\t\t<\/div>\n\t\t<\/div>\n\t\t\t\t\t<\/div>\n\t\t<\/section>\n\t\t\t\t<\/div>","protected":false},"excerpt":{"rendered":"<p>Prices of our driving licence courses Everything you need to know about our prices - and where to find them At Bj\u00f6rkstaden Trafikskola in Ume\u00e5, we strive to offer driving licence courses that combine quality, flexibility and the right price. Whether you are looking for an intensive course, tutor course, risk training or a traditional approach, all our packages and products are available [...]<\/p>","protected":false},"author":1,"featured_media":0,"parent":0,"menu_order":0,"comment_status":"closed","ping_status":"closed","template":"","meta":{"site-sidebar-layout":"no-sidebar","site-content-layout":"page-builder","ast-site-content-layout":"full-width-container","site-content-style":"unboxed","site-sidebar-style":"unboxed","ast-global-header-display":"","ast-banner-title-visibility":"","ast-main-header-display":"","ast-hfb-above-header-display":"","ast-hfb-below-header-display":"","ast-hfb-mobile-header-display":"","site-post-title":"disabled","ast-breadcrumbs-content":"","ast-featured-img":"disabled","footer-sml-layout":"","theme-transparent-header-meta":"","adv-header-id-meta":"","stick-header-meta":"","header-above-stick-meta":"","header-main-stick-meta":"","header-below-stick-meta":"","astra-migrate-meta-layouts":"set","ast-page-background-enabled":"default","ast-page-background-meta":{"desktop":{"background-color":"var(--ast-global-color-4)","background-image":"","background-repeat":"repeat","background-position":"center center","background-size":"auto","background-attachment":"scroll","background-type":"","background-media":"","overlay-type":"","overlay-color":"","overlay-opacity":"","overlay-gradient":""},"tablet":{"background-color":"","background-image":"","background-repeat":"repeat","background-position":"center center","background-size":"auto","background-attachment":"scroll","background-type":"","background-media":"","overlay-type":"","overlay-color":"","overlay-opacity":"","overlay-gradient":""},"mobile":{"background-color":"","background-image":"","background-repeat":"repeat","background-position":"center center","background-size":"auto","background-attachment":"scroll","background-type":"","background-media":"","overlay-type":"","overlay-color":"","overlay-opacity":"","overlay-gradient":""}},"ast-content-background-meta":{"desktop":{"background-color":"var(--ast-global-color-5)","background-image":"","background-repeat":"repeat","background-position":"center center","background-size":"auto","background-attachment":"scroll","background-type":"","background-media":"","overlay-type":"","overlay-color":"","overlay-opacity":"","overlay-gradient":""},"tablet":{"background-color":"var(--ast-global-color-5)","background-image":"","background-repeat":"repeat","background-position":"center center","background-size":"auto","background-attachment":"scroll","background-type":"","background-media":"","overlay-type":"","overlay-color":"","overlay-opacity":"","overlay-gradient":""},"mobile":{"background-color":"var(--ast-global-color-5)","background-image":"","background-repeat":"repeat","background-position":"center center","background-size":"auto","background-attachment":"scroll","background-type":"","background-media":"","overlay-type":"","overlay-color":"","overlay-opacity":"","overlay-gradient":""}},"footnotes":""},"class_list":["post-399","page","type-page","status-publish","hentry"],"yoast_head":"<!-- This site is optimized with the Yoast SEO plugin v26.0 - https:\/\/yoast.com\/wordpress\/plugins\/seo\/ -->\n<title>Priser - Bj\u00f6rkstadens Trafikskola<\/title>\n<meta name=\"robots\" content=\"index, follow, max-snippet:-1, max-image-preview:large, max-video-preview:-1\" \/>\n<link rel=\"canonical\" href=\"https:\/\/bjorkstadenstrafikskola.com\/en\/prices\/\" \/>\n<meta property=\"og:locale\" content=\"en_GB\" \/>\n<meta property=\"og:type\" content=\"article\" \/>\n<meta property=\"og:title\" content=\"Priser - Bj\u00f6rkstadens Trafikskola\" \/>\n<meta property=\"og:description\" content=\"Priser p\u00e5 v\u00e5ra k\u00f6rkorts-utbildningar Allt du beh\u00f6ver veta om v\u00e5ra priser \u2013 och var du hittar dem P\u00e5 Bj\u00f6rkstaden Trafikskola i Ume\u00e5 str\u00e4var vi efter att erbjuda k\u00f6rkortsutbildningar som kombinerar kvalitet, flexibilitet och r\u00e4tt pris. Oavsett om du \u00e4r ute efter en intensivkurs, handledarkurs, riskutbildning eller ett traditionellt uppl\u00e4gg, finns alla v\u00e5ra paket och produkter [&hellip;]\" \/>\n<meta property=\"og:url\" content=\"https:\/\/bjorkstadenstrafikskola.com\/en\/prices\/\" \/>\n<meta property=\"og:site_name\" content=\"Bj\u00f6rkstadens Trafikskola\" \/>\n<meta property=\"article:modified_time\" content=\"2025-06-12T06:14:26+00:00\" \/>\n<meta name=\"twitter:card\" content=\"summary_large_image\" \/>\n<meta name=\"twitter:label1\" content=\"Estimated reading time\" \/>\n\t<meta name=\"twitter:data1\" content=\"2 minutes\" \/>\n<!-- \/ Yoast SEO plugin. -->","yoast_head_json":{"title":"Prices - Bj\u00f6rkstadens Trafikskola","robots":{"index":"index","follow":"follow","max-snippet":"max-snippet:-1","max-image-preview":"max-image-preview:large","max-video-preview":"max-video-preview:-1"},"canonical":"https:\/\/bjorkstadenstrafikskola.com\/en\/prices\/","og_locale":"en_GB","og_type":"article","og_title":"Priser - Bj\u00f6rkstadens Trafikskola","og_description":"Priser p\u00e5 v\u00e5ra k\u00f6rkorts-utbildningar Allt du beh\u00f6ver veta om v\u00e5ra priser \u2013 och var du hittar dem P\u00e5 Bj\u00f6rkstaden Trafikskola i Ume\u00e5 str\u00e4var vi efter att erbjuda k\u00f6rkortsutbildningar som kombinerar kvalitet, flexibilitet och r\u00e4tt pris. Oavsett om du \u00e4r ute efter en intensivkurs, handledarkurs, riskutbildning eller ett traditionellt uppl\u00e4gg, finns alla v\u00e5ra paket och produkter [&hellip;]","og_url":"https:\/\/bjorkstadenstrafikskola.com\/en\/prices\/","og_site_name":"Bj\u00f6rkstadens Trafikskola","article_modified_time":"2025-06-12T06:14:26+00:00","twitter_card":"summary_large_image","twitter_misc":{"Estimated reading time":"2 minutes"},"schema":{"@context":"https:\/\/schema.org","@graph":[{"@type":"WebPage","@id":"https:\/\/bjorkstadenstrafikskola.com\/priser\/","url":"https:\/\/bjorkstadenstrafikskola.com\/priser\/","name":"Prices - Bj\u00f6rkstadens Trafikskola","isPartOf":{"@id":"https:\/\/bjorkstadenstrafikskola.com\/#website"},"datePublished":"2021-10-25T14:38:56+00:00","dateModified":"2025-06-12T06:14:26+00:00","breadcrumb":{"@id":"https:\/\/bjorkstadenstrafikskola.com\/priser\/#breadcrumb"},"inLanguage":"en-GB","potentialAction":[{"@type":"ReadAction","target":["https:\/\/bjorkstadenstrafikskola.com\/priser\/"]}]},{"@type":"BreadcrumbList","@id":"https:\/\/bjorkstadenstrafikskola.com\/priser\/#breadcrumb","itemListElement":[{"@type":"ListItem","position":1,"name":"Hem","item":"https:\/\/bjorkstadenstrafikskola.com\/"},{"@type":"ListItem","position":2,"name":"Priser"}]},{"@type":"WebSite","@id":"https:\/\/bjorkstadenstrafikskola.com\/#website","url":"https:\/\/bjorkstadenstrafikskola.com\/","name":"Bj\u00f6rkstaden Driving School","description":"Personalised driving lessons in Ume\u00e5","publisher":{"@id":"https:\/\/bjorkstadenstrafikskola.com\/#organization"},"potentialAction":[{"@type":"SearchAction","target":{"@type":"EntryPoint","urlTemplate":"https:\/\/bjorkstadenstrafikskola.com\/?s={search_term_string}"},"query-input":{"@type":"PropertyValueSpecification","valueRequired":true,"valueName":"search_term_string"}}],"inLanguage":"en-GB"},{"@type":"Organization","@id":"https:\/\/bjorkstadenstrafikskola.com\/#organization","name":"Bj\u00f6rkstaden Driving School","url":"https:\/\/bjorkstadenstrafikskola.com\/","logo":{"@type":"ImageObject","inLanguage":"en-GB","@id":"https:\/\/bjorkstadenstrafikskola.com\/#\/schema\/logo\/image\/","url":"https:\/\/bjorkstadenstrafikskola.com\/wp-content\/uploads\/2021\/10\/transpetant-60px.png","contentUrl":"https:\/\/bjorkstadenstrafikskola.com\/wp-content\/uploads\/2021\/10\/transpetant-60px.png","width":283,"height":60,"caption":"Bj\u00f6rkstadens Trafikskola"},"image":{"@id":"https:\/\/bjorkstadenstrafikskola.com\/#\/schema\/logo\/image\/"}}]}},"_links":{"self":[{"href":"https:\/\/bjorkstadenstrafikskola.com\/en\/wp-json\/wp\/v2\/pages\/399","targetHints":{"allow":["GET"]}}],"collection":[{"href":"https:\/\/bjorkstadenstrafikskola.com\/en\/wp-json\/wp\/v2\/pages"}],"about":[{"href":"https:\/\/bjorkstadenstrafikskola.com\/en\/wp-json\/wp\/v2\/types\/page"}],"author":[{"embeddable":true,"href":"https:\/\/bjorkstadenstrafikskola.com\/en\/wp-json\/wp\/v2\/users\/1"}],"replies":[{"embeddable":true,"href":"https:\/\/bjorkstadenstrafikskola.com\/en\/wp-json\/wp\/v2\/comments?post=399"}],"version-history":[{"count":306,"href":"https:\/\/bjorkstadenstrafikskola.com\/en\/wp-json\/wp\/v2\/pages\/399\/revisions"}],"predecessor-version":[{"id":4478,"href":"https:\/\/bjorkstadenstrafikskola.com\/en\/wp-json\/wp\/v2\/pages\/399\/revisions\/4478"}],"wp:attachment":[{"href":"https:\/\/bjorkstadenstrafikskola.com\/en\/wp-json\/wp\/v2\/media?parent=399"}],"curies":[{"name":"wp","href":"https:\/\/api.w.org\/{rel}","templated":true}]}}