{"id":333,"date":"2021-10-25T14:04:30","date_gmt":"2021-10-25T12:04:30","guid":{"rendered":"https:\/\/bjorkstadenstrafikskola.com\/?page_id=333"},"modified":"2021-11-15T11:55:38","modified_gmt":"2021-11-15T10:55:38","slug":"refund_returns","status":"publish","type":"page","link":"https:\/\/bjorkstadenstrafikskola.com\/en\/refund_returns\/","title":{"rendered":"Refund and return policy"},"content":{"rendered":"<div data-elementor-type=\"wp-page\" data-elementor-id=\"333\" class=\"elementor elementor-333\" data-elementor-post-type=\"page\">\n\t\t\t\t\t\t<section class=\"elementor-section elementor-top-section elementor-element elementor-element-52f6601b elementor-section-boxed elementor-section-height-default elementor-section-height-default\" data-id=\"52f6601b\" data-element_type=\"section\">\n\t\t\t\t\t\t<div class=\"elementor-container elementor-column-gap-default\">\n\t\t\t\t\t<div class=\"elementor-column elementor-col-100 elementor-top-column elementor-element elementor-element-1505e06a\" data-id=\"1505e06a\" data-element_type=\"column\">\n\t\t\t<div class=\"elementor-widget-wrap elementor-element-populated\">\n\t\t\t\t\t\t<div class=\"elementor-element elementor-element-36f46b0 elementor-widget elementor-widget-heading\" data-id=\"36f46b0\" data-element_type=\"widget\" data-widget_type=\"heading.default\">\n\t\t\t\t<div class=\"elementor-widget-container\">\n\t\t\t\t\t<h1 class=\"elementor-heading-title elementor-size-default\">Conditions for the purchase of training <\/h1>\t\t\t\t<\/div>\n\t\t\t\t<\/div>\n\t\t\t\t<div class=\"elementor-element elementor-element-444e2425 elementor-widget elementor-widget-text-editor\" data-id=\"444e2425\" data-element_type=\"widget\" data-widget_type=\"text-editor.default\">\n\t\t\t\t<div class=\"elementor-widget-container\">\n\t\t\t\t\t\t\t\t\t<p>Here you write a condition for shopping with you!<\/p><h2>Requirements for language proficiency<\/h2><p>Lorem ipsum dolor sit amet, consectetur adipiscing elit, sed do eiusmod tempor incididunt ut labore et dolore magna aliqua. Ut enim ad minim veniam, quis nostrud exercitation ullamco laboris nisi ut aliquip ex ea commodo consequat. Duis aute irure dolor in reprehenderit in voluptate velit esse cillum dolore eu fugiat nulla pariatur. Excepteur sint occaecat cupidatat non proident, sunt in culpa qui officia deserunt mollit anim id est laborum.<\/p><h2>\u00a0<\/h2><h2>Refund &amp; cancellation policy<\/h2><p>Lorem ipsum dolor sit amet, consectetur adipiscing elit, sed do eiusmod tempor incididunt ut labore et dolore magna aliqua. Ut enim ad minim veniam, quis nostrud exercitation ullamco laboris nisi ut aliquip ex ea commodo consequat. Duis aute irure dolor in reprehenderit in voluptate velit esse cillum dolore eu fugiat nulla pariatur. Excepteur sint occaecat cupidatat non proident, sunt in culpa qui officia deserunt mollit anim id est laborum.<\/p><p>Lorem ipsum dolor sit amet, consectetur adipiscing elit, sed do eiusmod tempor incididunt ut labore et dolore magna aliqua. Ut enim ad minim veniam, quis nostrud exercitation ullamco laboris nisi ut aliquip ex ea commodo consequat. Duis aute irure dolor in reprehenderit in voluptate velit esse cillum dolore eu fugiat nulla pariatur. Excepteur sint occaecat cupidatat non proident, sunt in culpa qui officia deserunt mollit anim id est laborum.<\/p><p>\u00a0<\/p><h2>Requirements for language proficiency<\/h2><p>Lorem ipsum dolor sit amet, consectetur adipiscing elit, sed do eiusmod tempor incididunt ut labore et dolore magna aliqua. Ut enim ad minim veniam, quis nostrud exercitation ullamco laboris nisi ut aliquip ex ea commodo consequat. Duis aute irure dolor in reprehenderit in voluptate velit esse cillum dolore eu fugiat nulla pariatur. Excepteur sint occaecat cupidatat non proident, sunt in culpa qui officia deserunt mollit anim id est laborum.<\/p><h2>\u00a0<\/h2>\t\t\t\t\t\t\t\t<\/div>\n\t\t\t\t<\/div>\n\t\t\t\t\t<\/div>\n\t\t<\/div>\n\t\t\t\t\t<\/div>\n\t\t<\/section>\n\t\t\t\t<\/div>","protected":false},"excerpt":{"rendered":"<p>Vilkor vid k\u00f6p av utbildning H\u00e4r skriver ni en vilkor f\u00f6r att handla hos er! Krav f\u00f6r spr\u00e5kkunskap Lorem ipsum dolor sit amet, consectetur adipiscing elit, sed do eiusmod tempor incididunt ut labore et dolore magna aliqua. Ut enim ad minim veniam, quis nostrud exercitation ullamco laboris nisi ut aliquip ex ea commodo consequat. Duis [&hellip;]<\/p>","protected":false},"author":1,"featured_media":0,"parent":0,"menu_order":0,"comment_status":"closed","ping_status":"closed","template":"","meta":{"site-sidebar-layout":"default","site-content-layout":"","ast-site-content-layout":"","site-content-style":"default","site-sidebar-style":"default","ast-global-header-display":"","ast-banner-title-visibility":"","ast-main-header-display":"","ast-hfb-above-header-display":"","ast-hfb-below-header-display":"","ast-hfb-mobile-header-display":"","site-post-title":"","ast-breadcrumbs-content":"","ast-featured-img":"","footer-sml-layout":"","theme-transparent-header-meta":"","adv-header-id-meta":"","stick-header-meta":"","header-above-stick-meta":"","header-main-stick-meta":"","header-below-stick-meta":"","astra-migrate-meta-layouts":"default","ast-page-background-enabled":"default","ast-page-background-meta":{"desktop":{"background-color":"var(--ast-global-color-4)","background-image":"","background-repeat":"repeat","background-position":"center center","background-size":"auto","background-attachment":"scroll","background-type":"","background-media":"","overlay-type":"","overlay-color":"","overlay-opacity":"","overlay-gradient":""},"tablet":{"background-color":"","background-image":"","background-repeat":"repeat","background-position":"center center","background-size":"auto","background-attachment":"scroll","background-type":"","background-media":"","overlay-type":"","overlay-color":"","overlay-opacity":"","overlay-gradient":""},"mobile":{"background-color":"","background-image":"","background-repeat":"repeat","background-position":"center center","background-size":"auto","background-attachment":"scroll","background-type":"","background-media":"","overlay-type":"","overlay-color":"","overlay-opacity":"","overlay-gradient":""}},"ast-content-background-meta":{"desktop":{"background-color":"var(--ast-global-color-5)","background-image":"","background-repeat":"repeat","background-position":"center center","background-size":"auto","background-attachment":"scroll","background-type":"","background-media":"","overlay-type":"","overlay-color":"","overlay-opacity":"","overlay-gradient":""},"tablet":{"background-color":"var(--ast-global-color-5)","background-image":"","background-repeat":"repeat","background-position":"center center","background-size":"auto","background-attachment":"scroll","background-type":"","background-media":"","overlay-type":"","overlay-color":"","overlay-opacity":"","overlay-gradient":""},"mobile":{"background-color":"var(--ast-global-color-5)","background-image":"","background-repeat":"repeat","background-position":"center center","background-size":"auto","background-attachment":"scroll","background-type":"","background-media":"","overlay-type":"","overlay-color":"","overlay-opacity":"","overlay-gradient":""}},"footnotes":""},"class_list":["post-333","page","type-page","status-publish","hentry"],"yoast_head":"<!-- This site is optimized with the Yoast SEO plugin v26.0 - https:\/\/yoast.com\/wordpress\/plugins\/seo\/ -->\n<title>\u00c5terbetalnings- och returpolicy - Bj\u00f6rkstadens Trafikskola<\/title>\n<meta name=\"robots\" content=\"index, follow, max-snippet:-1, max-image-preview:large, max-video-preview:-1\" \/>\n<link rel=\"canonical\" href=\"https:\/\/bjorkstadenstrafikskola.com\/en\/refund_returns\/\" \/>\n<meta property=\"og:locale\" content=\"en_GB\" \/>\n<meta property=\"og:type\" content=\"article\" \/>\n<meta property=\"og:title\" content=\"\u00c5terbetalnings- och returpolicy - Bj\u00f6rkstadens Trafikskola\" \/>\n<meta property=\"og:description\" content=\"Vilkor vid k\u00f6p av utbildning H\u00e4r skriver ni en vilkor f\u00f6r att handla hos er! Krav f\u00f6r spr\u00e5kkunskap Lorem ipsum dolor sit amet, consectetur adipiscing elit, sed do eiusmod tempor incididunt ut labore et dolore magna aliqua. Ut enim ad minim veniam, quis nostrud exercitation ullamco laboris nisi ut aliquip ex ea commodo consequat. Duis [&hellip;]\" \/>\n<meta property=\"og:url\" content=\"https:\/\/bjorkstadenstrafikskola.com\/en\/refund_returns\/\" \/>\n<meta property=\"og:site_name\" content=\"Bj\u00f6rkstadens Trafikskola\" \/>\n<meta property=\"article:modified_time\" content=\"2021-11-15T10:55:38+00:00\" \/>\n<meta name=\"twitter:card\" content=\"summary_large_image\" \/>\n<meta name=\"twitter:label1\" content=\"Estimated reading time\" \/>\n\t<meta name=\"twitter:data1\" content=\"2 minutes\" \/>\n<!-- \/ Yoast SEO plugin. -->","yoast_head_json":{"title":"Refund and return policy - Bj\u00f6rkstadens Trafikskola","robots":{"index":"index","follow":"follow","max-snippet":"max-snippet:-1","max-image-preview":"max-image-preview:large","max-video-preview":"max-video-preview:-1"},"canonical":"https:\/\/bjorkstadenstrafikskola.com\/en\/refund_returns\/","og_locale":"en_GB","og_type":"article","og_title":"\u00c5terbetalnings- och returpolicy - Bj\u00f6rkstadens Trafikskola","og_description":"Vilkor vid k\u00f6p av utbildning H\u00e4r skriver ni en vilkor f\u00f6r att handla hos er! Krav f\u00f6r spr\u00e5kkunskap Lorem ipsum dolor sit amet, consectetur adipiscing elit, sed do eiusmod tempor incididunt ut labore et dolore magna aliqua. Ut enim ad minim veniam, quis nostrud exercitation ullamco laboris nisi ut aliquip ex ea commodo consequat. Duis [&hellip;]","og_url":"https:\/\/bjorkstadenstrafikskola.com\/en\/refund_returns\/","og_site_name":"Bj\u00f6rkstadens Trafikskola","article_modified_time":"2021-11-15T10:55:38+00:00","twitter_card":"summary_large_image","twitter_misc":{"Estimated reading time":"2 minutes"},"schema":{"@context":"https:\/\/schema.org","@graph":[{"@type":"WebPage","@id":"https:\/\/bjorkstadenstrafikskola.com\/aterbetalning_returer\/","url":"https:\/\/bjorkstadenstrafikskola.com\/aterbetalning_returer\/","name":"Refund and return policy - Bj\u00f6rkstadens Trafikskola","isPartOf":{"@id":"https:\/\/bjorkstadenstrafikskola.com\/#website"},"datePublished":"2021-10-25T12:04:30+00:00","dateModified":"2021-11-15T10:55:38+00:00","breadcrumb":{"@id":"https:\/\/bjorkstadenstrafikskola.com\/aterbetalning_returer\/#breadcrumb"},"inLanguage":"en-GB","potentialAction":[{"@type":"ReadAction","target":["https:\/\/bjorkstadenstrafikskola.com\/aterbetalning_returer\/"]}]},{"@type":"BreadcrumbList","@id":"https:\/\/bjorkstadenstrafikskola.com\/aterbetalning_returer\/#breadcrumb","itemListElement":[{"@type":"ListItem","position":1,"name":"Hem","item":"https:\/\/bjorkstadenstrafikskola.com\/"},{"@type":"ListItem","position":2,"name":"\u00c5terbetalnings- och returpolicy"}]},{"@type":"WebSite","@id":"https:\/\/bjorkstadenstrafikskola.com\/#website","url":"https:\/\/bjorkstadenstrafikskola.com\/","name":"Bj\u00f6rkstaden Driving School","description":"Personalised driving lessons in Ume\u00e5","publisher":{"@id":"https:\/\/bjorkstadenstrafikskola.com\/#organization"},"potentialAction":[{"@type":"SearchAction","target":{"@type":"EntryPoint","urlTemplate":"https:\/\/bjorkstadenstrafikskola.com\/?s={search_term_string}"},"query-input":{"@type":"PropertyValueSpecification","valueRequired":true,"valueName":"search_term_string"}}],"inLanguage":"en-GB"},{"@type":"Organization","@id":"https:\/\/bjorkstadenstrafikskola.com\/#organization","name":"Bj\u00f6rkstaden Driving School","url":"https:\/\/bjorkstadenstrafikskola.com\/","logo":{"@type":"ImageObject","inLanguage":"en-GB","@id":"https:\/\/bjorkstadenstrafikskola.com\/#\/schema\/logo\/image\/","url":"https:\/\/bjorkstadenstrafikskola.com\/wp-content\/uploads\/2021\/10\/transpetant-60px.png","contentUrl":"https:\/\/bjorkstadenstrafikskola.com\/wp-content\/uploads\/2021\/10\/transpetant-60px.png","width":283,"height":60,"caption":"Bj\u00f6rkstadens Trafikskola"},"image":{"@id":"https:\/\/bjorkstadenstrafikskola.com\/#\/schema\/logo\/image\/"}}]}},"_links":{"self":[{"href":"https:\/\/bjorkstadenstrafikskola.com\/en\/wp-json\/wp\/v2\/pages\/333","targetHints":{"allow":["GET"]}}],"collection":[{"href":"https:\/\/bjorkstadenstrafikskola.com\/en\/wp-json\/wp\/v2\/pages"}],"about":[{"href":"https:\/\/bjorkstadenstrafikskola.com\/en\/wp-json\/wp\/v2\/types\/page"}],"author":[{"embeddable":true,"href":"https:\/\/bjorkstadenstrafikskola.com\/en\/wp-json\/wp\/v2\/users\/1"}],"replies":[{"embeddable":true,"href":"https:\/\/bjorkstadenstrafikskola.com\/en\/wp-json\/wp\/v2\/comments?post=333"}],"version-history":[{"count":15,"href":"https:\/\/bjorkstadenstrafikskola.com\/en\/wp-json\/wp\/v2\/pages\/333\/revisions"}],"predecessor-version":[{"id":912,"href":"https:\/\/bjorkstadenstrafikskola.com\/en\/wp-json\/wp\/v2\/pages\/333\/revisions\/912"}],"wp:attachment":[{"href":"https:\/\/bjorkstadenstrafikskola.com\/en\/wp-json\/wp\/v2\/media?parent=333"}],"curies":[{"name":"wp","href":"https:\/\/api.w.org\/{rel}","templated":true}]}}