{"id":2966,"date":"2024-01-24T14:10:08","date_gmt":"2024-01-24T13:10:08","guid":{"rendered":"https:\/\/bjorkstadenstrafikskola.com\/?page_id=2966"},"modified":"2025-12-08T13:31:24","modified_gmt":"2025-12-08T12:31:24","slug":"take-a-cork-card-umea","status":"publish","type":"page","link":"https:\/\/bjorkstadenstrafikskola.com\/en\/take-a-cork-card-umea\/","title":{"rendered":"Get your driving licence in Ume\u00e5"},"content":{"rendered":"<div data-elementor-type=\"wp-page\" data-elementor-id=\"2966\" class=\"elementor elementor-2966\" data-elementor-post-type=\"page\">\n\t\t\t\t\t\t<section class=\"elementor-section elementor-top-section elementor-element elementor-element-74b49641 elementor-section-height-min-height elementor-section-boxed elementor-section-height-default elementor-section-items-middle\" data-id=\"74b49641\" data-element_type=\"section\" data-settings=\"{&quot;background_background&quot;:&quot;classic&quot;}\">\n\t\t\t\t\t\t\t<div class=\"elementor-background-overlay\"><\/div>\n\t\t\t\t\t\t\t<div class=\"elementor-container elementor-column-gap-default\">\n\t\t\t\t\t<div class=\"elementor-column elementor-col-100 elementor-top-column elementor-element elementor-element-32e91746\" data-id=\"32e91746\" data-element_type=\"column\">\n\t\t\t<div class=\"elementor-widget-wrap elementor-element-populated\">\n\t\t\t\t\t\t<div class=\"elementor-element elementor-element-19b231e4 elementor-widget elementor-widget-heading\" data-id=\"19b231e4\" data-element_type=\"widget\" data-widget_type=\"heading.default\">\n\t\t\t\t<div class=\"elementor-widget-container\">\n\t\t\t\t\t<h1 class=\"elementor-heading-title elementor-size-default\">Get your driving licence in Ume\u00e5<\/h1>\t\t\t\t<\/div>\n\t\t\t\t<\/div>\n\t\t\t\t\t<\/div>\n\t\t<\/div>\n\t\t\t\t\t<\/div>\n\t\t<\/section>\n\t\t\t\t<section class=\"elementor-section elementor-top-section elementor-element elementor-element-233be9a elementor-section-content-middle elementor-section-boxed elementor-section-height-default elementor-section-height-default\" data-id=\"233be9a\" data-element_type=\"section\">\n\t\t\t\t\t\t<div class=\"elementor-container elementor-column-gap-default\">\n\t\t\t\t\t<div class=\"elementor-column elementor-col-50 elementor-top-column elementor-element elementor-element-31499640\" data-id=\"31499640\" data-element_type=\"column\">\n\t\t\t<div class=\"elementor-widget-wrap elementor-element-populated\">\n\t\t\t\t\t\t<div class=\"elementor-element elementor-element-35affaf7 elementor-widget elementor-widget-text-editor\" data-id=\"35affaf7\" data-element_type=\"widget\" data-widget_type=\"text-editor.default\">\n\t\t\t\t<div class=\"elementor-widget-container\">\n\t\t\t\t\t\t\t\t\t<h2>Customised Driving Education\u00a0<\/h2><p>When you decide to take your driving licence with us, we make sure you get the best training possible. We do this by having a relaxed atmosphere and professional staff. With us, you drive in discreet and modern cars, whether you choose to take a B driving licence with automatic or manual transmission.<\/p><p>Check out our <a href=\"https:\/\/bjorkstadenstrafikskola.com\/en\/prices\/\">pricing<\/a> to see the different lessons and packages that we offer!<\/p>\t\t\t\t\t\t\t\t<\/div>\n\t\t\t\t<\/div>\n\t\t\t\t\t<\/div>\n\t\t<\/div>\n\t\t\t\t<div class=\"elementor-column elementor-col-50 elementor-top-column elementor-element elementor-element-8ea6f94\" data-id=\"8ea6f94\" data-element_type=\"column\">\n\t\t\t<div class=\"elementor-widget-wrap elementor-element-populated\">\n\t\t\t\t\t\t<div class=\"elementor-element elementor-element-721c24fa elementor-widget elementor-widget-image\" data-id=\"721c24fa\" data-element_type=\"widget\" data-widget_type=\"image.default\">\n\t\t\t\t<div class=\"elementor-widget-container\">\n\t\t\t\t\t\t\t\t\t\t\t\t\t\t\t<img fetchpriority=\"high\" decoding=\"async\" width=\"612\" height=\"792\" src=\"https:\/\/bjorkstadenstrafikskola.com\/wp-content\/uploads\/2021\/10\/icon6-1.svg\" class=\"attachment-large size-large wp-image-75\" alt=\"Driving school Ume\u00e5\" \/>\t\t\t\t\t\t\t\t\t\t\t\t\t\t\t<\/div>\n\t\t\t\t<\/div>\n\t\t\t\t\t<\/div>\n\t\t<\/div>\n\t\t\t\t\t<\/div>\n\t\t<\/section>\n\t\t\t\t<section class=\"elementor-section elementor-top-section elementor-element elementor-element-1a691e9f elementor-reverse-mobile elementor-section-boxed elementor-section-height-default elementor-section-height-default\" data-id=\"1a691e9f\" data-element_type=\"section\">\n\t\t\t\t\t\t<div class=\"elementor-container elementor-column-gap-default\">\n\t\t\t\t\t<div class=\"elementor-column elementor-col-50 elementor-top-column elementor-element elementor-element-1892c92b\" data-id=\"1892c92b\" data-element_type=\"column\">\n\t\t\t<div class=\"elementor-widget-wrap elementor-element-populated\">\n\t\t\t\t\t\t<div class=\"elementor-element elementor-element-5c6adfdf elementor-widget elementor-widget-image\" data-id=\"5c6adfdf\" data-element_type=\"widget\" data-settings=\"{&quot;motion_fx_motion_fx_scrolling&quot;:&quot;yes&quot;,&quot;motion_fx_translateX_effect&quot;:&quot;yes&quot;,&quot;motion_fx_translateX_direction&quot;:&quot;negative&quot;,&quot;motion_fx_translateX_speed&quot;:{&quot;unit&quot;:&quot;px&quot;,&quot;size&quot;:6.2,&quot;sizes&quot;:[]},&quot;motion_fx_translateX_affectedRange&quot;:{&quot;unit&quot;:&quot;%&quot;,&quot;size&quot;:&quot;&quot;,&quot;sizes&quot;:{&quot;start&quot;:0,&quot;end&quot;:46}},&quot;motion_fx_devices&quot;:[&quot;desktop&quot;,&quot;tablet&quot;,&quot;mobile&quot;]}\" data-widget_type=\"image.default\">\n\t\t\t\t<div class=\"elementor-widget-container\">\n\t\t\t\t\t\t\t\t\t\t\t\t\t\t\t<img decoding=\"async\" width=\"706\" height=\"660\" src=\"https:\/\/bjorkstadenstrafikskola.com\/wp-content\/uploads\/2021\/10\/image-7.jpeg\" class=\"attachment-large size-large wp-image-79\" alt=\"Reliable and affordable driving school in Ume\u00e5\" srcset=\"https:\/\/bjorkstadenstrafikskola.com\/wp-content\/uploads\/2021\/10\/image-7.jpeg 706w, https:\/\/bjorkstadenstrafikskola.com\/wp-content\/uploads\/2021\/10\/image-7-600x561.jpeg 600w, https:\/\/bjorkstadenstrafikskola.com\/wp-content\/uploads\/2021\/10\/image-7-300x280.jpeg 300w\" sizes=\"(max-width: 706px) 100vw, 706px\" \/>\t\t\t\t\t\t\t\t\t\t\t\t\t\t\t<\/div>\n\t\t\t\t<\/div>\n\t\t\t\t\t<\/div>\n\t\t<\/div>\n\t\t\t\t<div class=\"elementor-column elementor-col-50 elementor-top-column elementor-element elementor-element-333e57bb\" data-id=\"333e57bb\" data-element_type=\"column\">\n\t\t\t<div class=\"elementor-widget-wrap elementor-element-populated\">\n\t\t\t\t\t\t<div class=\"elementor-element elementor-element-326c4a21 elementor-widget elementor-widget-heading\" data-id=\"326c4a21\" data-element_type=\"widget\" data-widget_type=\"heading.default\">\n\t\t\t\t<div class=\"elementor-widget-container\">\n\t\t\t\t\t<h6 class=\"elementor-heading-title elementor-size-default\">Your route to getting a driving licence in Ume\u00e5<\/h6>\t\t\t\t<\/div>\n\t\t\t\t<\/div>\n\t\t\t\t<div class=\"elementor-element elementor-element-45f0e6a9 elementor-widget-divider--view-line elementor-widget elementor-widget-divider\" data-id=\"45f0e6a9\" data-element_type=\"widget\" data-widget_type=\"divider.default\">\n\t\t\t\t<div class=\"elementor-widget-container\">\n\t\t\t\t\t\t\t<div class=\"elementor-divider\">\n\t\t\t<span class=\"elementor-divider-separator\">\n\t\t\t\t\t\t<\/span>\n\t\t<\/div>\n\t\t\t\t\t\t<\/div>\n\t\t\t\t<\/div>\n\t\t\t\t<div class=\"elementor-element elementor-element-f393f0 elementor-widget elementor-widget-heading\" data-id=\"f393f0\" data-element_type=\"widget\" data-widget_type=\"heading.default\">\n\t\t\t\t<div class=\"elementor-widget-container\">\n\t\t\t\t\t<h2 class=\"elementor-heading-title elementor-size-default\">We are the driving school with personality! We help you from start to finish with getting your driving licence!<\/h2>\t\t\t\t<\/div>\n\t\t\t\t<\/div>\n\t\t\t\t<div class=\"elementor-element elementor-element-50724918 elementor-widget elementor-widget-text-editor\" data-id=\"50724918\" data-element_type=\"widget\" data-widget_type=\"text-editor.default\">\n\t\t\t\t<div class=\"elementor-widget-container\">\n\t\t\t\t\t\t\t\t\t<p>Our goal is for you to pass the requirements to get a passed knowledge test and a passed driving test at the Swedish Transport Administration. Our goal is for you to become a better, safer and more confident driver and leave us with a driving licence in hand. Bj\u00f6rkstadens Trafikskola is a perfect <a href=\"https:\/\/bjorkstadenstrafikskola.com\/en\/\">driving school for you<\/a> who want a personal approach and a pleasant driving licence experience. We are located at Axtorpsv\u00e4gen 5A, and are the closest driving school for those who are on the university campus in Ume\u00e5. The driving school has been around for 50 years. Originally it was called \"Sven och Tages\", but since the 1990s it is called <em>Bj\u00f6rkstaden Driving School<\/em>. The traffic school is currently run by Kenneth M\u00f6ller, who has worked as a traffic teacher at the school since 2016, and he is assisted by Sarah and Eric.<\/p><p><strong>So don't hesitate to take your driving licence with us. Get started today!<\/strong><\/p>\t\t\t\t\t\t\t\t<\/div>\n\t\t\t\t<\/div>\n\t\t\t\t<section class=\"elementor-section elementor-inner-section elementor-element elementor-element-51f8286a elementor-section-content-middle elementor-section-boxed elementor-section-height-default elementor-section-height-default\" data-id=\"51f8286a\" data-element_type=\"section\">\n\t\t\t\t\t\t<div class=\"elementor-container elementor-column-gap-default\">\n\t\t\t\t\t<div class=\"elementor-column elementor-col-50 elementor-inner-column elementor-element elementor-element-5bd69774\" data-id=\"5bd69774\" data-element_type=\"column\">\n\t\t\t<div class=\"elementor-widget-wrap elementor-element-populated\">\n\t\t\t\t\t\t<div class=\"elementor-element elementor-element-49d609a5 elementor-widget elementor-widget-text-editor\" data-id=\"49d609a5\" data-element_type=\"widget\" data-widget_type=\"text-editor.default\">\n\t\t\t\t<div class=\"elementor-widget-container\">\n\t\t\t\t\t\t\t\t\t<p><a href=\"https:\/\/bjorkstadenstrafikskola.com\/en\/shop\/\">Book Your Course Now!<\/a><\/p>\t\t\t\t\t\t\t\t<\/div>\n\t\t\t\t<\/div>\n\t\t\t\t\t<\/div>\n\t\t<\/div>\n\t\t\t\t<div class=\"elementor-column elementor-col-50 elementor-inner-column elementor-element elementor-element-758726a6\" data-id=\"758726a6\" data-element_type=\"column\">\n\t\t\t<div class=\"elementor-widget-wrap elementor-element-populated\">\n\t\t\t\t\t\t<div class=\"elementor-element elementor-element-f9dffd0 elementor-widget elementor-widget-button\" data-id=\"f9dffd0\" data-element_type=\"widget\" data-widget_type=\"button.default\">\n\t\t\t\t<div class=\"elementor-widget-container\">\n\t\t\t\t\t\t\t\t\t<div class=\"elementor-button-wrapper\">\n\t\t\t\t\t<a class=\"elementor-button elementor-button-link elementor-size-sm\" href=\"tel:0707801315%20\">\n\t\t\t\t\t\t<span class=\"elementor-button-content-wrapper\">\n\t\t\t\t\t\t<span class=\"elementor-button-icon\">\n\t\t\t\t<i aria-hidden=\"true\" class=\"fas fa-phone-volume\"><\/i>\t\t\t<\/span>\n\t\t\t\t\t\t\t\t\t<span class=\"elementor-button-text\">070-780 13 15<\/span>\n\t\t\t\t\t<\/span>\n\t\t\t\t\t<\/a>\n\t\t\t\t<\/div>\n\t\t\t\t\t\t\t\t<\/div>\n\t\t\t\t<\/div>\n\t\t\t\t\t<\/div>\n\t\t<\/div>\n\t\t\t\t\t<\/div>\n\t\t<\/section>\n\t\t\t\t\t<\/div>\n\t\t<\/div>\n\t\t\t\t\t<\/div>\n\t\t<\/section>\n\t\t\t\t<\/div>","protected":false},"excerpt":{"rendered":"<p>Take a driving licence in Ume\u00e5 Customised training When you decide to take a driving licence with us, we make sure that you get the best possible training. We do this by having a relaxed atmosphere and professional staff. With us, you drive in discreet and modern cars, whether you choose to [...]<\/p>","protected":false},"author":3,"featured_media":2994,"parent":0,"menu_order":0,"comment_status":"closed","ping_status":"closed","template":"","meta":{"site-sidebar-layout":"no-sidebar","site-content-layout":"page-builder","ast-site-content-layout":"full-width-container","site-content-style":"unboxed","site-sidebar-style":"unboxed","ast-global-header-display":"","ast-banner-title-visibility":"","ast-main-header-display":"","ast-hfb-above-header-display":"","ast-hfb-below-header-display":"","ast-hfb-mobile-header-display":"","site-post-title":"disabled","ast-breadcrumbs-content":"","ast-featured-img":"disabled","footer-sml-layout":"","theme-transparent-header-meta":"default","adv-header-id-meta":"","stick-header-meta":"","header-above-stick-meta":"","header-main-stick-meta":"","header-below-stick-meta":"","astra-migrate-meta-layouts":"set","ast-page-background-enabled":"default","ast-page-background-meta":{"desktop":{"background-color":"var(--ast-global-color-4)","background-image":"","background-repeat":"repeat","background-position":"center center","background-size":"auto","background-attachment":"scroll","background-type":"","background-media":"","overlay-type":"","overlay-color":"","overlay-opacity":"","overlay-gradient":""},"tablet":{"background-color":"","background-image":"","background-repeat":"repeat","background-position":"center center","background-size":"auto","background-attachment":"scroll","background-type":"","background-media":"","overlay-type":"","overlay-color":"","overlay-opacity":"","overlay-gradient":""},"mobile":{"background-color":"","background-image":"","background-repeat":"repeat","background-position":"center center","background-size":"auto","background-attachment":"scroll","background-type":"","background-media":"","overlay-type":"","overlay-color":"","overlay-opacity":"","overlay-gradient":""}},"ast-content-background-meta":{"desktop":{"background-color":"var(--ast-global-color-5)","background-image":"","background-repeat":"repeat","background-position":"center center","background-size":"auto","background-attachment":"scroll","background-type":"","background-media":"","overlay-type":"","overlay-color":"","overlay-opacity":"","overlay-gradient":""},"tablet":{"background-color":"var(--ast-global-color-5)","background-image":"","background-repeat":"repeat","background-position":"center center","background-size":"auto","background-attachment":"scroll","background-type":"","background-media":"","overlay-type":"","overlay-color":"","overlay-opacity":"","overlay-gradient":""},"mobile":{"background-color":"var(--ast-global-color-5)","background-image":"","background-repeat":"repeat","background-position":"center center","background-size":"auto","background-attachment":"scroll","background-type":"","background-media":"","overlay-type":"","overlay-color":"","overlay-opacity":"","overlay-gradient":""}},"footnotes":""},"class_list":["post-2966","page","type-page","status-publish","has-post-thumbnail","hentry"],"yoast_head":"<!-- This site is optimized with the Yoast SEO plugin v26.0 - https:\/\/yoast.com\/wordpress\/plugins\/seo\/ -->\n<title>Ta k\u00f6rkort i Ume\u00e5 f\u00f6r personbil - Bj\u00f6rkstadens Trafikskola<\/title>\n<meta name=\"description\" content=\"Dags att ta k\u00f6rkort i Ume\u00e5 f\u00f6r personbil? V\u00e5r trafikskola g\u00f6r det l\u00e4tt f\u00f6r dig. Vi hj\u00e4lper dig fr\u00e5n start till slut!\" \/>\n<meta name=\"robots\" content=\"index, follow, max-snippet:-1, max-image-preview:large, max-video-preview:-1\" \/>\n<link rel=\"canonical\" href=\"https:\/\/bjorkstadenstrafikskola.com\/en\/take-a-cork-card-umea\/\" \/>\n<meta property=\"og:locale\" content=\"en_GB\" \/>\n<meta property=\"og:type\" content=\"article\" \/>\n<meta property=\"og:title\" content=\"Ta k\u00f6rkort i Ume\u00e5 f\u00f6r personbil - Bj\u00f6rkstadens Trafikskola\" \/>\n<meta property=\"og:description\" content=\"Dags att ta k\u00f6rkort i Ume\u00e5 f\u00f6r personbil? V\u00e5r trafikskola g\u00f6r det l\u00e4tt f\u00f6r dig. Vi hj\u00e4lper dig fr\u00e5n start till slut!\" \/>\n<meta property=\"og:url\" content=\"https:\/\/bjorkstadenstrafikskola.com\/en\/take-a-cork-card-umea\/\" \/>\n<meta property=\"og:site_name\" content=\"Bj\u00f6rkstadens Trafikskola\" \/>\n<meta property=\"article:modified_time\" content=\"2025-12-08T12:31:24+00:00\" \/>\n<meta property=\"og:image\" content=\"https:\/\/bjorkstadenstrafikskola.com\/wp-content\/uploads\/2024\/01\/trafikskola-ta-korkort-umea.jpg\" \/>\n\t<meta property=\"og:image:width\" content=\"1200\" \/>\n\t<meta property=\"og:image:height\" content=\"630\" \/>\n\t<meta property=\"og:image:type\" content=\"image\/jpeg\" \/>\n<meta name=\"twitter:card\" content=\"summary_large_image\" \/>\n<meta name=\"twitter:title\" content=\"Ta k\u00f6rkort i Ume\u00e5 f\u00f6r personbil - Bj\u00f6rkstadens Trafikskola\" \/>\n<meta name=\"twitter:description\" content=\"Dags att ta k\u00f6rkort i Ume\u00e5 f\u00f6r personbil? V\u00e5r trafikskola g\u00f6r det l\u00e4tt f\u00f6r dig. Vi hj\u00e4lper dig fr\u00e5n start till slut!\" \/>\n<meta name=\"twitter:image\" content=\"https:\/\/bjorkstadenstrafikskola.com\/wp-content\/uploads\/2024\/01\/trafikskola-ta-korkort-umea.jpg\" \/>\n<meta name=\"twitter:label1\" content=\"Estimated reading time\" \/>\n\t<meta name=\"twitter:data1\" content=\"2 minutes\" \/>\n<!-- \/ Yoast SEO plugin. -->","yoast_head_json":{"title":"Take a driving licence in Ume\u00e5 for a passenger car - Bj\u00f6rkstadens Trafikskola","description":"Time to get your driving licence in Ume\u00e5 for a passenger car? Our driving school makes it easy for you. We help you from start to finish!","robots":{"index":"index","follow":"follow","max-snippet":"max-snippet:-1","max-image-preview":"max-image-preview:large","max-video-preview":"max-video-preview:-1"},"canonical":"https:\/\/bjorkstadenstrafikskola.com\/en\/take-a-cork-card-umea\/","og_locale":"en_GB","og_type":"article","og_title":"Ta k\u00f6rkort i Ume\u00e5 f\u00f6r personbil - Bj\u00f6rkstadens Trafikskola","og_description":"Dags att ta k\u00f6rkort i Ume\u00e5 f\u00f6r personbil? V\u00e5r trafikskola g\u00f6r det l\u00e4tt f\u00f6r dig. Vi hj\u00e4lper dig fr\u00e5n start till slut!","og_url":"https:\/\/bjorkstadenstrafikskola.com\/en\/take-a-cork-card-umea\/","og_site_name":"Bj\u00f6rkstadens Trafikskola","article_modified_time":"2025-12-08T12:31:24+00:00","og_image":[{"width":1200,"height":630,"url":"https:\/\/bjorkstadenstrafikskola.com\/wp-content\/uploads\/2024\/01\/trafikskola-ta-korkort-umea.jpg","type":"image\/jpeg"}],"twitter_card":"summary_large_image","twitter_title":"Ta k\u00f6rkort i Ume\u00e5 f\u00f6r personbil - Bj\u00f6rkstadens Trafikskola","twitter_description":"Dags att ta k\u00f6rkort i Ume\u00e5 f\u00f6r personbil? V\u00e5r trafikskola g\u00f6r det l\u00e4tt f\u00f6r dig. Vi hj\u00e4lper dig fr\u00e5n start till slut!","twitter_image":"https:\/\/bjorkstadenstrafikskola.com\/wp-content\/uploads\/2024\/01\/trafikskola-ta-korkort-umea.jpg","twitter_misc":{"Estimated reading time":"2 minutes"},"schema":{"@context":"https:\/\/schema.org","@graph":[{"@type":"WebPage","@id":"https:\/\/bjorkstadenstrafikskola.com\/ta-korkort-umea\/","url":"https:\/\/bjorkstadenstrafikskola.com\/ta-korkort-umea\/","name":"Take a driving licence in Ume\u00e5 for a passenger car - Bj\u00f6rkstadens Trafikskola","isPartOf":{"@id":"https:\/\/bjorkstadenstrafikskola.com\/#website"},"primaryImageOfPage":{"@id":"https:\/\/bjorkstadenstrafikskola.com\/ta-korkort-umea\/#primaryimage"},"image":{"@id":"https:\/\/bjorkstadenstrafikskola.com\/ta-korkort-umea\/#primaryimage"},"thumbnailUrl":"https:\/\/bjorkstadenstrafikskola.com\/wp-content\/uploads\/2024\/01\/ta-korkort-umea.jpg","datePublished":"2024-01-24T13:10:08+00:00","dateModified":"2025-12-08T12:31:24+00:00","description":"Time to get your driving licence in Ume\u00e5 for a passenger car? Our driving school makes it easy for you. We help you from start to finish!","breadcrumb":{"@id":"https:\/\/bjorkstadenstrafikskola.com\/ta-korkort-umea\/#breadcrumb"},"inLanguage":"en-GB","potentialAction":[{"@type":"ReadAction","target":["https:\/\/bjorkstadenstrafikskola.com\/ta-korkort-umea\/"]}]},{"@type":"ImageObject","inLanguage":"en-GB","@id":"https:\/\/bjorkstadenstrafikskola.com\/ta-korkort-umea\/#primaryimage","url":"https:\/\/bjorkstadenstrafikskola.com\/wp-content\/uploads\/2024\/01\/ta-korkort-umea.jpg","contentUrl":"https:\/\/bjorkstadenstrafikskola.com\/wp-content\/uploads\/2024\/01\/ta-korkort-umea.jpg","width":640,"height":640,"caption":"Ta k\u00f6rkort i Ume\u00e5"},{"@type":"BreadcrumbList","@id":"https:\/\/bjorkstadenstrafikskola.com\/ta-korkort-umea\/#breadcrumb","itemListElement":[{"@type":"ListItem","position":1,"name":"Hem","item":"https:\/\/bjorkstadenstrafikskola.com\/"},{"@type":"ListItem","position":2,"name":"Ta k\u00f6rkort i Ume\u00e5"}]},{"@type":"WebSite","@id":"https:\/\/bjorkstadenstrafikskola.com\/#website","url":"https:\/\/bjorkstadenstrafikskola.com\/","name":"Bj\u00f6rkstaden Driving School","description":"Personalised driving lessons in Ume\u00e5","publisher":{"@id":"https:\/\/bjorkstadenstrafikskola.com\/#organization"},"potentialAction":[{"@type":"SearchAction","target":{"@type":"EntryPoint","urlTemplate":"https:\/\/bjorkstadenstrafikskola.com\/?s={search_term_string}"},"query-input":{"@type":"PropertyValueSpecification","valueRequired":true,"valueName":"search_term_string"}}],"inLanguage":"en-GB"},{"@type":"Organization","@id":"https:\/\/bjorkstadenstrafikskola.com\/#organization","name":"Bj\u00f6rkstaden Driving School","url":"https:\/\/bjorkstadenstrafikskola.com\/","logo":{"@type":"ImageObject","inLanguage":"en-GB","@id":"https:\/\/bjorkstadenstrafikskola.com\/#\/schema\/logo\/image\/","url":"https:\/\/bjorkstadenstrafikskola.com\/wp-content\/uploads\/2021\/10\/transpetant-60px.png","contentUrl":"https:\/\/bjorkstadenstrafikskola.com\/wp-content\/uploads\/2021\/10\/transpetant-60px.png","width":283,"height":60,"caption":"Bj\u00f6rkstadens Trafikskola"},"image":{"@id":"https:\/\/bjorkstadenstrafikskola.com\/#\/schema\/logo\/image\/"}}]}},"_links":{"self":[{"href":"https:\/\/bjorkstadenstrafikskola.com\/en\/wp-json\/wp\/v2\/pages\/2966","targetHints":{"allow":["GET"]}}],"collection":[{"href":"https:\/\/bjorkstadenstrafikskola.com\/en\/wp-json\/wp\/v2\/pages"}],"about":[{"href":"https:\/\/bjorkstadenstrafikskola.com\/en\/wp-json\/wp\/v2\/types\/page"}],"author":[{"embeddable":true,"href":"https:\/\/bjorkstadenstrafikskola.com\/en\/wp-json\/wp\/v2\/users\/3"}],"replies":[{"embeddable":true,"href":"https:\/\/bjorkstadenstrafikskola.com\/en\/wp-json\/wp\/v2\/comments?post=2966"}],"version-history":[{"count":26,"href":"https:\/\/bjorkstadenstrafikskola.com\/en\/wp-json\/wp\/v2\/pages\/2966\/revisions"}],"predecessor-version":[{"id":4565,"href":"https:\/\/bjorkstadenstrafikskola.com\/en\/wp-json\/wp\/v2\/pages\/2966\/revisions\/4565"}],"wp:featuredmedia":[{"embeddable":true,"href":"https:\/\/bjorkstadenstrafikskola.com\/en\/wp-json\/wp\/v2\/media\/2994"}],"wp:attachment":[{"href":"https:\/\/bjorkstadenstrafikskola.com\/en\/wp-json\/wp\/v2\/media?parent=2966"}],"curies":[{"name":"wp","href":"https:\/\/api.w.org\/{rel}","templated":true}]}}