{"id":24,"date":"2021-10-21T11:56:15","date_gmt":"2021-10-21T09:56:15","guid":{"rendered":"https:\/\/bjorkstadenstrafikskola.com\/?page_id=24"},"modified":"2025-05-22T09:09:04","modified_gmt":"2025-05-22T07:09:04","slug":"contact","status":"publish","type":"page","link":"https:\/\/bjorkstadenstrafikskola.com\/en\/contact\/","title":{"rendered":"Contact us"},"content":{"rendered":"<div data-elementor-type=\"wp-page\" data-elementor-id=\"24\" class=\"elementor elementor-24\" data-elementor-post-type=\"page\">\n\t\t\t\t\t\t<section class=\"elementor-section elementor-top-section elementor-element elementor-element-412cebc9 elementor-section-height-min-height elementor-section-boxed elementor-section-height-default elementor-section-items-middle\" data-id=\"412cebc9\" data-element_type=\"section\" data-settings=\"{&quot;background_background&quot;:&quot;classic&quot;}\">\n\t\t\t\t\t\t\t<div class=\"elementor-background-overlay\"><\/div>\n\t\t\t\t\t\t\t<div class=\"elementor-container elementor-column-gap-default\">\n\t\t\t\t\t<div class=\"elementor-column elementor-col-100 elementor-top-column elementor-element elementor-element-58b98f53\" data-id=\"58b98f53\" data-element_type=\"column\">\n\t\t\t<div class=\"elementor-widget-wrap elementor-element-populated\">\n\t\t\t\t\t\t<div class=\"elementor-element elementor-element-38477596 elementor-widget elementor-widget-heading\" data-id=\"38477596\" data-element_type=\"widget\" data-widget_type=\"heading.default\">\n\t\t\t\t<div class=\"elementor-widget-container\">\n\t\t\t\t\t<h1 class=\"elementor-heading-title elementor-size-default\">First step to a driving licence<\/h1>\t\t\t\t<\/div>\n\t\t\t\t<\/div>\n\t\t\t\t\t<\/div>\n\t\t<\/div>\n\t\t\t\t\t<\/div>\n\t\t<\/section>\n\t\t\t\t<section class=\"elementor-section elementor-top-section elementor-element elementor-element-05ada82 elementor-section-boxed elementor-section-height-default elementor-section-height-default\" data-id=\"05ada82\" data-element_type=\"section\">\n\t\t\t\t\t\t<div class=\"elementor-container elementor-column-gap-default\">\n\t\t\t\t\t<div class=\"elementor-column elementor-col-50 elementor-top-column elementor-element elementor-element-9d3c51e\" data-id=\"9d3c51e\" data-element_type=\"column\">\n\t\t\t<div class=\"elementor-widget-wrap elementor-element-populated\">\n\t\t\t\t\t\t<div class=\"elementor-element elementor-element-6844615 elementor-widget elementor-widget-heading\" data-id=\"6844615\" data-element_type=\"widget\" data-widget_type=\"heading.default\">\n\t\t\t\t<div class=\"elementor-widget-container\">\n\t\t\t\t\t<h2 class=\"elementor-heading-title elementor-size-default\">Contact us!<\/h2>\t\t\t\t<\/div>\n\t\t\t\t<\/div>\n\t\t\t\t<div class=\"elementor-element elementor-element-e18b91a elementor-widget-divider--view-line elementor-widget elementor-widget-divider\" data-id=\"e18b91a\" data-element_type=\"widget\" data-widget_type=\"divider.default\">\n\t\t\t\t<div class=\"elementor-widget-container\">\n\t\t\t\t\t\t\t<div class=\"elementor-divider\">\n\t\t\t<span class=\"elementor-divider-separator\">\n\t\t\t\t\t\t<\/span>\n\t\t<\/div>\n\t\t\t\t\t\t<\/div>\n\t\t\t\t<\/div>\n\t\t\t\t<div class=\"elementor-element elementor-element-5d7012d elementor-widget elementor-widget-text-editor\" data-id=\"5d7012d\" data-element_type=\"widget\" data-widget_type=\"text-editor.default\">\n\t\t\t\t<div class=\"elementor-widget-container\">\n\t\t\t\t\t\t\t\t\t<p>Send us your message via the form and we will usually reply within a few working days. Is it an urgent matter? Then call us, you will find the number below.<\/p>\t\t\t\t\t\t\t\t<\/div>\n\t\t\t\t<\/div>\n\t\t\t\t\t<\/div>\n\t\t<\/div>\n\t\t\t\t<div class=\"elementor-column elementor-col-50 elementor-top-column elementor-element elementor-element-17705bd\" data-id=\"17705bd\" data-element_type=\"column\" data-settings=\"{&quot;background_background&quot;:&quot;classic&quot;}\">\n\t\t\t<div class=\"elementor-widget-wrap elementor-element-populated\">\n\t\t\t\t\t\t<div class=\"elementor-element elementor-element-695b3b0 elementor-button-align-stretch elementor-widget elementor-widget-form\" data-id=\"695b3b0\" data-element_type=\"widget\" data-settings=\"{&quot;step_next_label&quot;:&quot;Next&quot;,&quot;step_previous_label&quot;:&quot;Previous&quot;,&quot;button_width&quot;:&quot;100&quot;,&quot;step_type&quot;:&quot;number_text&quot;,&quot;step_icon_shape&quot;:&quot;circle&quot;}\" data-widget_type=\"form.default\">\n\t\t\t\t<div class=\"elementor-widget-container\">\n\t\t\t\t\t\t\t<form class=\"elementor-form\" method=\"post\" name=\"New Form\" aria-label=\"New Form\" action=\"\">\n\t\t\t<input type=\"hidden\" name=\"post_id\" value=\"24\"\/>\n\t\t\t<input type=\"hidden\" name=\"form_id\" value=\"695b3b0\"\/>\n\t\t\t<input type=\"hidden\" name=\"referer_title\" value=\"Kontakt - Bj\u00f6rkstadens Trafikskola\" \/>\n\n\t\t\t\t\t\t\t<input type=\"hidden\" name=\"queried_id\" value=\"24\"\/>\n\t\t\t\n\t\t\t<div class=\"elementor-form-fields-wrapper elementor-labels-above\">\n\t\t\t\t\t\t\t\t<div class=\"elementor-field-type-text elementor-field-group elementor-column elementor-field-group-name elementor-col-50\">\n\t\t\t\t\t\t\t\t\t\t\t\t<label for=\"form-field-name\" class=\"elementor-field-label\">\n\t\t\t\t\t\t\t\tName\t\t\t\t\t\t\t<\/label>\n\t\t\t\t\t\t\t\t\t\t\t\t\t\t<input size=\"1\" type=\"text\" name=\"form_fields[name]\" id=\"form-field-name\" class=\"elementor-field elementor-size-sm  elementor-field-textual\" placeholder=\"Name\">\n\t\t\t\t\t\t\t\t\t\t\t<\/div>\n\t\t\t\t\t\t\t\t<div class=\"elementor-field-type-email elementor-field-group elementor-column elementor-field-group-email elementor-col-50 elementor-field-required\">\n\t\t\t\t\t\t\t\t\t\t\t\t<label for=\"form-field-email\" class=\"elementor-field-label\">\n\t\t\t\t\t\t\t\tEmail\t\t\t\t\t\t\t<\/label>\n\t\t\t\t\t\t\t\t\t\t\t\t\t\t<input size=\"1\" type=\"email\" name=\"form_fields[email]\" id=\"form-field-email\" class=\"elementor-field elementor-size-sm  elementor-field-textual\" placeholder=\"Email\" required=\"required\">\n\t\t\t\t\t\t\t\t\t\t\t<\/div>\n\t\t\t\t\t\t\t\t<div class=\"elementor-field-type-tel elementor-field-group elementor-column elementor-field-group-field_b16116f elementor-col-50 elementor-field-required\">\n\t\t\t\t\t\t\t\t\t\t\t\t<label for=\"form-field-field_b16116f\" class=\"elementor-field-label\">\n\t\t\t\t\t\t\t\tMobile Number\t\t\t\t\t\t\t<\/label>\n\t\t\t\t\t\t\t\t<input size=\"1\" type=\"tel\" name=\"form_fields[field_b16116f]\" id=\"form-field-field_b16116f\" class=\"elementor-field elementor-size-sm  elementor-field-textual\" placeholder=\"Mobile Number\" required=\"required\" pattern=\"[0-9()#&amp;+*-=.]+\" title=\"Mobile Number\" data-no-translation-title=\"\">\n\n\t\t\t\t\t\t<\/div>\n\t\t\t\t\t\t\t\t<div class=\"elementor-field-type-number elementor-field-group elementor-column elementor-field-group-field_4849c84 elementor-col-50\">\n\t\t\t\t\t\t\t\t\t\t\t\t<label for=\"form-field-field_4849c84\" class=\"elementor-field-label\">\n\t\t\t\t\t\t\t\tPersonal ID Number (optional)\t\t\t\t\t\t\t<\/label>\n\t\t\t\t\t\t\t\t\t<input type=\"number\" name=\"form_fields[field_4849c84]\" id=\"form-field-field_4849c84\" class=\"elementor-field elementor-size-sm  elementor-field-textual\" placeholder=\"Personal ID Number (optional)\" min=\"\" max=\"\" >\n\t\t\t\t\t\t<\/div>\n\t\t\t\t\t\t\t\t<div class=\"elementor-field-type-textarea elementor-field-group elementor-column elementor-field-group-message elementor-col-100\">\n\t\t\t\t\t\t\t\t\t\t\t\t<label for=\"form-field-message\" class=\"elementor-field-label\">\n\t\t\t\t\t\t\t\tMessage\t\t\t\t\t\t\t<\/label>\n\t\t\t\t\t\t<textarea class=\"elementor-field-textual elementor-field  elementor-size-sm\" name=\"form_fields[message]\" id=\"form-field-message\" rows=\"4\" placeholder=\"Message\"><\/textarea>\t\t\t\t<\/div>\n\t\t\t\t\t\t\t\t<div class=\"elementor-field-type-recaptcha_v3 elementor-field-group elementor-column elementor-field-group-field_19a46d4 elementor-col-100 recaptcha_v3-bottomright\">\n\t\t\t\t\t<div class=\"elementor-field\" id=\"form-field-field_19a46d4\"><div class=\"elementor-g-recaptcha\" data-sitekey=\"6Lcae24qAAAAAMdy9hLDrl9CelvihpAI3IPu8z7i\" data-type=\"v3\" data-action=\"Form\" data-badge=\"bottomright\" data-size=\"invisible\"><\/div><\/div>\t\t\t\t<\/div>\n\t\t\t\t\t\t\t\t<div class=\"elementor-field-group elementor-column elementor-field-type-submit elementor-col-100 e-form__buttons\">\n\t\t\t\t\t<button class=\"elementor-button elementor-size-sm\" type=\"submit\">\n\t\t\t\t\t\t<span class=\"elementor-button-content-wrapper\">\n\t\t\t\t\t\t\t\t\t\t\t\t\t\t\t\t\t\t\t\t\t\t<span class=\"elementor-button-text\">Send!<\/span>\n\t\t\t\t\t\t\t\t\t\t\t\t\t<\/span>\n\t\t\t\t\t<\/button>\n\t\t\t\t<\/div>\n\t\t\t<\/div>\n\t\t<input type=\"hidden\" name=\"trp-form-language\" value=\"en\"\/><\/form>\n\t\t\t\t\t\t<\/div>\n\t\t\t\t<\/div>\n\t\t\t\t\t<\/div>\n\t\t<\/div>\n\t\t\t\t\t<\/div>\n\t\t<\/section>\n\t\t\t\t<section class=\"elementor-section elementor-top-section elementor-element elementor-element-b55edb5 elementor-section-boxed elementor-section-height-default elementor-section-height-default\" data-id=\"b55edb5\" data-element_type=\"section\" data-settings=\"{&quot;background_background&quot;:&quot;classic&quot;}\">\n\t\t\t\t\t\t\t<div class=\"elementor-background-overlay\"><\/div>\n\t\t\t\t\t\t\t<div class=\"elementor-container elementor-column-gap-default\">\n\t\t\t\t\t<div class=\"elementor-column elementor-col-33 elementor-top-column elementor-element elementor-element-3faba3c\" data-id=\"3faba3c\" data-element_type=\"column\">\n\t\t\t<div class=\"elementor-widget-wrap elementor-element-populated\">\n\t\t\t\t\t\t<div class=\"elementor-element elementor-element-cbd5af9 elementor-widget elementor-widget-ucaddon_uc_svg_draw_animation\" data-id=\"cbd5af9\" data-element_type=\"widget\" data-widget_type=\"ucaddon_uc_svg_draw_animation.default\">\n\t\t\t\t<div class=\"elementor-widget-container\">\n\t\t\t\t\t\n<!-- start SVG Animation -->\n\t\t<link id='uc_ac_assets_file_uc_svg_draw_animation_css_251-css' href='https:\/\/bjorkstadenstrafikskola.com\/wp-content\/uploads\/ac_assets\/uc_svg_draw_animation\/uc-svg-draw-animation.css' type='text\/css' rel='stylesheet' >\n\n<style>\/* widget: SVG Animation *\/\n\n#uc_uc_svg_draw_animation_elementor_cbd5af9.uc-svg-draw-animation .uc-sda-content svg *{ stroke:#4E5936 !important; }\n\n<\/style>\n\n<div id=\"uc_uc_svg_draw_animation_elementor_cbd5af9\" class=\"uc-svg-draw-animation\" style=\"text-align:center;\">\n    \t<div class=\"uc-sda-content\">\n        \t <svg xmlns=\"http:\/\/www.w3.org\/2000\/svg\" height=\"64\" width=\"64\" viewbox=\"0 0 64 64\"><title>world<\/title><g stroke-linecap=\"round\" stroke-width=\"2\" fill=\"none\" stroke=\"#212121\" stroke-linejoin=\"round\" class=\"nc-icon-wrapper\"><path data-cap=\"butt\" d=\"M15.377,8.234c1.829,1.352,3.234,4.79,3.234,4.79a6.253,6.253,0,0,1,2.074,2.5,6.881,6.881,0,0,1,.027,3.3s1.4,4.112.742,5.266-3.461,1.894-3.461,1.894a5.4,5.4,0,0,1-3.543,2.554A3.32,3.32,0,0,0,11.319,32c0,2.225,2.224,5.849,2.224,5.849S15.85,38.977,16.18,39.8a12.585,12.585,0,0,1,.441,2.743s2.2,3.873.959,6.1c-.394.71-2.224,1.236-2.224,1.236L12.79,53.727\" stroke=\"#212121\"><\/path><path data-cap=\"butt\" d=\"M54.887,14.188a47.05,47.05,0,0,1-7.694,2.461s-3.577,3.982-5.925,3.652-4.737-2.965-4.737-2.965.164-4.861-.577-5.108S33.235,13.3,32,12.31s-.523-3.775-.523-3.775-2.69-.838-3.02-1.745.979-2.924,1.229-3.7\" stroke=\"#212121\"><\/path><path d=\"M53.256,33.9c.659,1.565-1.237,5.563-2.8,6.343A10.6,10.6,0,0,0,46.4,43.475c-.578.907-1.335,4.646-3.231,5.388s-6.387,4.969-8.775,4.31-2.39-6.343-.742-8.9c.984-1.525-.164-4.861-.247-6.015s-3.543-3.3-3.543-4.449c0-1.812,3.954-6.59,3.954-6.59s3.241-1.071,4.23-.824A15.012,15.012,0,0,1,40.9,27.8s3.707.329,5.108,1.071l1.9,1.73S52.6,32.33,53.256,33.9Z\" stroke=\"#212121\"><\/path><circle cx=\"32\" cy=\"32\" r=\"29\"><\/circle><\/g><\/svg>\n        <\/div>\n    <\/div>\n<!-- end SVG Animation -->\t\t\t\t<\/div>\n\t\t\t\t<\/div>\n\t\t\t\t<div class=\"elementor-element elementor-element-57ebe48 elementor-widget elementor-widget-icon-box\" data-id=\"57ebe48\" data-element_type=\"widget\" data-widget_type=\"icon-box.default\">\n\t\t\t\t<div class=\"elementor-widget-container\">\n\t\t\t\t\t\t\t<div class=\"elementor-icon-box-wrapper\">\n\n\t\t\t\n\t\t\t\t\t\t<div class=\"elementor-icon-box-content\">\n\n\t\t\t\t\t\t\t\t\t<h3 class=\"elementor-icon-box-title\">\n\t\t\t\t\t\t<a href=\"https:\/\/www.google.se\/maps\/place\/Bj%C3%B6rkstadens+Trafikskola\/@63.825557,20.295675,16z\/data=!4m5!3m4!1s0x467c5b1ccfcf6877:0x8affeb0cc4915286!8m2!3d63.825561!4d20.2957059?hl=sv&#038;shorturl=1\" >\n\t\t\t\t\t\t\tHow to find us\t\t\t\t\t\t<\/a>\n\t\t\t\t\t<\/h3>\n\t\t\t\t\n\t\t\t\t\t\t\t\t\t<p class=\"elementor-icon-box-description\">\n\t\t\t\t\t\tAxtorpsv\u00e4gen 5A\n903 37 Ume\u00e5, Sweden\t\t\t\t\t<\/p>\n\t\t\t\t\n\t\t\t<\/div>\n\t\t\t\n\t\t<\/div>\n\t\t\t\t\t\t<\/div>\n\t\t\t\t<\/div>\n\t\t\t\t\t<\/div>\n\t\t<\/div>\n\t\t\t\t<div class=\"elementor-column elementor-col-33 elementor-top-column elementor-element elementor-element-f557e1c\" data-id=\"f557e1c\" data-element_type=\"column\">\n\t\t\t<div class=\"elementor-widget-wrap elementor-element-populated\">\n\t\t\t\t\t\t<div class=\"elementor-element elementor-element-c760bcd elementor-widget elementor-widget-ucaddon_uc_svg_draw_animation\" data-id=\"c760bcd\" data-element_type=\"widget\" data-widget_type=\"ucaddon_uc_svg_draw_animation.default\">\n\t\t\t\t<div class=\"elementor-widget-container\">\n\t\t\t\t\t\n<!-- start SVG Animation -->\n\n<style>\/* widget: SVG Animation *\/\n\n#uc_uc_svg_draw_animation_elementor_c760bcd.uc-svg-draw-animation .uc-sda-content svg *{ stroke:#4E5936 !important; }\n\n<\/style>\n\n<div id=\"uc_uc_svg_draw_animation_elementor_c760bcd\" class=\"uc-svg-draw-animation\" style=\"text-align:center;\">\n    \t<div class=\"uc-sda-content\">\n        \t <svg xmlns=\"http:\/\/www.w3.org\/2000\/svg\" height=\"64\" width=\"64\" viewbox=\"0 0 64 64\"><title>phone call<\/title><g stroke-linecap=\"round\" stroke-width=\"2\" fill=\"none\" stroke=\"#212121\" stroke-linejoin=\"round\" class=\"nc-icon-wrapper\"><path d=\"M41.387,38.587l-4.564,5.7A48.167,48.167,0,0,1,19.709,27.179l5.705-4.564a3.877,3.877,0,0,0,1.12-4.6l-5.2-11.71a3.878,3.878,0,0,0-4.52-2.18l-9.9,2.568A3.9,3.9,0,0,0,4.037,11,57.521,57.521,0,0,0,53,59.963a3.9,3.9,0,0,0,4.307-2.877l2.568-9.9a3.881,3.881,0,0,0-2.179-4.52l-11.709-5.2A3.874,3.874,0,0,0,41.387,38.587Z\"><\/path><path d=\"M35,5A24,24,0,0,1,59,29\" stroke=\"#212121\"><\/path><path d=\"M47,29A12,12,0,0,0,35,17\" stroke=\"#212121\"><\/path><\/g><\/svg>\n        <\/div>\n    <\/div>\n<!-- end SVG Animation -->\t\t\t\t<\/div>\n\t\t\t\t<\/div>\n\t\t\t\t<div class=\"elementor-element elementor-element-fd1a958 elementor-widget elementor-widget-icon-box\" data-id=\"fd1a958\" data-element_type=\"widget\" data-widget_type=\"icon-box.default\">\n\t\t\t\t<div class=\"elementor-widget-container\">\n\t\t\t\t\t\t\t<div class=\"elementor-icon-box-wrapper\">\n\n\t\t\t\n\t\t\t\t\t\t<div class=\"elementor-icon-box-content\">\n\n\t\t\t\t\t\t\t\t\t<h3 class=\"elementor-icon-box-title\">\n\t\t\t\t\t\t<a href=\"tel:0707801315\" >\n\t\t\t\t\t\t\tCall us\t\t\t\t\t\t<\/a>\n\t\t\t\t\t<\/h3>\n\t\t\t\t\n\t\t\t\t\t\t\t\t\t<p class=\"elementor-icon-box-description\">\n\t\t\t\t\t\t070-7801315\t\t\t\t\t<\/p>\n\t\t\t\t\n\t\t\t<\/div>\n\t\t\t\n\t\t<\/div>\n\t\t\t\t\t\t<\/div>\n\t\t\t\t<\/div>\n\t\t\t\t\t<\/div>\n\t\t<\/div>\n\t\t\t\t<div class=\"elementor-column elementor-col-33 elementor-top-column elementor-element elementor-element-76d7571\" data-id=\"76d7571\" data-element_type=\"column\">\n\t\t\t<div class=\"elementor-widget-wrap elementor-element-populated\">\n\t\t\t\t\t\t<div class=\"elementor-element elementor-element-1b90677 elementor-widget elementor-widget-ucaddon_uc_svg_draw_animation\" data-id=\"1b90677\" data-element_type=\"widget\" data-widget_type=\"ucaddon_uc_svg_draw_animation.default\">\n\t\t\t\t<div class=\"elementor-widget-container\">\n\t\t\t\t\t\n<!-- start SVG Animation -->\n\n<style>\/* widget: SVG Animation *\/\n\n#uc_uc_svg_draw_animation_elementor_1b90677.uc-svg-draw-animation .uc-sda-content svg *{ stroke:#4E5936 !important; }\n\n<\/style>\n\n<div id=\"uc_uc_svg_draw_animation_elementor_1b90677\" class=\"uc-svg-draw-animation\" style=\"text-align:center;\">\n    \t<div class=\"uc-sda-content\">\n        \t <svg xmlns=\"http:\/\/www.w3.org\/2000\/svg\" height=\"64\" width=\"64\" viewbox=\"0 0 64 64\"><title>letter<\/title><g stroke-linecap=\"round\" stroke-width=\"2\" fill=\"none\" stroke=\"#212121\" stroke-linejoin=\"round\" class=\"nc-icon-wrapper\"><path d=\"M3,25V51a5,5,0,0,0,5,5H56a5,5,0,0,0,5-5V25\"><\/path><path d=\"M61,18V13a5,5,0,0,0-5-5H8a5,5,0,0,0-5,5v5L32,34Z\" stroke=\"#212121\"><\/path><\/g><\/svg>\n        <\/div>\n    <\/div>\n<!-- end SVG Animation -->\t\t\t\t<\/div>\n\t\t\t\t<\/div>\n\t\t\t\t<div class=\"elementor-element elementor-element-42a64ff elementor-widget elementor-widget-icon-box\" data-id=\"42a64ff\" data-element_type=\"widget\" data-widget_type=\"icon-box.default\">\n\t\t\t\t<div class=\"elementor-widget-container\">\n\t\t\t\t\t\t\t<div class=\"elementor-icon-box-wrapper\">\n\n\t\t\t\n\t\t\t\t\t\t<div class=\"elementor-icon-box-content\">\n\n\t\t\t\t\t\t\t\t\t<h3 class=\"elementor-icon-box-title\">\n\t\t\t\t\t\t<a href=\"mailto:kenneth@trafikskolanpaberghem.com\" >\n\t\t\t\t\t\t\tWrite to us\t\t\t\t\t\t<\/a>\n\t\t\t\t\t<\/h3>\n\t\t\t\t\n\t\t\t\t\t\t\t\t\t<p class=\"elementor-icon-box-description\">\n\t\t\t\t\t\tkenneth@trafikskolanpaberghem.com\t\t\t\t\t<\/p>\n\t\t\t\t\n\t\t\t<\/div>\n\t\t\t\n\t\t<\/div>\n\t\t\t\t\t\t<\/div>\n\t\t\t\t<\/div>\n\t\t\t\t\t<\/div>\n\t\t<\/div>\n\t\t\t\t\t<\/div>\n\t\t<\/section>\n\t\t\t\t<\/div>","protected":false},"excerpt":{"rendered":"<p>First step to a driving licence Contact us! Send us your message via the form, we usually reply within a few working days. Is it an urgent matter? Then call us, you will find the number below. world Find us Axtorpsv\u00e4gen 5A 903 37 Ume\u00e5 phone call Call us 070-7801315 letter Write to us kenneth@trafikskolanpaberghem.com<\/p>","protected":false},"author":1,"featured_media":0,"parent":0,"menu_order":0,"comment_status":"closed","ping_status":"closed","template":"","meta":{"site-sidebar-layout":"no-sidebar","site-content-layout":"page-builder","ast-site-content-layout":"full-width-container","site-content-style":"unboxed","site-sidebar-style":"unboxed","ast-global-header-display":"","ast-banner-title-visibility":"","ast-main-header-display":"","ast-hfb-above-header-display":"","ast-hfb-below-header-display":"","ast-hfb-mobile-header-display":"","site-post-title":"disabled","ast-breadcrumbs-content":"","ast-featured-img":"disabled","footer-sml-layout":"","theme-transparent-header-meta":"default","adv-header-id-meta":"","stick-header-meta":"","header-above-stick-meta":"","header-main-stick-meta":"","header-below-stick-meta":"","astra-migrate-meta-layouts":"set","ast-page-background-enabled":"default","ast-page-background-meta":{"desktop":{"background-color":"var(--ast-global-color-4)","background-image":"","background-repeat":"repeat","background-position":"center center","background-size":"auto","background-attachment":"scroll","background-type":"","background-media":"","overlay-type":"","overlay-color":"","overlay-opacity":"","overlay-gradient":""},"tablet":{"background-color":"","background-image":"","background-repeat":"repeat","background-position":"center center","background-size":"auto","background-attachment":"scroll","background-type":"","background-media":"","overlay-type":"","overlay-color":"","overlay-opacity":"","overlay-gradient":""},"mobile":{"background-color":"","background-image":"","background-repeat":"repeat","background-position":"center center","background-size":"auto","background-attachment":"scroll","background-type":"","background-media":"","overlay-type":"","overlay-color":"","overlay-opacity":"","overlay-gradient":""}},"ast-content-background-meta":{"desktop":{"background-color":"var(--ast-global-color-5)","background-image":"","background-repeat":"repeat","background-position":"center center","background-size":"auto","background-attachment":"scroll","background-type":"","background-media":"","overlay-type":"","overlay-color":"","overlay-opacity":"","overlay-gradient":""},"tablet":{"background-color":"var(--ast-global-color-5)","background-image":"","background-repeat":"repeat","background-position":"center center","background-size":"auto","background-attachment":"scroll","background-type":"","background-media":"","overlay-type":"","overlay-color":"","overlay-opacity":"","overlay-gradient":""},"mobile":{"background-color":"var(--ast-global-color-5)","background-image":"","background-repeat":"repeat","background-position":"center center","background-size":"auto","background-attachment":"scroll","background-type":"","background-media":"","overlay-type":"","overlay-color":"","overlay-opacity":"","overlay-gradient":""}},"footnotes":""},"class_list":["post-24","page","type-page","status-publish","hentry"],"yoast_head":"<!-- This site is optimized with the Yoast SEO plugin v26.0 - https:\/\/yoast.com\/wordpress\/plugins\/seo\/ -->\n<title>Kontakt - Bj\u00f6rkstadens Trafikskola<\/title>\n<meta name=\"description\" content=\"Ta f\u00f6rsta steget och kontakta oss f\u00f6r mer information. Skicka in ditt meddelande via formul\u00e4ret, vi svarar oftast inom ett par arbetsdagar. \u00c4r det br\u00e5dskande? Ring d\u00e5 in till oss.\" \/>\n<meta name=\"robots\" content=\"index, follow, max-snippet:-1, max-image-preview:large, max-video-preview:-1\" \/>\n<link rel=\"canonical\" href=\"https:\/\/bjorkstadenstrafikskola.com\/en\/contact\/\" \/>\n<meta property=\"og:locale\" content=\"en_GB\" \/>\n<meta property=\"og:type\" content=\"article\" \/>\n<meta property=\"og:title\" content=\"Kontakt - Bj\u00f6rkstadens Trafikskola\" \/>\n<meta property=\"og:description\" content=\"Ta f\u00f6rsta steget och kontakta oss f\u00f6r mer information. Skicka in ditt meddelande via formul\u00e4ret, vi svarar oftast inom ett par arbetsdagar. \u00c4r det br\u00e5dskande? Ring d\u00e5 in till oss.\" \/>\n<meta property=\"og:url\" content=\"https:\/\/bjorkstadenstrafikskola.com\/en\/contact\/\" \/>\n<meta property=\"og:site_name\" content=\"Bj\u00f6rkstadens Trafikskola\" \/>\n<meta property=\"article:modified_time\" content=\"2025-05-22T07:09:04+00:00\" \/>\n<meta name=\"twitter:card\" content=\"summary_large_image\" \/>\n<meta name=\"twitter:label1\" content=\"Estimated reading time\" \/>\n\t<meta name=\"twitter:data1\" content=\"1 minute\" \/>\n<!-- \/ Yoast SEO plugin. -->","yoast_head_json":{"title":"Contact - Bj\u00f6rkstadens Trafikskola","description":"Take the first step and contact us for more information. Submit your message via the form, we usually respond within a couple of working days. Is it urgent? Then give us a call.","robots":{"index":"index","follow":"follow","max-snippet":"max-snippet:-1","max-image-preview":"max-image-preview:large","max-video-preview":"max-video-preview:-1"},"canonical":"https:\/\/bjorkstadenstrafikskola.com\/en\/contact\/","og_locale":"en_GB","og_type":"article","og_title":"Kontakt - Bj\u00f6rkstadens Trafikskola","og_description":"Ta f\u00f6rsta steget och kontakta oss f\u00f6r mer information. Skicka in ditt meddelande via formul\u00e4ret, vi svarar oftast inom ett par arbetsdagar. \u00c4r det br\u00e5dskande? Ring d\u00e5 in till oss.","og_url":"https:\/\/bjorkstadenstrafikskola.com\/en\/contact\/","og_site_name":"Bj\u00f6rkstadens Trafikskola","article_modified_time":"2025-05-22T07:09:04+00:00","twitter_card":"summary_large_image","twitter_misc":{"Estimated reading time":"1 minute"},"schema":{"@context":"https:\/\/schema.org","@graph":[{"@type":"WebPage","@id":"https:\/\/bjorkstadenstrafikskola.com\/kontakt\/","url":"https:\/\/bjorkstadenstrafikskola.com\/kontakt\/","name":"Contact - Bj\u00f6rkstadens Trafikskola","isPartOf":{"@id":"https:\/\/bjorkstadenstrafikskola.com\/#website"},"datePublished":"2021-10-21T09:56:15+00:00","dateModified":"2025-05-22T07:09:04+00:00","description":"Take the first step and contact us for more information. Submit your message via the form, we usually respond within a couple of working days. Is it urgent? Then give us a call.","breadcrumb":{"@id":"https:\/\/bjorkstadenstrafikskola.com\/kontakt\/#breadcrumb"},"inLanguage":"en-GB","potentialAction":[{"@type":"ReadAction","target":["https:\/\/bjorkstadenstrafikskola.com\/kontakt\/"]}]},{"@type":"BreadcrumbList","@id":"https:\/\/bjorkstadenstrafikskola.com\/kontakt\/#breadcrumb","itemListElement":[{"@type":"ListItem","position":1,"name":"Hem","item":"https:\/\/bjorkstadenstrafikskola.com\/"},{"@type":"ListItem","position":2,"name":"Kontakt"}]},{"@type":"WebSite","@id":"https:\/\/bjorkstadenstrafikskola.com\/#website","url":"https:\/\/bjorkstadenstrafikskola.com\/","name":"Bj\u00f6rkstaden Driving School","description":"Personalised driving lessons in Ume\u00e5","publisher":{"@id":"https:\/\/bjorkstadenstrafikskola.com\/#organization"},"potentialAction":[{"@type":"SearchAction","target":{"@type":"EntryPoint","urlTemplate":"https:\/\/bjorkstadenstrafikskola.com\/?s={search_term_string}"},"query-input":{"@type":"PropertyValueSpecification","valueRequired":true,"valueName":"search_term_string"}}],"inLanguage":"en-GB"},{"@type":"Organization","@id":"https:\/\/bjorkstadenstrafikskola.com\/#organization","name":"Bj\u00f6rkstaden Driving School","url":"https:\/\/bjorkstadenstrafikskola.com\/","logo":{"@type":"ImageObject","inLanguage":"en-GB","@id":"https:\/\/bjorkstadenstrafikskola.com\/#\/schema\/logo\/image\/","url":"https:\/\/bjorkstadenstrafikskola.com\/wp-content\/uploads\/2021\/10\/transpetant-60px.png","contentUrl":"https:\/\/bjorkstadenstrafikskola.com\/wp-content\/uploads\/2021\/10\/transpetant-60px.png","width":283,"height":60,"caption":"Bj\u00f6rkstadens Trafikskola"},"image":{"@id":"https:\/\/bjorkstadenstrafikskola.com\/#\/schema\/logo\/image\/"}}]}},"_links":{"self":[{"href":"https:\/\/bjorkstadenstrafikskola.com\/en\/wp-json\/wp\/v2\/pages\/24","targetHints":{"allow":["GET"]}}],"collection":[{"href":"https:\/\/bjorkstadenstrafikskola.com\/en\/wp-json\/wp\/v2\/pages"}],"about":[{"href":"https:\/\/bjorkstadenstrafikskola.com\/en\/wp-json\/wp\/v2\/types\/page"}],"author":[{"embeddable":true,"href":"https:\/\/bjorkstadenstrafikskola.com\/en\/wp-json\/wp\/v2\/users\/1"}],"replies":[{"embeddable":true,"href":"https:\/\/bjorkstadenstrafikskola.com\/en\/wp-json\/wp\/v2\/comments?post=24"}],"version-history":[{"count":57,"href":"https:\/\/bjorkstadenstrafikskola.com\/en\/wp-json\/wp\/v2\/pages\/24\/revisions"}],"predecessor-version":[{"id":4379,"href":"https:\/\/bjorkstadenstrafikskola.com\/en\/wp-json\/wp\/v2\/pages\/24\/revisions\/4379"}],"wp:attachment":[{"href":"https:\/\/bjorkstadenstrafikskola.com\/en\/wp-json\/wp\/v2\/media?parent=24"}],"curies":[{"name":"wp","href":"https:\/\/api.w.org\/{rel}","templated":true}]}}